{"id":6353,"date":"2024-01-03T14:19:51","date_gmt":"2024-01-03T13:19:51","guid":{"rendered":"http:\/\/www.mediazionelinguistica.it\/?page_id=6353"},"modified":"2024-01-03T14:19:51","modified_gmt":"2024-01-03T13:19:51","slug":"2diritto-e-ordinamenti-dellunione-europea","status":"publish","type":"page","link":"https:\/\/www.mediazionelinguistica.it\/en\/2diritto-e-ordinamenti-dellunione-europea\/","title":{"rendered":"Diritto e Ordinamenti dell\u2019Unione Europea"},"content":{"rendered":"[vc_row type=&#8221;full_width_background&#8221; full_screen_row_position=&#8221;middle&#8221; column_margin=&#8221;default&#8221; column_direction=&#8221;default&#8221; column_direction_tablet=&#8221;default&#8221; column_direction_phone=&#8221;default&#8221; bg_color=&#8221;#7f2d42&#8243; bg_image=&#8221;2472&#8243; bg_position=&#8221;left top&#8221; background_image_loading=&#8221;default&#8221; bg_repeat=&#8221;no-repeat&#8221; scene_position=&#8221;center&#8221; top_padding=&#8221;9%&#8221; constrain_group_1=&#8221;yes&#8221; bottom_padding=&#8221;9%&#8221; text_color=&#8221;light&#8221; text_align=&#8221;left&#8221; row_border_radius=&#8221;none&#8221; row_border_radius_applies=&#8221;bg&#8221; overflow=&#8221;visible&#8221; advanced_gradient_angle=&#8221;0&#8243; overlay_strength=&#8221;0.3&#8243; gradient_direction=&#8221;left_to_right&#8221; shape_divider_position=&#8221;bottom&#8221; bg_image_animation=&#8221;none&#8221; gradient_type=&#8221;default&#8221; shape_type=&#8221;&#8221;][vc_column column_padding=&#8221;no-extra-padding&#8221; column_padding_tablet=&#8221;inherit&#8221; column_padding_phone=&#8221;inherit&#8221; column_padding_position=&#8221;all&#8221; column_element_spacing=&#8221;default&#8221; background_color_opacity=&#8221;1&#8243; background_hover_color_opacity=&#8221;1&#8243; column_shadow=&#8221;none&#8221; column_border_radius=&#8221;none&#8221; column_link_target=&#8221;_self&#8221; column_position=&#8221;default&#8221; gradient_direction=&#8221;left_to_right&#8221; overlay_strength=&#8221;0.3&#8243; width=&#8221;1\/5&#8243; tablet_width_inherit=&#8221;default&#8221; tablet_text_alignment=&#8221;default&#8221; phone_text_alignment=&#8221;default&#8221; animation_type=&#8221;default&#8221; bg_image_animation=&#8221;none&#8221; border_type=&#8221;simple&#8221; column_border_width=&#8221;none&#8221; column_border_style=&#8221;solid&#8221;][\/vc_column][vc_column column_padding=&#8221;no-extra-padding&#8221; column_padding_tablet=&#8221;inherit&#8221; column_padding_phone=&#8221;inherit&#8221; column_padding_position=&#8221;all&#8221; column_element_spacing=&#8221;default&#8221; background_color_opacity=&#8221;1&#8243; background_hover_color_opacity=&#8221;1&#8243; column_shadow=&#8221;none&#8221; column_border_radius=&#8221;none&#8221; column_link_target=&#8221;_self&#8221; column_position=&#8221;default&#8221; gradient_direction=&#8221;left_to_right&#8221; overlay_strength=&#8221;0.3&#8243; width=&#8221;3\/5&#8243; tablet_width_inherit=&#8221;default&#8221; tablet_text_alignment=&#8221;default&#8221; phone_text_alignment=&#8221;default&#8221; animation_type=&#8221;default&#8221; bg_image_animation=&#8221;none&#8221; border_type=&#8221;simple&#8221; column_border_width=&#8221;none&#8221; column_border_style=&#8221;solid&#8221;][vc_column_text]\n<h1>Diritto e Ordinamenti dell\u2019Unione Europea<\/h1>\n[\/vc_column_text][vc_column_text]\n<h2>Laurea Triennale in Scienze della Mediazione Linguistica<\/h2>\n[\/vc_column_text]<div class=\"nectar-fancy-ul\" data-list-icon=\"icon-salient-thin-line\" data-animation=\"false\" data-animation-delay=\"0\" data-color=\"extra-color-1\" data-spacing=\"default\" data-alignment=\"left\"> \n<ul>\n<li>\n<h3>II anno<\/h3>\n<\/li>\n<li>\n<h3>Insegnamento Semestrale<\/h3>\n<\/li>\n<li>\n<h3>In Lingua Italiana<\/h3>\n<\/li>\n<li>\n<h3>20 ore accademiche<\/h3>\n<\/li>\n<li>\n<h3>3 CFM<\/h3>\n<\/li>\n<\/ul>\n <\/div>[\/vc_column][vc_column column_padding=&#8221;no-extra-padding&#8221; column_padding_tablet=&#8221;inherit&#8221; column_padding_phone=&#8221;inherit&#8221; column_padding_position=&#8221;all&#8221; column_element_spacing=&#8221;default&#8221; background_color_opacity=&#8221;1&#8243; background_hover_color_opacity=&#8221;1&#8243; column_shadow=&#8221;none&#8221; column_border_radius=&#8221;none&#8221; column_link_target=&#8221;_self&#8221; column_position=&#8221;default&#8221; gradient_direction=&#8221;left_to_right&#8221; overlay_strength=&#8221;0.3&#8243; width=&#8221;1\/5&#8243; tablet_width_inherit=&#8221;default&#8221; tablet_text_alignment=&#8221;default&#8221; phone_text_alignment=&#8221;default&#8221; animation_type=&#8221;default&#8221; bg_image_animation=&#8221;none&#8221; border_type=&#8221;simple&#8221; column_border_width=&#8221;none&#8221; column_border_style=&#8221;solid&#8221;][\/vc_column][\/vc_row][vc_row type=&#8221;in_container&#8221; full_screen_row_position=&#8221;middle&#8221; column_margin=&#8221;default&#8221; column_direction=&#8221;default&#8221; column_direction_tablet=&#8221;default&#8221; column_direction_phone=&#8221;default&#8221; scene_position=&#8221;center&#8221; text_color=&#8221;dark&#8221; text_align=&#8221;left&#8221; row_border_radius=&#8221;none&#8221; row_border_radius_applies=&#8221;bg&#8221; overflow=&#8221;visible&#8221; overlay_strength=&#8221;0.3&#8243; gradient_direction=&#8221;left_to_right&#8221; shape_divider_position=&#8221;bottom&#8221; bg_image_animation=&#8221;none&#8221;][vc_column column_padding=&#8221;no-extra-padding&#8221; column_padding_tablet=&#8221;inherit&#8221; column_padding_phone=&#8221;inherit&#8221; column_padding_position=&#8221;all&#8221; column_element_spacing=&#8221;default&#8221; background_color_opacity=&#8221;1&#8243; background_hover_color_opacity=&#8221;1&#8243; column_shadow=&#8221;none&#8221; column_border_radius=&#8221;none&#8221; column_link_target=&#8221;_self&#8221; column_position=&#8221;default&#8221; gradient_direction=&#8221;left_to_right&#8221; overlay_strength=&#8221;0.3&#8243; width=&#8221;1\/1&#8243; tablet_width_inherit=&#8221;default&#8221; tablet_text_alignment=&#8221;default&#8221; phone_text_alignment=&#8221;default&#8221; animation_type=&#8221;default&#8221; bg_image_animation=&#8221;none&#8221; border_type=&#8221;simple&#8221; column_border_width=&#8221;none&#8221; column_border_style=&#8221;solid&#8221;][toggles style=&#8221;minimal&#8221;][toggle color=&#8221;Default&#8221; title=&#8221;Presentazione dell&#8217;Insegnamento&#8221;][vc_column_text]Il percorso che viene compiuto assieme agli studenti, tenuto conto del background e delle specifiche aspirazioni, serve a dare una visione dinamica di come le diverse realt\u00e0 sociali, politiche del continente si sono avvicinate e relazionate fra loro, costruendo le strutture che adesso conosciamo e dandosi delle leggi. Si cercher\u00e0 di analizzare il funzionamento e gli organismi dell&#8217; Unione Europea, con una speciale attenzione alla nascita delle leggi. A tal proposito, si affronter\u00e0 in maniera di laboratorio il sistema di intelligenza artificiale ed il suo utilizzo.[\/vc_column_text][\/toggle][toggle color=&#8221;Default&#8221; title=&#8221;Obiettivi Formativi&#8221;][vc_column_text]Gli obiettivi sono quelli di permettere a chi seguir\u00e0 il corso di orientarsi nel sistema dell&#8217; Unione Europea, con una conoscenza che sia spendibile lavorativamente sia per le Istituzioni che per tutti i soggetti che con l&#8217; UE o con le sue normative si interfacciano.[\/vc_column_text][\/toggle][toggle color=&#8221;Default&#8221; title=&#8221;Programma&#8221;][vc_column_text]Storia Le motivazioni ed il background storico politico: la fine della seconda guerra mondiale, gli Stati Uniti d\u2019America, il c.d. \u201cPiano Marshall\u201d, ed il confronto con il blocco sovietico: cenni sul Patto di Varsavia e sui Paesi Satellite dell\u2019 Europa dell\u2019Est Un\u2019 Europa occidentale di natura \u201ceconomica\u201d : il Trattato Comunit\u00e0 Europea del Carbone ed Acciaio, il tentativo di Comunit\u00e0 Politica Europea e di Comunit\u00e0 Europea di Difesa Parte Istituzionale Le fonti primarie, il loro valore ed evoluzione: dai Trattati di Roma, fino al Trattato di Lisbona, attraverso l\u2019Atto Unico Europeo, il Trattato di Nizza, il Trattato di Amsterdam. Il valore della \u201cCarta di Nizza; lettura comparativa con i valori della CEDU. Analisi delle peculiarit\u00e0 dei singoli Trattati e delle modifiche apportate da ognuno di essi. Il procedimento ex artt. 49 e 50 per l\u2019ammissione all\u2019 Unione Europea, ed il caso Brexit. L\u2019 Europa ed il sistema delle Istituzioni: introduzione alle diverse istituzioni. Focus su evoluzione, ratio, composizione, funzionamento ed interazione di: Consiglio Europeo, Parlamento Europeo, Commissione, Consiglio dell\u2019 Unione Europea, Alto Commissario. Cenni sul Consiglio d\u2019Europa. I procedimenti legislativi: evoluzione e tipologie, con analisi dettagliata del procedimento legislativo ordinario. Le fondi secondarie: introduzione e analisi dettagliata dei Regolamenti, delle Direttive e delle Decisioni. Caratteristiche, struttura ed esempi. Il potere giurisdizionale in Europa: la Corte di Giustizia dell\u2019 Unione Europea. Breve analisi storico-evolutiva, la composizione, competenza, e dinamica attuale del Tribunale e della Corte di Giustizia. Cenni sui procedimenti : analisi dettagliata della struttura, motivazione e dinamica del ricorso in carenza, del ricorso per infrazione e del rinvio pregiudiziale. Parte sostanziale I valori fondamentali dell\u2019 Unione Europea e la loro evoluzione: da diritti e libert\u00e0 finalizzate al progresso dell\u2019economia fino all\u2019attuale scenario ed architettura, in comparazione con la CEDU. Dalla libert\u00e0 di circolazione e stabilimento fino ai nuovi valori e diritti: diritto alla privacy, diritto all\u2019informazione. L\u2019integrazione complessa fra sistemi diversi: L\u2019amministrazione nazionale in rapporto all\u2019Unione Europea; i valori costituzionali nazionali e i diritti fondamentali comunitari. Laboratorio sull\u2019 intelligenza artificiale. Come nasce una nuova legge grazie all\u2019 AI.[\/vc_column_text][\/toggle][toggle color=&#8221;Default&#8221; title=&#8221;Bibliografia\/Materiale Didattico&#8221;][vc_column_text]Oltre alle slide di riferimento, il materiale consegnato a lezione \u00e8 : Borchardt, Klaus-Dieter. L\u2019ABC del diritto dell\u2019 Unione Europea, Edizioni Commissione Europea 2016 AA.VV. La mia Unione Europea, Edizioni Commissione Europea, 2020 Per chi volesse approfondire, i testi la cui metodologia ho utilizzato per preparare le lezioni sono: Parte Istituzionale: Draetta Ugo, Elementi di diritto dell&#8217;Unione Europea. Parte istituzionale. Ordinamento e struttura dell&#8217;Unione Europea. Giuffr\u00e8 2020 Parte sostanziale: Draetta Ugo, Elementi di diritto dell&#8217;Unione Europea. Parte speciale &#8211; diritto sostanziale. Giuffr\u00e8 2020. Scoca Franco, Diritto Amministrativo. Giappichelli Editore 2021. Gli anni di pubblicazione hanno valore indicativo, al netto del rilascio di nuove edizioni.[\/vc_column_text][\/toggle][\/toggles][\/vc_column][\/vc_row]\n","protected":false},"excerpt":{"rendered":"<p>[vc_row type=&#8221;full_width_background&#8221; full_screen_row_position=&#8221;middle&#8221; column_margin=&#8221;default&#8221; column_direction=&#8221;default&#8221; column_direction_tablet=&#8221;default&#8221; column_direction_phone=&#8221;default&#8221; bg_color=&#8221;#7f2d42&#8243; bg_image=&#8221;2472&#8243; bg_position=&#8221;left top&#8221; background_image_loading=&#8221;default&#8221; bg_repeat=&#8221;no-repeat&#8221; scene_position=&#8221;center&#8221; top_padding=&#8221;9%&#8221; constrain_group_1=&#8221;yes&#8221; bottom_padding=&#8221;9%&#8221; text_color=&#8221;light&#8221; text_align=&#8221;left&#8221; row_border_radius=&#8221;none&#8221; row_border_radius_applies=&#8221;bg&#8221; overflow=&#8221;visible&#8221; advanced_gradient_angle=&#8221;0&#8243; overlay_strength=&#8221;0.3&#8243; gradient_direction=&#8221;left_to_right&#8221; shape_divider_position=&#8221;bottom&#8221; bg_image_animation=&#8221;none&#8221; gradient_type=&#8221;default&#8221; shape_type=&#8221;&#8221;][vc_column column_padding=&#8221;no-extra-padding&#8221;&#8230;<\/p>\n","protected":false},"author":7,"featured_media":0,"parent":0,"menu_order":0,"comment_status":"closed","ping_status":"closed","template":"","meta":{"content-type":"","slim_seo":{"title":"Diritto e Ordinamenti dell\u2019Unione Europea - Scuola Superiore per Mediatori Linguistici di Pisa","description":"[vc_row type=\"full_width_background\" full_screen_row_position=\"middle\" column_margin=\"default\" column_direction=\"default\" column_direction_tablet=\"default\" colu"},"footnotes":""},"class_list":["post-6353","page","type-page","status-publish"],"yoast_head":"<!-- This site is optimized with the Yoast SEO plugin v24.9 - https:\/\/yoast.com\/wordpress\/plugins\/seo\/ -->\n<title>Diritto e Ordinamenti Unione Europea - SSML di Pisa<\/title>\n<meta name=\"description\" content=\"Diritto e Ordinamenti Unione Europea, il corso si propone di fornire una visione storica dell&#039;evoluzione dell&#039; Europa, motivi storici ed economici\" \/>\n<meta name=\"robots\" content=\"index, follow, max-snippet:-1, max-image-preview:large, max-video-preview:-1\" \/>\n<link rel=\"canonical\" href=\"https:\/\/www.mediazionelinguistica.it\/en\/2diritto-e-ordinamenti-dellunione-europea\/\" \/>\n<meta property=\"og:locale\" content=\"en_US\" \/>\n<meta property=\"og:type\" content=\"article\" \/>\n<meta property=\"og:title\" content=\"Diritto e Ordinamenti dell\u2019Unione Europea - SSML di Pisa\" \/>\n<meta property=\"og:description\" content=\"Diritto e Ordinamenti dell\u2019Unione Europea, il corso si propone di fornire una visione storica dell&#039;evoluzione dell&#039; Europa, motivi storici ed economici\" \/>\n<meta property=\"og:url\" content=\"https:\/\/www.mediazionelinguistica.it\/en\/2diritto-e-ordinamenti-dellunione-europea\/\" \/>\n<meta property=\"og:site_name\" content=\"Scuola Superiore per Mediatori Linguistici di Pisa\" \/>\n<meta property=\"article:publisher\" content=\"https:\/\/www.facebook.com\/Ssmlpisa\" \/>\n<meta name=\"twitter:card\" content=\"summary_large_image\" \/>\n<meta name=\"twitter:title\" content=\"Diritto e Ordinamenti dell\u2019Unione Europea - SSML di Pisa\" \/>\n<meta name=\"twitter:description\" content=\"Diritto e Ordinamenti dell\u2019Unione Europea, il corso si propone di fornire una visione storica dell&#039;evoluzione dell&#039; Europa, motivi storici ed economici\" \/>\n<meta name=\"twitter:label1\" content=\"Est. reading time\" \/>\n\t<meta name=\"twitter:data1\" content=\"4 minutes\" \/>\n<script type=\"application\/ld+json\" class=\"yoast-schema-graph\">{\"@context\":\"https:\/\/schema.org\",\"@graph\":[{\"@type\":\"WebPage\",\"@id\":\"https:\/\/www.mediazionelinguistica.it\/en\/2diritto-e-ordinamenti-dellunione-europea\/\",\"url\":\"https:\/\/www.mediazionelinguistica.it\/en\/2diritto-e-ordinamenti-dellunione-europea\/\",\"name\":\"Diritto e Ordinamenti Unione Europea - SSML di Pisa\",\"isPartOf\":{\"@id\":\"https:\/\/www.mediazionelinguistica.it\/#website\"},\"datePublished\":\"2024-01-03T13:19:51+00:00\",\"description\":\"Diritto e Ordinamenti Unione Europea, il corso si propone di fornire una visione storica dell'evoluzione dell' Europa, motivi storici ed economici\",\"breadcrumb\":{\"@id\":\"https:\/\/www.mediazionelinguistica.it\/en\/2diritto-e-ordinamenti-dellunione-europea\/#breadcrumb\"},\"inLanguage\":\"en-US\",\"potentialAction\":[{\"@type\":\"ReadAction\",\"target\":[\"https:\/\/www.mediazionelinguistica.it\/en\/2diritto-e-ordinamenti-dellunione-europea\/\"]}]},{\"@type\":\"BreadcrumbList\",\"@id\":\"https:\/\/www.mediazionelinguistica.it\/en\/2diritto-e-ordinamenti-dellunione-europea\/#breadcrumb\",\"itemListElement\":[{\"@type\":\"ListItem\",\"position\":1,\"name\":\"Home\",\"item\":\"https:\/\/www.mediazionelinguistica.it\/en\/\"},{\"@type\":\"ListItem\",\"position\":2,\"name\":\"Diritto e Ordinamenti dell\u2019Unione Europea\"}]},{\"@type\":\"WebSite\",\"@id\":\"https:\/\/www.mediazionelinguistica.it\/#website\",\"url\":\"https:\/\/www.mediazionelinguistica.it\/\",\"name\":\"Scuola Superiore per Mediatori Linguistici di Pisa\",\"description\":\"Corso Laurea triennale e magistrale mediazione linguistica\",\"publisher\":{\"@id\":\"https:\/\/www.mediazionelinguistica.it\/#organization\"},\"potentialAction\":[{\"@type\":\"SearchAction\",\"target\":{\"@type\":\"EntryPoint\",\"urlTemplate\":\"https:\/\/www.mediazionelinguistica.it\/?s={search_term_string}\"},\"query-input\":{\"@type\":\"PropertyValueSpecification\",\"valueRequired\":true,\"valueName\":\"search_term_string\"}}],\"inLanguage\":\"en-US\"},{\"@type\":\"Organization\",\"@id\":\"https:\/\/www.mediazionelinguistica.it\/#organization\",\"name\":\"Scuola Superiore per Mediatori Linguistici di Pisa\",\"url\":\"https:\/\/www.mediazionelinguistica.it\/\",\"logo\":{\"@type\":\"ImageObject\",\"inLanguage\":\"en-US\",\"@id\":\"https:\/\/www.mediazionelinguistica.it\/#\/schema\/logo\/image\/\",\"url\":\"http:\/\/www.mediazionelinguistica.it\/wp-content\/uploads\/2023\/05\/cropped-Logo-SSML-2023_sfondo-trasparente.png\",\"contentUrl\":\"http:\/\/www.mediazionelinguistica.it\/wp-content\/uploads\/2023\/05\/cropped-Logo-SSML-2023_sfondo-trasparente.png\",\"width\":512,\"height\":512,\"caption\":\"Scuola Superiore per Mediatori Linguistici di Pisa\"},\"image\":{\"@id\":\"https:\/\/www.mediazionelinguistica.it\/#\/schema\/logo\/image\/\"},\"sameAs\":[\"https:\/\/www.facebook.com\/Ssmlpisa\",\"https:\/\/www.instagram.com\/ssmlpisa\/\",\"https:\/\/www.tiktok.com\/@ssml_pisa\"]}]}<\/script>\n<!-- \/ Yoast SEO plugin. -->","yoast_head_json":{"title":"Diritto e Ordinamenti Unione Europea - SSML di Pisa","description":"Diritto e Ordinamenti Unione Europea, il corso si propone di fornire una visione storica dell'evoluzione dell' Europa, motivi storici ed economici","robots":{"index":"index","follow":"follow","max-snippet":"max-snippet:-1","max-image-preview":"max-image-preview:large","max-video-preview":"max-video-preview:-1"},"canonical":"https:\/\/www.mediazionelinguistica.it\/en\/2diritto-e-ordinamenti-dellunione-europea\/","og_locale":"en_US","og_type":"article","og_title":"Diritto e Ordinamenti dell\u2019Unione Europea - SSML di Pisa","og_description":"Diritto e Ordinamenti dell\u2019Unione Europea, il corso si propone di fornire una visione storica dell'evoluzione dell' Europa, motivi storici ed economici","og_url":"https:\/\/www.mediazionelinguistica.it\/en\/2diritto-e-ordinamenti-dellunione-europea\/","og_site_name":"Scuola Superiore per Mediatori Linguistici di Pisa","article_publisher":"https:\/\/www.facebook.com\/Ssmlpisa","twitter_card":"summary_large_image","twitter_title":"Diritto e Ordinamenti dell\u2019Unione Europea - SSML di Pisa","twitter_description":"Diritto e Ordinamenti dell\u2019Unione Europea, il corso si propone di fornire una visione storica dell'evoluzione dell' Europa, motivi storici ed economici","twitter_misc":{"Est. reading time":"4 minutes"},"schema":{"@context":"https:\/\/schema.org","@graph":[{"@type":"WebPage","@id":"https:\/\/www.mediazionelinguistica.it\/en\/2diritto-e-ordinamenti-dellunione-europea\/","url":"https:\/\/www.mediazionelinguistica.it\/en\/2diritto-e-ordinamenti-dellunione-europea\/","name":"Diritto e Ordinamenti Unione Europea - SSML di Pisa","isPartOf":{"@id":"https:\/\/www.mediazionelinguistica.it\/#website"},"datePublished":"2024-01-03T13:19:51+00:00","description":"Diritto e Ordinamenti Unione Europea, il corso si propone di fornire una visione storica dell'evoluzione dell' Europa, motivi storici ed economici","breadcrumb":{"@id":"https:\/\/www.mediazionelinguistica.it\/en\/2diritto-e-ordinamenti-dellunione-europea\/#breadcrumb"},"inLanguage":"en-US","potentialAction":[{"@type":"ReadAction","target":["https:\/\/www.mediazionelinguistica.it\/en\/2diritto-e-ordinamenti-dellunione-europea\/"]}]},{"@type":"BreadcrumbList","@id":"https:\/\/www.mediazionelinguistica.it\/en\/2diritto-e-ordinamenti-dellunione-europea\/#breadcrumb","itemListElement":[{"@type":"ListItem","position":1,"name":"Home","item":"https:\/\/www.mediazionelinguistica.it\/en\/"},{"@type":"ListItem","position":2,"name":"Diritto e Ordinamenti dell\u2019Unione Europea"}]},{"@type":"WebSite","@id":"https:\/\/www.mediazionelinguistica.it\/#website","url":"https:\/\/www.mediazionelinguistica.it\/","name":"Scuola Superiore per Mediatori Linguistici di Pisa","description":"Corso Laurea triennale e magistrale mediazione linguistica","publisher":{"@id":"https:\/\/www.mediazionelinguistica.it\/#organization"},"potentialAction":[{"@type":"SearchAction","target":{"@type":"EntryPoint","urlTemplate":"https:\/\/www.mediazionelinguistica.it\/?s={search_term_string}"},"query-input":{"@type":"PropertyValueSpecification","valueRequired":true,"valueName":"search_term_string"}}],"inLanguage":"en-US"},{"@type":"Organization","@id":"https:\/\/www.mediazionelinguistica.it\/#organization","name":"Scuola Superiore per Mediatori Linguistici di Pisa","url":"https:\/\/www.mediazionelinguistica.it\/","logo":{"@type":"ImageObject","inLanguage":"en-US","@id":"https:\/\/www.mediazionelinguistica.it\/#\/schema\/logo\/image\/","url":"http:\/\/www.mediazionelinguistica.it\/wp-content\/uploads\/2023\/05\/cropped-Logo-SSML-2023_sfondo-trasparente.png","contentUrl":"http:\/\/www.mediazionelinguistica.it\/wp-content\/uploads\/2023\/05\/cropped-Logo-SSML-2023_sfondo-trasparente.png","width":512,"height":512,"caption":"Scuola Superiore per Mediatori Linguistici di Pisa"},"image":{"@id":"https:\/\/www.mediazionelinguistica.it\/#\/schema\/logo\/image\/"},"sameAs":["https:\/\/www.facebook.com\/Ssmlpisa","https:\/\/www.instagram.com\/ssmlpisa\/","https:\/\/www.tiktok.com\/@ssml_pisa"]}]}},"_links":{"self":[{"href":"https:\/\/www.mediazionelinguistica.it\/en\/wp-json\/wp\/v2\/pages\/6353","targetHints":{"allow":["GET"]}}],"collection":[{"href":"https:\/\/www.mediazionelinguistica.it\/en\/wp-json\/wp\/v2\/pages"}],"about":[{"href":"https:\/\/www.mediazionelinguistica.it\/en\/wp-json\/wp\/v2\/types\/page"}],"author":[{"embeddable":true,"href":"https:\/\/www.mediazionelinguistica.it\/en\/wp-json\/wp\/v2\/users\/7"}],"replies":[{"embeddable":true,"href":"https:\/\/www.mediazionelinguistica.it\/en\/wp-json\/wp\/v2\/comments?post=6353"}],"version-history":[{"count":0,"href":"https:\/\/www.mediazionelinguistica.it\/en\/wp-json\/wp\/v2\/pages\/6353\/revisions"}],"wp:attachment":[{"href":"https:\/\/www.mediazionelinguistica.it\/en\/wp-json\/wp\/v2\/media?parent=6353"}],"curies":[{"name":"wp","href":"https:\/\/api.w.org\/{rel}","templated":true}]}}