{"id":4288,"date":"2023-02-09T18:08:49","date_gmt":"2023-02-09T17:08:49","guid":{"rendered":"http:\/\/www.mediazionelinguistica.it\/?page_id=4288"},"modified":"2025-03-24T12:32:15","modified_gmt":"2025-03-24T11:32:15","slug":"triennale-traduzione-attiva-inglese-2-anno","status":"publish","type":"page","link":"https:\/\/www.mediazionelinguistica.it\/en\/triennale-traduzione-attiva-inglese-2-anno\/","title":{"rendered":"Traduzione Attiva | Inglese"},"content":{"rendered":"[vc_row type=&#8221;full_width_background&#8221; full_screen_row_position=&#8221;middle&#8221; column_margin=&#8221;default&#8221; column_direction=&#8221;default&#8221; column_direction_tablet=&#8221;default&#8221; column_direction_phone=&#8221;default&#8221; bg_color=&#8221;#7f2d42&#8243; bg_image=&#8221;2472&#8243; bg_position=&#8221;left top&#8221; background_image_loading=&#8221;default&#8221; bg_repeat=&#8221;no-repeat&#8221; scene_position=&#8221;center&#8221; top_padding=&#8221;9%&#8221; constrain_group_1=&#8221;yes&#8221; bottom_padding=&#8221;9%&#8221; text_color=&#8221;light&#8221; text_align=&#8221;left&#8221; row_border_radius=&#8221;none&#8221; row_border_radius_applies=&#8221;bg&#8221; overflow=&#8221;visible&#8221; advanced_gradient_angle=&#8221;0&#8243; overlay_strength=&#8221;0.3&#8243; gradient_direction=&#8221;left_to_right&#8221; shape_divider_position=&#8221;bottom&#8221; bg_image_animation=&#8221;none&#8221; gradient_type=&#8221;default&#8221; shape_type=&#8221;&#8221;][vc_column column_padding=&#8221;no-extra-padding&#8221; column_padding_tablet=&#8221;inherit&#8221; column_padding_phone=&#8221;inherit&#8221; column_padding_position=&#8221;all&#8221; column_element_spacing=&#8221;default&#8221; background_color_opacity=&#8221;1&#8243; background_hover_color_opacity=&#8221;1&#8243; column_shadow=&#8221;none&#8221; column_border_radius=&#8221;none&#8221; column_link_target=&#8221;_self&#8221; column_position=&#8221;default&#8221; gradient_direction=&#8221;left_to_right&#8221; overlay_strength=&#8221;0.3&#8243; width=&#8221;1\/5&#8243; tablet_width_inherit=&#8221;default&#8221; tablet_text_alignment=&#8221;default&#8221; phone_text_alignment=&#8221;default&#8221; animation_type=&#8221;default&#8221; bg_image_animation=&#8221;none&#8221; border_type=&#8221;simple&#8221; column_border_width=&#8221;none&#8221; column_border_style=&#8221;solid&#8221;][\/vc_column][vc_column column_padding=&#8221;no-extra-padding&#8221; column_padding_tablet=&#8221;inherit&#8221; column_padding_phone=&#8221;inherit&#8221; column_padding_position=&#8221;all&#8221; column_element_spacing=&#8221;default&#8221; background_color_opacity=&#8221;1&#8243; background_hover_color_opacity=&#8221;1&#8243; column_shadow=&#8221;none&#8221; column_border_radius=&#8221;none&#8221; column_link_target=&#8221;_self&#8221; column_position=&#8221;default&#8221; gradient_direction=&#8221;left_to_right&#8221; overlay_strength=&#8221;0.3&#8243; width=&#8221;3\/5&#8243; tablet_width_inherit=&#8221;default&#8221; tablet_text_alignment=&#8221;default&#8221; phone_text_alignment=&#8221;default&#8221; animation_type=&#8221;default&#8221; bg_image_animation=&#8221;none&#8221; border_type=&#8221;simple&#8221; column_border_width=&#8221;none&#8221; column_border_style=&#8221;solid&#8221;][vc_column_text]\n<h1>Traduzione Attiva | Inglese<\/h1>\n[\/vc_column_text][vc_column_text]\n<h2>Laurea Triennale in Scienze della Mediazione Linguistica<\/h2>\n[\/vc_column_text]<div class=\"nectar-fancy-ul\" data-list-icon=\"icon-salient-thin-line\" data-animation=\"false\" data-animation-delay=\"0\" data-color=\"extra-color-1\" data-spacing=\"default\" data-alignment=\"left\"> \n<ul>\n<li>\n<h3>II anno<\/h3>\n<\/li>\n<li>\n<h3>Insegnamento Annuale<\/h3>\n<\/li>\n<li>\n<h3>In Lingua Inglese<\/h3>\n<\/li>\n<li>\n<h3>40 ore accademiche<\/h3>\n<\/li>\n<li>\n<h3>2,5 CFM<\/h3>\n<\/li>\n<\/ul>\n <\/div>[\/vc_column][vc_column column_padding=&#8221;no-extra-padding&#8221; column_padding_tablet=&#8221;inherit&#8221; column_padding_phone=&#8221;inherit&#8221; column_padding_position=&#8221;all&#8221; column_element_spacing=&#8221;default&#8221; background_color_opacity=&#8221;1&#8243; background_hover_color_opacity=&#8221;1&#8243; column_shadow=&#8221;none&#8221; column_border_radius=&#8221;none&#8221; column_link_target=&#8221;_self&#8221; column_position=&#8221;default&#8221; gradient_direction=&#8221;left_to_right&#8221; overlay_strength=&#8221;0.3&#8243; width=&#8221;1\/5&#8243; tablet_width_inherit=&#8221;default&#8221; tablet_text_alignment=&#8221;default&#8221; phone_text_alignment=&#8221;default&#8221; animation_type=&#8221;default&#8221; bg_image_animation=&#8221;none&#8221; border_type=&#8221;simple&#8221; column_border_width=&#8221;none&#8221; column_border_style=&#8221;solid&#8221;][\/vc_column][\/vc_row][vc_row type=&#8221;in_container&#8221; full_screen_row_position=&#8221;middle&#8221; column_margin=&#8221;default&#8221; column_direction=&#8221;default&#8221; column_direction_tablet=&#8221;default&#8221; column_direction_phone=&#8221;default&#8221; scene_position=&#8221;center&#8221; text_color=&#8221;dark&#8221; text_align=&#8221;left&#8221; row_border_radius=&#8221;none&#8221; row_border_radius_applies=&#8221;bg&#8221; overflow=&#8221;visible&#8221; overlay_strength=&#8221;0.3&#8243; gradient_direction=&#8221;left_to_right&#8221; shape_divider_position=&#8221;bottom&#8221; bg_image_animation=&#8221;none&#8221;][vc_column column_padding=&#8221;no-extra-padding&#8221; column_padding_tablet=&#8221;inherit&#8221; column_padding_phone=&#8221;inherit&#8221; column_padding_position=&#8221;all&#8221; column_element_spacing=&#8221;default&#8221; background_color_opacity=&#8221;1&#8243; background_hover_color_opacity=&#8221;1&#8243; column_shadow=&#8221;none&#8221; column_border_radius=&#8221;none&#8221; column_link_target=&#8221;_self&#8221; column_position=&#8221;default&#8221; gradient_direction=&#8221;left_to_right&#8221; overlay_strength=&#8221;0.3&#8243; width=&#8221;1\/1&#8243; tablet_width_inherit=&#8221;default&#8221; tablet_text_alignment=&#8221;default&#8221; phone_text_alignment=&#8221;default&#8221; animation_type=&#8221;default&#8221; bg_image_animation=&#8221;none&#8221; border_type=&#8221;simple&#8221; column_border_width=&#8221;none&#8221; column_border_style=&#8221;solid&#8221;][toggles style=&#8221;minimal&#8221;][toggle color=&#8221;Default&#8221; title=&#8221;Presentazione dell&#8217;Insegnamento&#8221;][vc_column_text]Traduzione di testi dall&#8217;italiano all&#8217;inglese.[\/vc_column_text][\/toggle][toggle color=&#8221;Default&#8221; title=&#8221;Obiettivi Formativi&#8221;][vc_column_text]Gli obiettivi del corso sono:<\/p>\n<p>\u2022 approfondire le tecniche di base della mediazione attiva, cercando di incrementare gradualmente la difficolt\u00e0 del lessico dei testi trattati;<\/p>\n<p>\u2022 potenziare l&#8217;apprendimento di nuovi termini, con l&#8217;obiettivo di ampliare notevolmente il lessico settoriale dello studente;<\/p>\n<p>\u2022 approfondire lo studio dei fenomeni economico-finanziari attuali, il mondo del web e cellulari;<\/p>\n<p>\u2022 stimolare la capacit\u00e0 di analisi e di sintesi nell&#8217;approccio ad un testo;<\/p>\n<p>\u2022 estendere la padronanza dei veri strumenti di lavoro (glossari, dizionari, banche dati online, ecc).[\/vc_column_text][\/toggle][toggle color=&#8221;Default&#8221; title=&#8221;Programma&#8221;][vc_column_text]\u2022 1\u00b0 SEMESTRE<\/p>\n<p>&#8211; Mezzi di comunicazione (Robotica, cellulare, informatica)<\/p>\n<p>&#8211; Manualistica (istruzioni per l&#8217;uso, elettrodomestici)<\/p>\n<p>&#8211; Energia (tutti i tipi di e energia rinnovabile, nucleare)<\/p>\n<p>\u2022 2\u00b0 SEMESTRE<\/p>\n<p>&#8211; Economia (articoli di giornali attuali)<\/p>\n<p>&#8211; Marketing<\/p>\n<p>&#8211; Moda, sfilate e PR.[\/vc_column_text][\/toggle][toggle color=&#8221;Default&#8221; title=&#8221;Bibliografia\/Materiale Didattico&#8221;][vc_column_text]I testi utilizzati nel corso saranno incentrati su argomenti socioculturali, economico-finanziari e di attualit\u00e0. Principalmente si attinger\u00e0 ai pi\u00f9 comuni quotidiani, alle pi\u00f9 comuni riviste di attualit\u00e0 in lingua italiana, quali La Nazione, Il Tirreno, Il Corriere della Sera, Il Messaggero, Il Sole 24 Ore, etc. I testi verranno scelti in base alla disponibilit\u00e0 editoriale e\/o su Internet. Mi riservo dal mantenere un costante contatto con gli altri docenti di mediazione attiva per un confronto ed uno scambio didattico al fine di rispettare il livello di apprendimento degli studenti.[\/vc_column_text][\/toggle][\/toggles][\/vc_column][\/vc_row]\n","protected":false},"excerpt":{"rendered":"<p>[vc_row type=&#8221;full_width_background&#8221; full_screen_row_position=&#8221;middle&#8221; column_margin=&#8221;default&#8221; column_direction=&#8221;default&#8221; column_direction_tablet=&#8221;default&#8221; column_direction_phone=&#8221;default&#8221; bg_color=&#8221;#7f2d42&#8243; bg_image=&#8221;2472&#8243; bg_position=&#8221;left top&#8221; background_image_loading=&#8221;default&#8221; bg_repeat=&#8221;no-repeat&#8221; scene_position=&#8221;center&#8221; top_padding=&#8221;9%&#8221; constrain_group_1=&#8221;yes&#8221; bottom_padding=&#8221;9%&#8221; text_color=&#8221;light&#8221; text_align=&#8221;left&#8221; row_border_radius=&#8221;none&#8221; row_border_radius_applies=&#8221;bg&#8221; overflow=&#8221;visible&#8221; advanced_gradient_angle=&#8221;0&#8243; overlay_strength=&#8221;0.3&#8243; gradient_direction=&#8221;left_to_right&#8221; shape_divider_position=&#8221;bottom&#8221; bg_image_animation=&#8221;none&#8221; gradient_type=&#8221;default&#8221; shape_type=&#8221;&#8221;][vc_column column_padding=&#8221;no-extra-padding&#8221;&#8230;<\/p>\n","protected":false},"author":5,"featured_media":0,"parent":0,"menu_order":0,"comment_status":"closed","ping_status":"closed","template":"","meta":{"content-type":"","slim_seo":{"title":"Traduzione Attiva | Inglese - Scuola Superiore per Mediatori Linguistici di Pisa","description":"[vc_row type=\"full_width_background\" full_screen_row_position=\"middle\" column_margin=\"default\" column_direction=\"default\" column_direction_tablet=\"default\" colu"},"footnotes":""},"class_list":["post-4288","page","type-page","status-publish"],"yoast_head":"<!-- This site is optimized with the Yoast SEO plugin v24.9 - https:\/\/yoast.com\/wordpress\/plugins\/seo\/ -->\n<title>Traduzione Attiva | Inglese - Scuola Superiore per Mediatori Linguistici di Pisa<\/title>\n<meta name=\"robots\" content=\"index, follow, max-snippet:-1, max-image-preview:large, max-video-preview:-1\" \/>\n<link rel=\"canonical\" href=\"https:\/\/www.mediazionelinguistica.it\/en\/triennale-traduzione-attiva-inglese-2-anno\/\" \/>\n<meta property=\"og:locale\" content=\"en_US\" \/>\n<meta property=\"og:type\" content=\"article\" \/>\n<meta property=\"og:title\" content=\"Traduzione Attiva | Inglese - Scuola Superiore per Mediatori Linguistici di Pisa\" \/>\n<meta property=\"og:description\" content=\"[vc_row type=&#8221;full_width_background&#8221; full_screen_row_position=&#8221;middle&#8221; column_margin=&#8221;default&#8221; column_direction=&#8221;default&#8221; column_direction_tablet=&#8221;default&#8221; column_direction_phone=&#8221;default&#8221; bg_color=&#8221;#7f2d42&#8243; bg_image=&#8221;2472&#8243; bg_position=&#8221;left top&#8221; background_image_loading=&#8221;default&#8221; bg_repeat=&#8221;no-repeat&#8221; scene_position=&#8221;center&#8221; top_padding=&#8221;9%&#8221; constrain_group_1=&#8221;yes&#8221; bottom_padding=&#8221;9%&#8221; text_color=&#8221;light&#8221; text_align=&#8221;left&#8221; row_border_radius=&#8221;none&#8221; row_border_radius_applies=&#8221;bg&#8221; overflow=&#8221;visible&#8221; advanced_gradient_angle=&#8221;0&#8243; overlay_strength=&#8221;0.3&#8243; gradient_direction=&#8221;left_to_right&#8221; shape_divider_position=&#8221;bottom&#8221; bg_image_animation=&#8221;none&#8221; gradient_type=&#8221;default&#8221; shape_type=&#8221;&#8221;][vc_column column_padding=&#8221;no-extra-padding&#8221;...\" \/>\n<meta property=\"og:url\" content=\"https:\/\/www.mediazionelinguistica.it\/en\/triennale-traduzione-attiva-inglese-2-anno\/\" \/>\n<meta property=\"og:site_name\" content=\"Scuola Superiore per Mediatori Linguistici di Pisa\" \/>\n<meta property=\"article:publisher\" content=\"https:\/\/www.facebook.com\/Ssmlpisa\" \/>\n<meta property=\"article:modified_time\" content=\"2025-03-24T11:32:15+00:00\" \/>\n<meta name=\"twitter:card\" content=\"summary_large_image\" \/>\n<meta name=\"twitter:label1\" content=\"Est. reading time\" \/>\n\t<meta name=\"twitter:data1\" content=\"3 minutes\" \/>\n<script type=\"application\/ld+json\" class=\"yoast-schema-graph\">{\"@context\":\"https:\/\/schema.org\",\"@graph\":[{\"@type\":\"WebPage\",\"@id\":\"https:\/\/www.mediazionelinguistica.it\/en\/triennale-traduzione-attiva-inglese-2-anno\/\",\"url\":\"https:\/\/www.mediazionelinguistica.it\/en\/triennale-traduzione-attiva-inglese-2-anno\/\",\"name\":\"Traduzione Attiva | Inglese - Scuola Superiore per Mediatori Linguistici di Pisa\",\"isPartOf\":{\"@id\":\"https:\/\/www.mediazionelinguistica.it\/#website\"},\"datePublished\":\"2023-02-09T17:08:49+00:00\",\"dateModified\":\"2025-03-24T11:32:15+00:00\",\"breadcrumb\":{\"@id\":\"https:\/\/www.mediazionelinguistica.it\/en\/triennale-traduzione-attiva-inglese-2-anno\/#breadcrumb\"},\"inLanguage\":\"en-US\",\"potentialAction\":[{\"@type\":\"ReadAction\",\"target\":[\"https:\/\/www.mediazionelinguistica.it\/en\/triennale-traduzione-attiva-inglese-2-anno\/\"]}]},{\"@type\":\"BreadcrumbList\",\"@id\":\"https:\/\/www.mediazionelinguistica.it\/en\/triennale-traduzione-attiva-inglese-2-anno\/#breadcrumb\",\"itemListElement\":[{\"@type\":\"ListItem\",\"position\":1,\"name\":\"Home\",\"item\":\"https:\/\/www.mediazionelinguistica.it\/en\/\"},{\"@type\":\"ListItem\",\"position\":2,\"name\":\"Traduzione Attiva | Inglese\"}]},{\"@type\":\"WebSite\",\"@id\":\"https:\/\/www.mediazionelinguistica.it\/#website\",\"url\":\"https:\/\/www.mediazionelinguistica.it\/\",\"name\":\"Scuola Superiore per Mediatori Linguistici di Pisa\",\"description\":\"Corso Laurea triennale e magistrale mediazione linguistica\",\"publisher\":{\"@id\":\"https:\/\/www.mediazionelinguistica.it\/#organization\"},\"potentialAction\":[{\"@type\":\"SearchAction\",\"target\":{\"@type\":\"EntryPoint\",\"urlTemplate\":\"https:\/\/www.mediazionelinguistica.it\/?s={search_term_string}\"},\"query-input\":{\"@type\":\"PropertyValueSpecification\",\"valueRequired\":true,\"valueName\":\"search_term_string\"}}],\"inLanguage\":\"en-US\"},{\"@type\":\"Organization\",\"@id\":\"https:\/\/www.mediazionelinguistica.it\/#organization\",\"name\":\"Scuola Superiore per Mediatori Linguistici di Pisa\",\"url\":\"https:\/\/www.mediazionelinguistica.it\/\",\"logo\":{\"@type\":\"ImageObject\",\"inLanguage\":\"en-US\",\"@id\":\"https:\/\/www.mediazionelinguistica.it\/#\/schema\/logo\/image\/\",\"url\":\"http:\/\/www.mediazionelinguistica.it\/wp-content\/uploads\/2023\/05\/cropped-Logo-SSML-2023_sfondo-trasparente.png\",\"contentUrl\":\"http:\/\/www.mediazionelinguistica.it\/wp-content\/uploads\/2023\/05\/cropped-Logo-SSML-2023_sfondo-trasparente.png\",\"width\":512,\"height\":512,\"caption\":\"Scuola Superiore per Mediatori Linguistici di Pisa\"},\"image\":{\"@id\":\"https:\/\/www.mediazionelinguistica.it\/#\/schema\/logo\/image\/\"},\"sameAs\":[\"https:\/\/www.facebook.com\/Ssmlpisa\",\"https:\/\/www.instagram.com\/ssmlpisa\/\",\"https:\/\/www.tiktok.com\/@ssml_pisa\"]}]}<\/script>\n<!-- \/ Yoast SEO plugin. -->","yoast_head_json":{"title":"Traduzione Attiva | Inglese - Scuola Superiore per Mediatori Linguistici di Pisa","robots":{"index":"index","follow":"follow","max-snippet":"max-snippet:-1","max-image-preview":"max-image-preview:large","max-video-preview":"max-video-preview:-1"},"canonical":"https:\/\/www.mediazionelinguistica.it\/en\/triennale-traduzione-attiva-inglese-2-anno\/","og_locale":"en_US","og_type":"article","og_title":"Traduzione Attiva | Inglese - Scuola Superiore per Mediatori Linguistici di Pisa","og_description":"[vc_row type=&#8221;full_width_background&#8221; full_screen_row_position=&#8221;middle&#8221; column_margin=&#8221;default&#8221; column_direction=&#8221;default&#8221; column_direction_tablet=&#8221;default&#8221; column_direction_phone=&#8221;default&#8221; bg_color=&#8221;#7f2d42&#8243; bg_image=&#8221;2472&#8243; bg_position=&#8221;left top&#8221; background_image_loading=&#8221;default&#8221; bg_repeat=&#8221;no-repeat&#8221; scene_position=&#8221;center&#8221; top_padding=&#8221;9%&#8221; constrain_group_1=&#8221;yes&#8221; bottom_padding=&#8221;9%&#8221; text_color=&#8221;light&#8221; text_align=&#8221;left&#8221; row_border_radius=&#8221;none&#8221; row_border_radius_applies=&#8221;bg&#8221; overflow=&#8221;visible&#8221; advanced_gradient_angle=&#8221;0&#8243; overlay_strength=&#8221;0.3&#8243; gradient_direction=&#8221;left_to_right&#8221; shape_divider_position=&#8221;bottom&#8221; bg_image_animation=&#8221;none&#8221; gradient_type=&#8221;default&#8221; shape_type=&#8221;&#8221;][vc_column column_padding=&#8221;no-extra-padding&#8221;...","og_url":"https:\/\/www.mediazionelinguistica.it\/en\/triennale-traduzione-attiva-inglese-2-anno\/","og_site_name":"Scuola Superiore per Mediatori Linguistici di Pisa","article_publisher":"https:\/\/www.facebook.com\/Ssmlpisa","article_modified_time":"2025-03-24T11:32:15+00:00","twitter_card":"summary_large_image","twitter_misc":{"Est. reading time":"3 minutes"},"schema":{"@context":"https:\/\/schema.org","@graph":[{"@type":"WebPage","@id":"https:\/\/www.mediazionelinguistica.it\/en\/triennale-traduzione-attiva-inglese-2-anno\/","url":"https:\/\/www.mediazionelinguistica.it\/en\/triennale-traduzione-attiva-inglese-2-anno\/","name":"Traduzione Attiva | Inglese - Scuola Superiore per Mediatori Linguistici di Pisa","isPartOf":{"@id":"https:\/\/www.mediazionelinguistica.it\/#website"},"datePublished":"2023-02-09T17:08:49+00:00","dateModified":"2025-03-24T11:32:15+00:00","breadcrumb":{"@id":"https:\/\/www.mediazionelinguistica.it\/en\/triennale-traduzione-attiva-inglese-2-anno\/#breadcrumb"},"inLanguage":"en-US","potentialAction":[{"@type":"ReadAction","target":["https:\/\/www.mediazionelinguistica.it\/en\/triennale-traduzione-attiva-inglese-2-anno\/"]}]},{"@type":"BreadcrumbList","@id":"https:\/\/www.mediazionelinguistica.it\/en\/triennale-traduzione-attiva-inglese-2-anno\/#breadcrumb","itemListElement":[{"@type":"ListItem","position":1,"name":"Home","item":"https:\/\/www.mediazionelinguistica.it\/en\/"},{"@type":"ListItem","position":2,"name":"Traduzione Attiva | Inglese"}]},{"@type":"WebSite","@id":"https:\/\/www.mediazionelinguistica.it\/#website","url":"https:\/\/www.mediazionelinguistica.it\/","name":"Scuola Superiore per Mediatori Linguistici di Pisa","description":"Corso Laurea triennale e magistrale mediazione linguistica","publisher":{"@id":"https:\/\/www.mediazionelinguistica.it\/#organization"},"potentialAction":[{"@type":"SearchAction","target":{"@type":"EntryPoint","urlTemplate":"https:\/\/www.mediazionelinguistica.it\/?s={search_term_string}"},"query-input":{"@type":"PropertyValueSpecification","valueRequired":true,"valueName":"search_term_string"}}],"inLanguage":"en-US"},{"@type":"Organization","@id":"https:\/\/www.mediazionelinguistica.it\/#organization","name":"Scuola Superiore per Mediatori Linguistici di Pisa","url":"https:\/\/www.mediazionelinguistica.it\/","logo":{"@type":"ImageObject","inLanguage":"en-US","@id":"https:\/\/www.mediazionelinguistica.it\/#\/schema\/logo\/image\/","url":"http:\/\/www.mediazionelinguistica.it\/wp-content\/uploads\/2023\/05\/cropped-Logo-SSML-2023_sfondo-trasparente.png","contentUrl":"http:\/\/www.mediazionelinguistica.it\/wp-content\/uploads\/2023\/05\/cropped-Logo-SSML-2023_sfondo-trasparente.png","width":512,"height":512,"caption":"Scuola Superiore per Mediatori Linguistici di Pisa"},"image":{"@id":"https:\/\/www.mediazionelinguistica.it\/#\/schema\/logo\/image\/"},"sameAs":["https:\/\/www.facebook.com\/Ssmlpisa","https:\/\/www.instagram.com\/ssmlpisa\/","https:\/\/www.tiktok.com\/@ssml_pisa"]}]}},"_links":{"self":[{"href":"https:\/\/www.mediazionelinguistica.it\/en\/wp-json\/wp\/v2\/pages\/4288","targetHints":{"allow":["GET"]}}],"collection":[{"href":"https:\/\/www.mediazionelinguistica.it\/en\/wp-json\/wp\/v2\/pages"}],"about":[{"href":"https:\/\/www.mediazionelinguistica.it\/en\/wp-json\/wp\/v2\/types\/page"}],"author":[{"embeddable":true,"href":"https:\/\/www.mediazionelinguistica.it\/en\/wp-json\/wp\/v2\/users\/5"}],"replies":[{"embeddable":true,"href":"https:\/\/www.mediazionelinguistica.it\/en\/wp-json\/wp\/v2\/comments?post=4288"}],"version-history":[{"count":2,"href":"https:\/\/www.mediazionelinguistica.it\/en\/wp-json\/wp\/v2\/pages\/4288\/revisions"}],"predecessor-version":[{"id":7836,"href":"https:\/\/www.mediazionelinguistica.it\/en\/wp-json\/wp\/v2\/pages\/4288\/revisions\/7836"}],"wp:attachment":[{"href":"https:\/\/www.mediazionelinguistica.it\/en\/wp-json\/wp\/v2\/media?parent=4288"}],"curies":[{"name":"wp","href":"https:\/\/api.w.org\/{rel}","templated":true}]}}