{"id":4208,"date":"2023-02-09T11:53:50","date_gmt":"2023-02-09T10:53:50","guid":{"rendered":"http:\/\/www.mediazionelinguistica.it\/?page_id=4208"},"modified":"2023-12-19T10:13:32","modified_gmt":"2023-12-19T09:13:32","slug":"triennale-lingua-e-traduzione-tedesco-2-anno","status":"publish","type":"page","link":"https:\/\/www.mediazionelinguistica.it\/en\/triennale-lingua-e-traduzione-tedesco-2-anno\/","title":{"rendered":"Lingua e Traduzione | Tedesco"},"content":{"rendered":"[vc_row type=&#8221;full_width_background&#8221; full_screen_row_position=&#8221;middle&#8221; column_margin=&#8221;default&#8221; column_direction=&#8221;default&#8221; column_direction_tablet=&#8221;default&#8221; column_direction_phone=&#8221;default&#8221; bg_color=&#8221;#7f2d42&#8243; bg_image=&#8221;2472&#8243; bg_position=&#8221;left top&#8221; background_image_loading=&#8221;default&#8221; bg_repeat=&#8221;no-repeat&#8221; scene_position=&#8221;center&#8221; top_padding=&#8221;9%&#8221; constrain_group_1=&#8221;yes&#8221; bottom_padding=&#8221;9%&#8221; text_color=&#8221;light&#8221; text_align=&#8221;left&#8221; row_border_radius=&#8221;none&#8221; row_border_radius_applies=&#8221;bg&#8221; overflow=&#8221;visible&#8221; advanced_gradient_angle=&#8221;0&#8243; overlay_strength=&#8221;0.3&#8243; gradient_direction=&#8221;left_to_right&#8221; shape_divider_position=&#8221;bottom&#8221; bg_image_animation=&#8221;none&#8221; gradient_type=&#8221;default&#8221; shape_type=&#8221;&#8221;][vc_column column_padding=&#8221;no-extra-padding&#8221; column_padding_tablet=&#8221;inherit&#8221; column_padding_phone=&#8221;inherit&#8221; column_padding_position=&#8221;all&#8221; column_element_spacing=&#8221;default&#8221; background_color_opacity=&#8221;1&#8243; background_hover_color_opacity=&#8221;1&#8243; column_shadow=&#8221;none&#8221; column_border_radius=&#8221;none&#8221; column_link_target=&#8221;_self&#8221; column_position=&#8221;default&#8221; gradient_direction=&#8221;left_to_right&#8221; overlay_strength=&#8221;0.3&#8243; width=&#8221;1\/5&#8243; tablet_width_inherit=&#8221;default&#8221; tablet_text_alignment=&#8221;default&#8221; phone_text_alignment=&#8221;default&#8221; animation_type=&#8221;default&#8221; bg_image_animation=&#8221;none&#8221; border_type=&#8221;simple&#8221; column_border_width=&#8221;none&#8221; column_border_style=&#8221;solid&#8221;][\/vc_column][vc_column column_padding=&#8221;no-extra-padding&#8221; column_padding_tablet=&#8221;inherit&#8221; column_padding_phone=&#8221;inherit&#8221; column_padding_position=&#8221;all&#8221; column_element_spacing=&#8221;default&#8221; background_color_opacity=&#8221;1&#8243; background_hover_color_opacity=&#8221;1&#8243; column_shadow=&#8221;none&#8221; column_border_radius=&#8221;none&#8221; column_link_target=&#8221;_self&#8221; column_position=&#8221;default&#8221; gradient_direction=&#8221;left_to_right&#8221; overlay_strength=&#8221;0.3&#8243; width=&#8221;3\/5&#8243; tablet_width_inherit=&#8221;default&#8221; tablet_text_alignment=&#8221;default&#8221; phone_text_alignment=&#8221;default&#8221; animation_type=&#8221;default&#8221; bg_image_animation=&#8221;none&#8221; border_type=&#8221;simple&#8221; column_border_width=&#8221;none&#8221; column_border_style=&#8221;solid&#8221;][vc_column_text]\n<h1>Lingua e Traduzione | Tedesco<\/h1>\n[\/vc_column_text][vc_column_text]\n<h2>Laurea Triennale in Scienze della Mediazione Linguistica<\/h2>\n[\/vc_column_text]<div class=\"nectar-fancy-ul\" data-list-icon=\"icon-salient-thin-line\" data-animation=\"false\" data-animation-delay=\"0\" data-color=\"extra-color-1\" data-spacing=\"default\" data-alignment=\"left\"> \n<ul>\n<li>\n<h3>II anno<\/h3>\n<\/li>\n<li>\n<h3>Insegnamento Annuale<\/h3>\n<\/li>\n<li>\n<h3>In Lingua Tedesca<\/h3>\n<\/li>\n<li>\n<h3>6 CFM<\/h3>\n<\/li>\n<\/ul>\n <\/div>[\/vc_column][vc_column column_padding=&#8221;no-extra-padding&#8221; column_padding_tablet=&#8221;inherit&#8221; column_padding_phone=&#8221;inherit&#8221; column_padding_position=&#8221;all&#8221; column_element_spacing=&#8221;default&#8221; background_color_opacity=&#8221;1&#8243; background_hover_color_opacity=&#8221;1&#8243; column_shadow=&#8221;none&#8221; column_border_radius=&#8221;none&#8221; column_link_target=&#8221;_self&#8221; column_position=&#8221;default&#8221; gradient_direction=&#8221;left_to_right&#8221; overlay_strength=&#8221;0.3&#8243; width=&#8221;1\/5&#8243; tablet_width_inherit=&#8221;default&#8221; tablet_text_alignment=&#8221;default&#8221; phone_text_alignment=&#8221;default&#8221; animation_type=&#8221;default&#8221; bg_image_animation=&#8221;none&#8221; border_type=&#8221;simple&#8221; column_border_width=&#8221;none&#8221; column_border_style=&#8221;solid&#8221;][\/vc_column][\/vc_row][vc_row type=&#8221;in_container&#8221; full_screen_row_position=&#8221;middle&#8221; column_margin=&#8221;default&#8221; column_direction=&#8221;default&#8221; column_direction_tablet=&#8221;default&#8221; column_direction_phone=&#8221;default&#8221; scene_position=&#8221;center&#8221; text_color=&#8221;dark&#8221; text_align=&#8221;left&#8221; row_border_radius=&#8221;none&#8221; row_border_radius_applies=&#8221;bg&#8221; overflow=&#8221;visible&#8221; overlay_strength=&#8221;0.3&#8243; gradient_direction=&#8221;left_to_right&#8221; shape_divider_position=&#8221;bottom&#8221; bg_image_animation=&#8221;none&#8221;][vc_column column_padding=&#8221;no-extra-padding&#8221; column_padding_tablet=&#8221;inherit&#8221; column_padding_phone=&#8221;inherit&#8221; column_padding_position=&#8221;all&#8221; column_element_spacing=&#8221;default&#8221; background_color_opacity=&#8221;1&#8243; background_hover_color_opacity=&#8221;1&#8243; column_shadow=&#8221;none&#8221; column_border_radius=&#8221;none&#8221; column_link_target=&#8221;_self&#8221; column_position=&#8221;default&#8221; gradient_direction=&#8221;left_to_right&#8221; overlay_strength=&#8221;0.3&#8243; width=&#8221;1\/1&#8243; tablet_width_inherit=&#8221;default&#8221; tablet_text_alignment=&#8221;default&#8221; phone_text_alignment=&#8221;default&#8221; animation_type=&#8221;default&#8221; bg_image_animation=&#8221;none&#8221; border_type=&#8221;simple&#8221; column_border_width=&#8221;none&#8221; column_border_style=&#8221;solid&#8221;][toggles style=&#8221;minimal&#8221;][toggle color=&#8221;Default&#8221; title=&#8221;Presentazione dell&#8217;Insegnamento&#8221;][vc_column_text]Il corso vuole consolidare negli studenti le abilit\u00e0 comunicative e interculturali e rendere lo studente sempre pi\u00f9 capace di esprimere in modo articolato e complesso i propri pensieri. Si perfezionano le competenze linguistico-grammaticali, lessicali e culturali al fine di garantire allo studente di saper relazionarsi e interagire in contesti professionali e culturali differenti. L\u2019insegnamento si svolge in forma seminariale che prevede il coinvolgimento diretto dello studente e preferisce forme di collaborazione e apprendimento cooperativo. Per le esercitazioni saranno utilizzati strumenti didattici tradizionali, supporti audiovideo e risorse digitali.[\/vc_column_text][\/toggle][toggle color=&#8221;Default&#8221; title=&#8221;Obiettivi Formativi&#8221;][vc_column_text]Il corso si pone come obiettivo il rafforzamento dell\u2019autonomia linguistica e la conoscenza delle differenze linguistiche e culturali per formare mediatori linguistici preparati alla vita professionale. Alla fine del secondo anno lo studente sapr\u00e0 interagire al livello B2 pieno del Quadro comune europeo di riferimento per le lingue in forma scritta e orale, sapr\u00e0 comunicare informazioni, idee, problemi e soluzioni in modo spontaneo e sciolto. Sar\u00e0 in grado di riflettere approfonditamente su temi sociali e culturali rilevanti.[\/vc_column_text][\/toggle][toggle color=&#8221;Default&#8221; title=&#8221;Programma&#8221;][vc_column_text]Il corso richiede una conoscenza linguistica a livello B1 pieno\/B2 iniziale del Quadro comune europeo di riferimento per le lingue. Durante le lezioni si discutono le principali strutture morfosintattiche e lessicali della lingua tedesca per permettere un progressivo apprendimento delle abilit\u00e0 di comprensione scritta e orale e di produzione scritta e orale. Per il secondo anno sono previsti gli argomenti seguenti:<\/p>\n<p>Grammatica<br \/>\nLe proposizioni coordinate e subordinate<br \/>\nLa frase infinitiva attiva e passiva<br \/>\nLa frase relativa<br \/>\nI verbi che reggono una preposizione e il complemento pronominale<br \/>\nLa declinazione degli aggettivi attributivi<br \/>\nLessico<br \/>\nLa famiglia<br \/>\nViaggiare<br \/>\nBellezza e benessere<br \/>\nStudiare all\u2019estero<br \/>\nDurante le lezioni si consolidano inoltre le seguenti competenze:<br \/>\nSaper lavorare in gruppo[\/vc_column_text][\/toggle][toggle color=&#8221;Default&#8221; title=&#8221;Bibliografia\/Materiale Didattico&#8221;][vc_column_text]I. Sander, A. Daniels, R. K\u00f2hl-Kuhn, B. Bauer-Hutz, K. F. Mautsch, H. Tremp Soares, Mittelpunkt neu B2+ Kursbuch und Arbeitsbuch, Stuttgart, Ernst Klett Sprachen, 2012. A. Buscha, S. Szita, B-Grammatik. \u00dcbungsgrammatik Deutsch als Fremdsprache, Sprachniveau B1\/B2, Leipzig, Schubert Verlag, 2017. Durante il corso si utilizza inoltre il materiale messo a disposizione dalla docente.[\/vc_column_text][\/toggle][\/toggles][\/vc_column][\/vc_row]\n","protected":false},"excerpt":{"rendered":"<p>[vc_row type=&#8221;full_width_background&#8221; full_screen_row_position=&#8221;middle&#8221; column_margin=&#8221;default&#8221; column_direction=&#8221;default&#8221; column_direction_tablet=&#8221;default&#8221; column_direction_phone=&#8221;default&#8221; bg_color=&#8221;#7f2d42&#8243; bg_image=&#8221;2472&#8243; bg_position=&#8221;left top&#8221; background_image_loading=&#8221;default&#8221; bg_repeat=&#8221;no-repeat&#8221; scene_position=&#8221;center&#8221; top_padding=&#8221;9%&#8221; constrain_group_1=&#8221;yes&#8221; bottom_padding=&#8221;9%&#8221; text_color=&#8221;light&#8221; text_align=&#8221;left&#8221; row_border_radius=&#8221;none&#8221; row_border_radius_applies=&#8221;bg&#8221; overflow=&#8221;visible&#8221; advanced_gradient_angle=&#8221;0&#8243; overlay_strength=&#8221;0.3&#8243; gradient_direction=&#8221;left_to_right&#8221; shape_divider_position=&#8221;bottom&#8221; bg_image_animation=&#8221;none&#8221; gradient_type=&#8221;default&#8221; shape_type=&#8221;&#8221;][vc_column column_padding=&#8221;no-extra-padding&#8221;&#8230;<\/p>\n","protected":false},"author":5,"featured_media":0,"parent":0,"menu_order":0,"comment_status":"closed","ping_status":"closed","template":"","meta":{"content-type":"","slim_seo":{"title":"Lingua e Traduzione | Tedesco - Scuola Superiore per Mediatori Linguistici di Pisa","description":"[vc_row type=\"full_width_background\" full_screen_row_position=\"middle\" column_margin=\"default\" column_direction=\"default\" column_direction_tablet=\"default\" colu"},"footnotes":""},"class_list":["post-4208","page","type-page","status-publish"],"yoast_head":"<!-- This site is optimized with the Yoast SEO plugin v24.9 - https:\/\/yoast.com\/wordpress\/plugins\/seo\/ -->\n<title>Lingua e Traduzione | Tedesco - Scuola Superiore per Mediatori Linguistici di Pisa<\/title>\n<meta name=\"robots\" content=\"index, follow, max-snippet:-1, max-image-preview:large, max-video-preview:-1\" \/>\n<link rel=\"canonical\" href=\"https:\/\/www.mediazionelinguistica.it\/en\/triennale-lingua-e-traduzione-tedesco-2-anno\/\" \/>\n<meta property=\"og:locale\" content=\"en_US\" \/>\n<meta property=\"og:type\" content=\"article\" \/>\n<meta property=\"og:title\" content=\"Lingua e Traduzione | Tedesco - Scuola Superiore per Mediatori Linguistici di Pisa\" \/>\n<meta property=\"og:description\" content=\"[vc_row type=&#8221;full_width_background&#8221; full_screen_row_position=&#8221;middle&#8221; column_margin=&#8221;default&#8221; column_direction=&#8221;default&#8221; column_direction_tablet=&#8221;default&#8221; column_direction_phone=&#8221;default&#8221; bg_color=&#8221;#7f2d42&#8243; bg_image=&#8221;2472&#8243; bg_position=&#8221;left top&#8221; background_image_loading=&#8221;default&#8221; bg_repeat=&#8221;no-repeat&#8221; scene_position=&#8221;center&#8221; top_padding=&#8221;9%&#8221; constrain_group_1=&#8221;yes&#8221; bottom_padding=&#8221;9%&#8221; text_color=&#8221;light&#8221; text_align=&#8221;left&#8221; row_border_radius=&#8221;none&#8221; row_border_radius_applies=&#8221;bg&#8221; overflow=&#8221;visible&#8221; advanced_gradient_angle=&#8221;0&#8243; overlay_strength=&#8221;0.3&#8243; gradient_direction=&#8221;left_to_right&#8221; shape_divider_position=&#8221;bottom&#8221; bg_image_animation=&#8221;none&#8221; gradient_type=&#8221;default&#8221; shape_type=&#8221;&#8221;][vc_column column_padding=&#8221;no-extra-padding&#8221;...\" \/>\n<meta property=\"og:url\" content=\"https:\/\/www.mediazionelinguistica.it\/en\/triennale-lingua-e-traduzione-tedesco-2-anno\/\" \/>\n<meta property=\"og:site_name\" content=\"Scuola Superiore per Mediatori Linguistici di Pisa\" \/>\n<meta property=\"article:publisher\" content=\"https:\/\/www.facebook.com\/Ssmlpisa\" \/>\n<meta property=\"article:modified_time\" content=\"2023-12-19T09:13:32+00:00\" \/>\n<meta name=\"twitter:card\" content=\"summary_large_image\" \/>\n<meta name=\"twitter:label1\" content=\"Est. reading time\" \/>\n\t<meta name=\"twitter:data1\" content=\"3 minutes\" \/>\n<script type=\"application\/ld+json\" class=\"yoast-schema-graph\">{\"@context\":\"https:\/\/schema.org\",\"@graph\":[{\"@type\":\"WebPage\",\"@id\":\"https:\/\/www.mediazionelinguistica.it\/en\/triennale-lingua-e-traduzione-tedesco-2-anno\/\",\"url\":\"https:\/\/www.mediazionelinguistica.it\/en\/triennale-lingua-e-traduzione-tedesco-2-anno\/\",\"name\":\"Lingua e Traduzione | Tedesco - Scuola Superiore per Mediatori Linguistici di Pisa\",\"isPartOf\":{\"@id\":\"https:\/\/www.mediazionelinguistica.it\/#website\"},\"datePublished\":\"2023-02-09T10:53:50+00:00\",\"dateModified\":\"2023-12-19T09:13:32+00:00\",\"breadcrumb\":{\"@id\":\"https:\/\/www.mediazionelinguistica.it\/en\/triennale-lingua-e-traduzione-tedesco-2-anno\/#breadcrumb\"},\"inLanguage\":\"en-US\",\"potentialAction\":[{\"@type\":\"ReadAction\",\"target\":[\"https:\/\/www.mediazionelinguistica.it\/en\/triennale-lingua-e-traduzione-tedesco-2-anno\/\"]}]},{\"@type\":\"BreadcrumbList\",\"@id\":\"https:\/\/www.mediazionelinguistica.it\/en\/triennale-lingua-e-traduzione-tedesco-2-anno\/#breadcrumb\",\"itemListElement\":[{\"@type\":\"ListItem\",\"position\":1,\"name\":\"Home\",\"item\":\"https:\/\/www.mediazionelinguistica.it\/en\/\"},{\"@type\":\"ListItem\",\"position\":2,\"name\":\"Lingua e Traduzione | Tedesco\"}]},{\"@type\":\"WebSite\",\"@id\":\"https:\/\/www.mediazionelinguistica.it\/#website\",\"url\":\"https:\/\/www.mediazionelinguistica.it\/\",\"name\":\"Scuola Superiore per Mediatori Linguistici di Pisa\",\"description\":\"Corso Laurea triennale e magistrale mediazione linguistica\",\"publisher\":{\"@id\":\"https:\/\/www.mediazionelinguistica.it\/#organization\"},\"potentialAction\":[{\"@type\":\"SearchAction\",\"target\":{\"@type\":\"EntryPoint\",\"urlTemplate\":\"https:\/\/www.mediazionelinguistica.it\/?s={search_term_string}\"},\"query-input\":{\"@type\":\"PropertyValueSpecification\",\"valueRequired\":true,\"valueName\":\"search_term_string\"}}],\"inLanguage\":\"en-US\"},{\"@type\":\"Organization\",\"@id\":\"https:\/\/www.mediazionelinguistica.it\/#organization\",\"name\":\"Scuola Superiore per Mediatori Linguistici di Pisa\",\"url\":\"https:\/\/www.mediazionelinguistica.it\/\",\"logo\":{\"@type\":\"ImageObject\",\"inLanguage\":\"en-US\",\"@id\":\"https:\/\/www.mediazionelinguistica.it\/#\/schema\/logo\/image\/\",\"url\":\"http:\/\/www.mediazionelinguistica.it\/wp-content\/uploads\/2023\/05\/cropped-Logo-SSML-2023_sfondo-trasparente.png\",\"contentUrl\":\"http:\/\/www.mediazionelinguistica.it\/wp-content\/uploads\/2023\/05\/cropped-Logo-SSML-2023_sfondo-trasparente.png\",\"width\":512,\"height\":512,\"caption\":\"Scuola Superiore per Mediatori Linguistici di Pisa\"},\"image\":{\"@id\":\"https:\/\/www.mediazionelinguistica.it\/#\/schema\/logo\/image\/\"},\"sameAs\":[\"https:\/\/www.facebook.com\/Ssmlpisa\",\"https:\/\/www.instagram.com\/ssmlpisa\/\",\"https:\/\/www.tiktok.com\/@ssml_pisa\"]}]}<\/script>\n<!-- \/ Yoast SEO plugin. -->","yoast_head_json":{"title":"Lingua e Traduzione | Tedesco - Scuola Superiore per Mediatori Linguistici di Pisa","robots":{"index":"index","follow":"follow","max-snippet":"max-snippet:-1","max-image-preview":"max-image-preview:large","max-video-preview":"max-video-preview:-1"},"canonical":"https:\/\/www.mediazionelinguistica.it\/en\/triennale-lingua-e-traduzione-tedesco-2-anno\/","og_locale":"en_US","og_type":"article","og_title":"Lingua e Traduzione | Tedesco - Scuola Superiore per Mediatori Linguistici di Pisa","og_description":"[vc_row type=&#8221;full_width_background&#8221; full_screen_row_position=&#8221;middle&#8221; column_margin=&#8221;default&#8221; column_direction=&#8221;default&#8221; column_direction_tablet=&#8221;default&#8221; column_direction_phone=&#8221;default&#8221; bg_color=&#8221;#7f2d42&#8243; bg_image=&#8221;2472&#8243; bg_position=&#8221;left top&#8221; background_image_loading=&#8221;default&#8221; bg_repeat=&#8221;no-repeat&#8221; scene_position=&#8221;center&#8221; top_padding=&#8221;9%&#8221; constrain_group_1=&#8221;yes&#8221; bottom_padding=&#8221;9%&#8221; text_color=&#8221;light&#8221; text_align=&#8221;left&#8221; row_border_radius=&#8221;none&#8221; row_border_radius_applies=&#8221;bg&#8221; overflow=&#8221;visible&#8221; advanced_gradient_angle=&#8221;0&#8243; overlay_strength=&#8221;0.3&#8243; gradient_direction=&#8221;left_to_right&#8221; shape_divider_position=&#8221;bottom&#8221; bg_image_animation=&#8221;none&#8221; gradient_type=&#8221;default&#8221; shape_type=&#8221;&#8221;][vc_column column_padding=&#8221;no-extra-padding&#8221;...","og_url":"https:\/\/www.mediazionelinguistica.it\/en\/triennale-lingua-e-traduzione-tedesco-2-anno\/","og_site_name":"Scuola Superiore per Mediatori Linguistici di Pisa","article_publisher":"https:\/\/www.facebook.com\/Ssmlpisa","article_modified_time":"2023-12-19T09:13:32+00:00","twitter_card":"summary_large_image","twitter_misc":{"Est. reading time":"3 minutes"},"schema":{"@context":"https:\/\/schema.org","@graph":[{"@type":"WebPage","@id":"https:\/\/www.mediazionelinguistica.it\/en\/triennale-lingua-e-traduzione-tedesco-2-anno\/","url":"https:\/\/www.mediazionelinguistica.it\/en\/triennale-lingua-e-traduzione-tedesco-2-anno\/","name":"Lingua e Traduzione | Tedesco - Scuola Superiore per Mediatori Linguistici di Pisa","isPartOf":{"@id":"https:\/\/www.mediazionelinguistica.it\/#website"},"datePublished":"2023-02-09T10:53:50+00:00","dateModified":"2023-12-19T09:13:32+00:00","breadcrumb":{"@id":"https:\/\/www.mediazionelinguistica.it\/en\/triennale-lingua-e-traduzione-tedesco-2-anno\/#breadcrumb"},"inLanguage":"en-US","potentialAction":[{"@type":"ReadAction","target":["https:\/\/www.mediazionelinguistica.it\/en\/triennale-lingua-e-traduzione-tedesco-2-anno\/"]}]},{"@type":"BreadcrumbList","@id":"https:\/\/www.mediazionelinguistica.it\/en\/triennale-lingua-e-traduzione-tedesco-2-anno\/#breadcrumb","itemListElement":[{"@type":"ListItem","position":1,"name":"Home","item":"https:\/\/www.mediazionelinguistica.it\/en\/"},{"@type":"ListItem","position":2,"name":"Lingua e Traduzione | Tedesco"}]},{"@type":"WebSite","@id":"https:\/\/www.mediazionelinguistica.it\/#website","url":"https:\/\/www.mediazionelinguistica.it\/","name":"Scuola Superiore per Mediatori Linguistici di Pisa","description":"Corso Laurea triennale e magistrale mediazione linguistica","publisher":{"@id":"https:\/\/www.mediazionelinguistica.it\/#organization"},"potentialAction":[{"@type":"SearchAction","target":{"@type":"EntryPoint","urlTemplate":"https:\/\/www.mediazionelinguistica.it\/?s={search_term_string}"},"query-input":{"@type":"PropertyValueSpecification","valueRequired":true,"valueName":"search_term_string"}}],"inLanguage":"en-US"},{"@type":"Organization","@id":"https:\/\/www.mediazionelinguistica.it\/#organization","name":"Scuola Superiore per Mediatori Linguistici di Pisa","url":"https:\/\/www.mediazionelinguistica.it\/","logo":{"@type":"ImageObject","inLanguage":"en-US","@id":"https:\/\/www.mediazionelinguistica.it\/#\/schema\/logo\/image\/","url":"http:\/\/www.mediazionelinguistica.it\/wp-content\/uploads\/2023\/05\/cropped-Logo-SSML-2023_sfondo-trasparente.png","contentUrl":"http:\/\/www.mediazionelinguistica.it\/wp-content\/uploads\/2023\/05\/cropped-Logo-SSML-2023_sfondo-trasparente.png","width":512,"height":512,"caption":"Scuola Superiore per Mediatori Linguistici di Pisa"},"image":{"@id":"https:\/\/www.mediazionelinguistica.it\/#\/schema\/logo\/image\/"},"sameAs":["https:\/\/www.facebook.com\/Ssmlpisa","https:\/\/www.instagram.com\/ssmlpisa\/","https:\/\/www.tiktok.com\/@ssml_pisa"]}]}},"_links":{"self":[{"href":"https:\/\/www.mediazionelinguistica.it\/en\/wp-json\/wp\/v2\/pages\/4208","targetHints":{"allow":["GET"]}}],"collection":[{"href":"https:\/\/www.mediazionelinguistica.it\/en\/wp-json\/wp\/v2\/pages"}],"about":[{"href":"https:\/\/www.mediazionelinguistica.it\/en\/wp-json\/wp\/v2\/types\/page"}],"author":[{"embeddable":true,"href":"https:\/\/www.mediazionelinguistica.it\/en\/wp-json\/wp\/v2\/users\/5"}],"replies":[{"embeddable":true,"href":"https:\/\/www.mediazionelinguistica.it\/en\/wp-json\/wp\/v2\/comments?post=4208"}],"version-history":[{"count":0,"href":"https:\/\/www.mediazionelinguistica.it\/en\/wp-json\/wp\/v2\/pages\/4208\/revisions"}],"wp:attachment":[{"href":"https:\/\/www.mediazionelinguistica.it\/en\/wp-json\/wp\/v2\/media?parent=4208"}],"curies":[{"name":"wp","href":"https:\/\/api.w.org\/{rel}","templated":true}]}}