{"id":4200,"date":"2023-02-09T11:47:07","date_gmt":"2023-02-09T10:47:07","guid":{"rendered":"http:\/\/www.mediazionelinguistica.it\/?page_id=4200"},"modified":"2023-12-14T16:03:22","modified_gmt":"2023-12-14T15:03:22","slug":"triennale-lingua-e-traduzione-francese-3-anno","status":"publish","type":"page","link":"https:\/\/www.mediazionelinguistica.it\/en\/triennale-lingua-e-traduzione-francese-3-anno\/","title":{"rendered":"Lingua e Traduzione | Francese"},"content":{"rendered":"[vc_row type=&#8221;full_width_background&#8221; full_screen_row_position=&#8221;middle&#8221; column_margin=&#8221;default&#8221; column_direction=&#8221;default&#8221; column_direction_tablet=&#8221;default&#8221; column_direction_phone=&#8221;default&#8221; bg_color=&#8221;#7f2d42&#8243; bg_image=&#8221;2472&#8243; bg_position=&#8221;left top&#8221; background_image_loading=&#8221;default&#8221; bg_repeat=&#8221;no-repeat&#8221; scene_position=&#8221;center&#8221; top_padding=&#8221;9%&#8221; constrain_group_1=&#8221;yes&#8221; bottom_padding=&#8221;9%&#8221; text_color=&#8221;light&#8221; text_align=&#8221;left&#8221; row_border_radius=&#8221;none&#8221; row_border_radius_applies=&#8221;bg&#8221; overflow=&#8221;visible&#8221; advanced_gradient_angle=&#8221;0&#8243; overlay_strength=&#8221;0.3&#8243; gradient_direction=&#8221;left_to_right&#8221; shape_divider_position=&#8221;bottom&#8221; bg_image_animation=&#8221;none&#8221; gradient_type=&#8221;default&#8221; shape_type=&#8221;&#8221;][vc_column column_padding=&#8221;no-extra-padding&#8221; column_padding_tablet=&#8221;inherit&#8221; column_padding_phone=&#8221;inherit&#8221; column_padding_position=&#8221;all&#8221; column_element_spacing=&#8221;default&#8221; background_color_opacity=&#8221;1&#8243; background_hover_color_opacity=&#8221;1&#8243; column_shadow=&#8221;none&#8221; column_border_radius=&#8221;none&#8221; column_link_target=&#8221;_self&#8221; column_position=&#8221;default&#8221; gradient_direction=&#8221;left_to_right&#8221; overlay_strength=&#8221;0.3&#8243; width=&#8221;1\/5&#8243; tablet_width_inherit=&#8221;default&#8221; tablet_text_alignment=&#8221;default&#8221; phone_text_alignment=&#8221;default&#8221; animation_type=&#8221;default&#8221; bg_image_animation=&#8221;none&#8221; border_type=&#8221;simple&#8221; column_border_width=&#8221;none&#8221; column_border_style=&#8221;solid&#8221;][\/vc_column][vc_column column_padding=&#8221;no-extra-padding&#8221; column_padding_tablet=&#8221;inherit&#8221; column_padding_phone=&#8221;inherit&#8221; column_padding_position=&#8221;all&#8221; column_element_spacing=&#8221;default&#8221; background_color_opacity=&#8221;1&#8243; background_hover_color_opacity=&#8221;1&#8243; column_shadow=&#8221;none&#8221; column_border_radius=&#8221;none&#8221; column_link_target=&#8221;_self&#8221; column_position=&#8221;default&#8221; gradient_direction=&#8221;left_to_right&#8221; overlay_strength=&#8221;0.3&#8243; width=&#8221;3\/5&#8243; tablet_width_inherit=&#8221;default&#8221; tablet_text_alignment=&#8221;default&#8221; phone_text_alignment=&#8221;default&#8221; animation_type=&#8221;default&#8221; bg_image_animation=&#8221;none&#8221; border_type=&#8221;simple&#8221; column_border_width=&#8221;none&#8221; column_border_style=&#8221;solid&#8221;][vc_column_text]\n<h1>Lingua e Traduzione | Francese<\/h1>\n[\/vc_column_text][vc_column_text]\n<h2>Laurea Triennale in Scienze della Mediazione Linguistica<\/h2>\n[\/vc_column_text]<div class=\"nectar-fancy-ul\" data-list-icon=\"icon-salient-thin-line\" data-animation=\"false\" data-animation-delay=\"0\" data-color=\"extra-color-1\" data-spacing=\"default\" data-alignment=\"left\"> \n<ul>\n<li>\n<h3>III anno<\/h3>\n<\/li>\n<li>\n<h3>Insegnamento Annuale<\/h3>\n<\/li>\n<li>\n<h3>In Lingua Francese<\/h3>\n<\/li>\n<li>\n<h3>6 CFM<\/h3>\n<\/li>\n<\/ul>\n <\/div>[\/vc_column][vc_column column_padding=&#8221;no-extra-padding&#8221; column_padding_tablet=&#8221;inherit&#8221; column_padding_phone=&#8221;inherit&#8221; column_padding_position=&#8221;all&#8221; column_element_spacing=&#8221;default&#8221; background_color_opacity=&#8221;1&#8243; background_hover_color_opacity=&#8221;1&#8243; column_shadow=&#8221;none&#8221; column_border_radius=&#8221;none&#8221; column_link_target=&#8221;_self&#8221; column_position=&#8221;default&#8221; gradient_direction=&#8221;left_to_right&#8221; overlay_strength=&#8221;0.3&#8243; width=&#8221;1\/5&#8243; tablet_width_inherit=&#8221;default&#8221; tablet_text_alignment=&#8221;default&#8221; phone_text_alignment=&#8221;default&#8221; animation_type=&#8221;default&#8221; bg_image_animation=&#8221;none&#8221; border_type=&#8221;simple&#8221; column_border_width=&#8221;none&#8221; column_border_style=&#8221;solid&#8221;][\/vc_column][\/vc_row][vc_row type=&#8221;in_container&#8221; full_screen_row_position=&#8221;middle&#8221; column_margin=&#8221;default&#8221; column_direction=&#8221;default&#8221; column_direction_tablet=&#8221;default&#8221; column_direction_phone=&#8221;default&#8221; scene_position=&#8221;center&#8221; text_color=&#8221;dark&#8221; text_align=&#8221;left&#8221; row_border_radius=&#8221;none&#8221; row_border_radius_applies=&#8221;bg&#8221; overflow=&#8221;visible&#8221; overlay_strength=&#8221;0.3&#8243; gradient_direction=&#8221;left_to_right&#8221; shape_divider_position=&#8221;bottom&#8221; bg_image_animation=&#8221;none&#8221;][vc_column column_padding=&#8221;no-extra-padding&#8221; column_padding_tablet=&#8221;inherit&#8221; column_padding_phone=&#8221;inherit&#8221; column_padding_position=&#8221;all&#8221; column_element_spacing=&#8221;default&#8221; background_color_opacity=&#8221;1&#8243; background_hover_color_opacity=&#8221;1&#8243; column_shadow=&#8221;none&#8221; column_border_radius=&#8221;none&#8221; column_link_target=&#8221;_self&#8221; column_position=&#8221;default&#8221; gradient_direction=&#8221;left_to_right&#8221; overlay_strength=&#8221;0.3&#8243; width=&#8221;1\/1&#8243; tablet_width_inherit=&#8221;default&#8221; tablet_text_alignment=&#8221;default&#8221; phone_text_alignment=&#8221;default&#8221; animation_type=&#8221;default&#8221; bg_image_animation=&#8221;none&#8221; border_type=&#8221;simple&#8221; column_border_width=&#8221;none&#8221; column_border_style=&#8221;solid&#8221;][toggles style=&#8221;minimal&#8221;][toggle color=&#8221;Default&#8221; title=&#8221;Presentazione dell&#8217;Insegnamento&#8221;][vc_column_text]Lingua e Traduzione \u00e8 una materia teorica in cui vengono affrontati e rispiegati gli argomenti pi\u00f9 complessi della grammatica francese. Esercizi ma anche comprensioni scritte, orali, dettati e produzioni scritte avranno come finalit\u00e0 l\u2019applicazione delle regole studiate precedentemente in classe. Gli studenti avranno anche da realizzare dei progetti legati all\u2019utilizzo applicato della lingua: scrivere un testo argomentativo o critico, implicarsi in un dibattito su un tema di attualit\u00e0 e utilizzare la lingua parlata.[\/vc_column_text][\/toggle][toggle color=&#8221;Default&#8221; title=&#8221;Obiettivi Formativi&#8221;][vc_column_text]L\u2019obiettivo \u00e8 di dare agli studenti strumenti per esprimersi in un ottimo francese sapendo cogliere le sfumature della lingua, la sua ricchezza, ma anche saper differenziare i vari registri: formale e informale, conoscere le forme idiomatiche e quelle del francese parlato e contestualizzare la lingua francese in un contesto sociolinguistico e culturale.[\/vc_column_text][\/toggle][toggle color=&#8221;Default&#8221; title=&#8221;Programma&#8221;][vc_column_text]Dopo aver fatto un test iniziale di valutazione del livello generale della classe, vengono evidenziati argomenti acquisiti da consolidare o acquisire. Quindi il programma pu\u00f2 variare in base agli anni.<\/p>\n<p>Questo 3\u00b0 anni si concentra in particolare sull\u2019uso della lingua parlata, sugli omofoni, falsi amici, lessico della lingua parlata e abbreviazioni. Studiamo anche la differenza di genere tra parole italiane e francesi, avverbi e locuzioni avverbiali, uso del participio presente e degli aggettivi numerali.<br \/>\nLe espressioni di causa e conseguenza, i modi di dire e il passato remoto per tradurre testi di letteratura e di storia.[\/vc_column_text][\/toggle][toggle color=&#8221;Default&#8221; title=&#8221;Bibliografia\/Materiale Didattico&#8221;][vc_column_text]Grammath\u00e8que e Grammath\u00e8que exercices terza edizione Lidia Parodi Marina Vallaco CIDEB Fiches de grammaire troisi\u00e8me \u00e9dition Giuseppe Vietri EDISCO.b Le nouvel Edito B2 \u00e9dition Didier, podcast, plateform TV5 monde, Partajons, RFI, ressources FLE \u2013 PUG: Livres ouverts, Lecture d\u2019auteur.[\/vc_column_text][\/toggle][\/toggles][\/vc_column][\/vc_row]\n","protected":false},"excerpt":{"rendered":"<p>[vc_row type=&#8221;full_width_background&#8221; full_screen_row_position=&#8221;middle&#8221; column_margin=&#8221;default&#8221; column_direction=&#8221;default&#8221; column_direction_tablet=&#8221;default&#8221; column_direction_phone=&#8221;default&#8221; bg_color=&#8221;#7f2d42&#8243; bg_image=&#8221;2472&#8243; bg_position=&#8221;left top&#8221; background_image_loading=&#8221;default&#8221; bg_repeat=&#8221;no-repeat&#8221; scene_position=&#8221;center&#8221; top_padding=&#8221;9%&#8221; constrain_group_1=&#8221;yes&#8221; bottom_padding=&#8221;9%&#8221; text_color=&#8221;light&#8221; text_align=&#8221;left&#8221; row_border_radius=&#8221;none&#8221; row_border_radius_applies=&#8221;bg&#8221; overflow=&#8221;visible&#8221; advanced_gradient_angle=&#8221;0&#8243; overlay_strength=&#8221;0.3&#8243; gradient_direction=&#8221;left_to_right&#8221; shape_divider_position=&#8221;bottom&#8221; bg_image_animation=&#8221;none&#8221; gradient_type=&#8221;default&#8221; shape_type=&#8221;&#8221;][vc_column column_padding=&#8221;no-extra-padding&#8221;&#8230;<\/p>\n","protected":false},"author":5,"featured_media":0,"parent":0,"menu_order":0,"comment_status":"closed","ping_status":"closed","template":"","meta":{"content-type":"","slim_seo":{"title":"Lingua e Traduzione | Francese - Scuola Superiore per Mediatori Linguistici di Pisa","description":"[vc_row type=\"full_width_background\" full_screen_row_position=\"middle\" column_margin=\"default\" column_direction=\"default\" column_direction_tablet=\"default\" colu"},"footnotes":""},"class_list":["post-4200","page","type-page","status-publish"],"yoast_head":"<!-- This site is optimized with the Yoast SEO plugin v24.9 - https:\/\/yoast.com\/wordpress\/plugins\/seo\/ -->\n<title>Lingua e Traduzione | Francese - Scuola Superiore per Mediatori Linguistici di Pisa<\/title>\n<meta name=\"robots\" content=\"index, follow, max-snippet:-1, max-image-preview:large, max-video-preview:-1\" \/>\n<link rel=\"canonical\" href=\"https:\/\/www.mediazionelinguistica.it\/en\/triennale-lingua-e-traduzione-francese-3-anno\/\" \/>\n<meta property=\"og:locale\" content=\"en_US\" \/>\n<meta property=\"og:type\" content=\"article\" \/>\n<meta property=\"og:title\" content=\"Lingua e Traduzione | Francese - Scuola Superiore per Mediatori Linguistici di Pisa\" \/>\n<meta property=\"og:description\" content=\"[vc_row type=&#8221;full_width_background&#8221; full_screen_row_position=&#8221;middle&#8221; column_margin=&#8221;default&#8221; column_direction=&#8221;default&#8221; column_direction_tablet=&#8221;default&#8221; column_direction_phone=&#8221;default&#8221; bg_color=&#8221;#7f2d42&#8243; bg_image=&#8221;2472&#8243; bg_position=&#8221;left top&#8221; background_image_loading=&#8221;default&#8221; bg_repeat=&#8221;no-repeat&#8221; scene_position=&#8221;center&#8221; top_padding=&#8221;9%&#8221; constrain_group_1=&#8221;yes&#8221; bottom_padding=&#8221;9%&#8221; text_color=&#8221;light&#8221; text_align=&#8221;left&#8221; row_border_radius=&#8221;none&#8221; row_border_radius_applies=&#8221;bg&#8221; overflow=&#8221;visible&#8221; advanced_gradient_angle=&#8221;0&#8243; overlay_strength=&#8221;0.3&#8243; gradient_direction=&#8221;left_to_right&#8221; shape_divider_position=&#8221;bottom&#8221; bg_image_animation=&#8221;none&#8221; gradient_type=&#8221;default&#8221; shape_type=&#8221;&#8221;][vc_column column_padding=&#8221;no-extra-padding&#8221;...\" \/>\n<meta property=\"og:url\" content=\"https:\/\/www.mediazionelinguistica.it\/en\/triennale-lingua-e-traduzione-francese-3-anno\/\" \/>\n<meta property=\"og:site_name\" content=\"Scuola Superiore per Mediatori Linguistici di Pisa\" \/>\n<meta property=\"article:publisher\" content=\"https:\/\/www.facebook.com\/Ssmlpisa\" \/>\n<meta property=\"article:modified_time\" content=\"2023-12-14T15:03:22+00:00\" \/>\n<meta name=\"twitter:card\" content=\"summary_large_image\" \/>\n<meta name=\"twitter:label1\" content=\"Est. reading time\" \/>\n\t<meta name=\"twitter:data1\" content=\"3 minutes\" \/>\n<script type=\"application\/ld+json\" class=\"yoast-schema-graph\">{\"@context\":\"https:\/\/schema.org\",\"@graph\":[{\"@type\":\"WebPage\",\"@id\":\"https:\/\/www.mediazionelinguistica.it\/en\/triennale-lingua-e-traduzione-francese-3-anno\/\",\"url\":\"https:\/\/www.mediazionelinguistica.it\/en\/triennale-lingua-e-traduzione-francese-3-anno\/\",\"name\":\"Lingua e Traduzione | Francese - Scuola Superiore per Mediatori Linguistici di Pisa\",\"isPartOf\":{\"@id\":\"https:\/\/www.mediazionelinguistica.it\/#website\"},\"datePublished\":\"2023-02-09T10:47:07+00:00\",\"dateModified\":\"2023-12-14T15:03:22+00:00\",\"breadcrumb\":{\"@id\":\"https:\/\/www.mediazionelinguistica.it\/en\/triennale-lingua-e-traduzione-francese-3-anno\/#breadcrumb\"},\"inLanguage\":\"en-US\",\"potentialAction\":[{\"@type\":\"ReadAction\",\"target\":[\"https:\/\/www.mediazionelinguistica.it\/en\/triennale-lingua-e-traduzione-francese-3-anno\/\"]}]},{\"@type\":\"BreadcrumbList\",\"@id\":\"https:\/\/www.mediazionelinguistica.it\/en\/triennale-lingua-e-traduzione-francese-3-anno\/#breadcrumb\",\"itemListElement\":[{\"@type\":\"ListItem\",\"position\":1,\"name\":\"Home\",\"item\":\"https:\/\/www.mediazionelinguistica.it\/en\/\"},{\"@type\":\"ListItem\",\"position\":2,\"name\":\"Lingua e Traduzione | Francese\"}]},{\"@type\":\"WebSite\",\"@id\":\"https:\/\/www.mediazionelinguistica.it\/#website\",\"url\":\"https:\/\/www.mediazionelinguistica.it\/\",\"name\":\"Scuola Superiore per Mediatori Linguistici di Pisa\",\"description\":\"Corso Laurea triennale e magistrale mediazione linguistica\",\"publisher\":{\"@id\":\"https:\/\/www.mediazionelinguistica.it\/#organization\"},\"potentialAction\":[{\"@type\":\"SearchAction\",\"target\":{\"@type\":\"EntryPoint\",\"urlTemplate\":\"https:\/\/www.mediazionelinguistica.it\/?s={search_term_string}\"},\"query-input\":{\"@type\":\"PropertyValueSpecification\",\"valueRequired\":true,\"valueName\":\"search_term_string\"}}],\"inLanguage\":\"en-US\"},{\"@type\":\"Organization\",\"@id\":\"https:\/\/www.mediazionelinguistica.it\/#organization\",\"name\":\"Scuola Superiore per Mediatori Linguistici di Pisa\",\"url\":\"https:\/\/www.mediazionelinguistica.it\/\",\"logo\":{\"@type\":\"ImageObject\",\"inLanguage\":\"en-US\",\"@id\":\"https:\/\/www.mediazionelinguistica.it\/#\/schema\/logo\/image\/\",\"url\":\"http:\/\/www.mediazionelinguistica.it\/wp-content\/uploads\/2023\/05\/cropped-Logo-SSML-2023_sfondo-trasparente.png\",\"contentUrl\":\"http:\/\/www.mediazionelinguistica.it\/wp-content\/uploads\/2023\/05\/cropped-Logo-SSML-2023_sfondo-trasparente.png\",\"width\":512,\"height\":512,\"caption\":\"Scuola Superiore per Mediatori Linguistici di Pisa\"},\"image\":{\"@id\":\"https:\/\/www.mediazionelinguistica.it\/#\/schema\/logo\/image\/\"},\"sameAs\":[\"https:\/\/www.facebook.com\/Ssmlpisa\",\"https:\/\/www.instagram.com\/ssmlpisa\/\",\"https:\/\/www.tiktok.com\/@ssml_pisa\"]}]}<\/script>\n<!-- \/ Yoast SEO plugin. -->","yoast_head_json":{"title":"Lingua e Traduzione | Francese - Scuola Superiore per Mediatori Linguistici di Pisa","robots":{"index":"index","follow":"follow","max-snippet":"max-snippet:-1","max-image-preview":"max-image-preview:large","max-video-preview":"max-video-preview:-1"},"canonical":"https:\/\/www.mediazionelinguistica.it\/en\/triennale-lingua-e-traduzione-francese-3-anno\/","og_locale":"en_US","og_type":"article","og_title":"Lingua e Traduzione | Francese - Scuola Superiore per Mediatori Linguistici di Pisa","og_description":"[vc_row type=&#8221;full_width_background&#8221; full_screen_row_position=&#8221;middle&#8221; column_margin=&#8221;default&#8221; column_direction=&#8221;default&#8221; column_direction_tablet=&#8221;default&#8221; column_direction_phone=&#8221;default&#8221; bg_color=&#8221;#7f2d42&#8243; bg_image=&#8221;2472&#8243; bg_position=&#8221;left top&#8221; background_image_loading=&#8221;default&#8221; bg_repeat=&#8221;no-repeat&#8221; scene_position=&#8221;center&#8221; top_padding=&#8221;9%&#8221; constrain_group_1=&#8221;yes&#8221; bottom_padding=&#8221;9%&#8221; text_color=&#8221;light&#8221; text_align=&#8221;left&#8221; row_border_radius=&#8221;none&#8221; row_border_radius_applies=&#8221;bg&#8221; overflow=&#8221;visible&#8221; advanced_gradient_angle=&#8221;0&#8243; overlay_strength=&#8221;0.3&#8243; gradient_direction=&#8221;left_to_right&#8221; shape_divider_position=&#8221;bottom&#8221; bg_image_animation=&#8221;none&#8221; gradient_type=&#8221;default&#8221; shape_type=&#8221;&#8221;][vc_column column_padding=&#8221;no-extra-padding&#8221;...","og_url":"https:\/\/www.mediazionelinguistica.it\/en\/triennale-lingua-e-traduzione-francese-3-anno\/","og_site_name":"Scuola Superiore per Mediatori Linguistici di Pisa","article_publisher":"https:\/\/www.facebook.com\/Ssmlpisa","article_modified_time":"2023-12-14T15:03:22+00:00","twitter_card":"summary_large_image","twitter_misc":{"Est. reading time":"3 minutes"},"schema":{"@context":"https:\/\/schema.org","@graph":[{"@type":"WebPage","@id":"https:\/\/www.mediazionelinguistica.it\/en\/triennale-lingua-e-traduzione-francese-3-anno\/","url":"https:\/\/www.mediazionelinguistica.it\/en\/triennale-lingua-e-traduzione-francese-3-anno\/","name":"Lingua e Traduzione | Francese - Scuola Superiore per Mediatori Linguistici di Pisa","isPartOf":{"@id":"https:\/\/www.mediazionelinguistica.it\/#website"},"datePublished":"2023-02-09T10:47:07+00:00","dateModified":"2023-12-14T15:03:22+00:00","breadcrumb":{"@id":"https:\/\/www.mediazionelinguistica.it\/en\/triennale-lingua-e-traduzione-francese-3-anno\/#breadcrumb"},"inLanguage":"en-US","potentialAction":[{"@type":"ReadAction","target":["https:\/\/www.mediazionelinguistica.it\/en\/triennale-lingua-e-traduzione-francese-3-anno\/"]}]},{"@type":"BreadcrumbList","@id":"https:\/\/www.mediazionelinguistica.it\/en\/triennale-lingua-e-traduzione-francese-3-anno\/#breadcrumb","itemListElement":[{"@type":"ListItem","position":1,"name":"Home","item":"https:\/\/www.mediazionelinguistica.it\/en\/"},{"@type":"ListItem","position":2,"name":"Lingua e Traduzione | Francese"}]},{"@type":"WebSite","@id":"https:\/\/www.mediazionelinguistica.it\/#website","url":"https:\/\/www.mediazionelinguistica.it\/","name":"Scuola Superiore per Mediatori Linguistici di Pisa","description":"Corso Laurea triennale e magistrale mediazione linguistica","publisher":{"@id":"https:\/\/www.mediazionelinguistica.it\/#organization"},"potentialAction":[{"@type":"SearchAction","target":{"@type":"EntryPoint","urlTemplate":"https:\/\/www.mediazionelinguistica.it\/?s={search_term_string}"},"query-input":{"@type":"PropertyValueSpecification","valueRequired":true,"valueName":"search_term_string"}}],"inLanguage":"en-US"},{"@type":"Organization","@id":"https:\/\/www.mediazionelinguistica.it\/#organization","name":"Scuola Superiore per Mediatori Linguistici di Pisa","url":"https:\/\/www.mediazionelinguistica.it\/","logo":{"@type":"ImageObject","inLanguage":"en-US","@id":"https:\/\/www.mediazionelinguistica.it\/#\/schema\/logo\/image\/","url":"http:\/\/www.mediazionelinguistica.it\/wp-content\/uploads\/2023\/05\/cropped-Logo-SSML-2023_sfondo-trasparente.png","contentUrl":"http:\/\/www.mediazionelinguistica.it\/wp-content\/uploads\/2023\/05\/cropped-Logo-SSML-2023_sfondo-trasparente.png","width":512,"height":512,"caption":"Scuola Superiore per Mediatori Linguistici di Pisa"},"image":{"@id":"https:\/\/www.mediazionelinguistica.it\/#\/schema\/logo\/image\/"},"sameAs":["https:\/\/www.facebook.com\/Ssmlpisa","https:\/\/www.instagram.com\/ssmlpisa\/","https:\/\/www.tiktok.com\/@ssml_pisa"]}]}},"_links":{"self":[{"href":"https:\/\/www.mediazionelinguistica.it\/en\/wp-json\/wp\/v2\/pages\/4200","targetHints":{"allow":["GET"]}}],"collection":[{"href":"https:\/\/www.mediazionelinguistica.it\/en\/wp-json\/wp\/v2\/pages"}],"about":[{"href":"https:\/\/www.mediazionelinguistica.it\/en\/wp-json\/wp\/v2\/types\/page"}],"author":[{"embeddable":true,"href":"https:\/\/www.mediazionelinguistica.it\/en\/wp-json\/wp\/v2\/users\/5"}],"replies":[{"embeddable":true,"href":"https:\/\/www.mediazionelinguistica.it\/en\/wp-json\/wp\/v2\/comments?post=4200"}],"version-history":[{"count":0,"href":"https:\/\/www.mediazionelinguistica.it\/en\/wp-json\/wp\/v2\/pages\/4200\/revisions"}],"wp:attachment":[{"href":"https:\/\/www.mediazionelinguistica.it\/en\/wp-json\/wp\/v2\/media?parent=4200"}],"curies":[{"name":"wp","href":"https:\/\/api.w.org\/{rel}","templated":true}]}}