{"id":4142,"date":"2023-02-08T18:07:05","date_gmt":"2023-02-08T17:07:05","guid":{"rendered":"http:\/\/www.mediazionelinguistica.it\/?page_id=4142"},"modified":"2023-12-14T16:05:41","modified_gmt":"2023-12-14T15:05:41","slug":"triennale-business-language-public-speaking-negotiation-and-communication-francese","status":"publish","type":"page","link":"https:\/\/www.mediazionelinguistica.it\/en\/triennale-business-language-public-speaking-negotiation-and-communication-francese\/","title":{"rendered":"Business Language &#8211; Public Speaking Negotiation and Communication | Francese"},"content":{"rendered":"[vc_row type=&#8221;full_width_background&#8221; full_screen_row_position=&#8221;middle&#8221; column_margin=&#8221;default&#8221; column_direction=&#8221;default&#8221; column_direction_tablet=&#8221;default&#8221; column_direction_phone=&#8221;default&#8221; bg_color=&#8221;#7f2d42&#8243; bg_image=&#8221;2472&#8243; bg_position=&#8221;left top&#8221; background_image_loading=&#8221;default&#8221; bg_repeat=&#8221;no-repeat&#8221; scene_position=&#8221;center&#8221; top_padding=&#8221;9%&#8221; constrain_group_1=&#8221;yes&#8221; bottom_padding=&#8221;9%&#8221; text_color=&#8221;light&#8221; text_align=&#8221;left&#8221; row_border_radius=&#8221;none&#8221; row_border_radius_applies=&#8221;bg&#8221; overflow=&#8221;visible&#8221; advanced_gradient_angle=&#8221;0&#8243; overlay_strength=&#8221;0.3&#8243; gradient_direction=&#8221;left_to_right&#8221; shape_divider_position=&#8221;bottom&#8221; bg_image_animation=&#8221;none&#8221; gradient_type=&#8221;default&#8221; shape_type=&#8221;&#8221;][vc_column column_padding=&#8221;no-extra-padding&#8221; column_padding_tablet=&#8221;inherit&#8221; column_padding_phone=&#8221;inherit&#8221; column_padding_position=&#8221;all&#8221; column_element_spacing=&#8221;default&#8221; background_color_opacity=&#8221;1&#8243; background_hover_color_opacity=&#8221;1&#8243; column_shadow=&#8221;none&#8221; column_border_radius=&#8221;none&#8221; column_link_target=&#8221;_self&#8221; column_position=&#8221;default&#8221; gradient_direction=&#8221;left_to_right&#8221; overlay_strength=&#8221;0.3&#8243; width=&#8221;1\/5&#8243; tablet_width_inherit=&#8221;default&#8221; tablet_text_alignment=&#8221;default&#8221; phone_text_alignment=&#8221;default&#8221; animation_type=&#8221;default&#8221; bg_image_animation=&#8221;none&#8221; border_type=&#8221;simple&#8221; column_border_width=&#8221;none&#8221; column_border_style=&#8221;solid&#8221;][\/vc_column][vc_column column_padding=&#8221;no-extra-padding&#8221; column_padding_tablet=&#8221;inherit&#8221; column_padding_phone=&#8221;inherit&#8221; column_padding_position=&#8221;all&#8221; column_element_spacing=&#8221;default&#8221; background_color_opacity=&#8221;1&#8243; background_hover_color_opacity=&#8221;1&#8243; column_shadow=&#8221;none&#8221; column_border_radius=&#8221;none&#8221; column_link_target=&#8221;_self&#8221; column_position=&#8221;default&#8221; gradient_direction=&#8221;left_to_right&#8221; overlay_strength=&#8221;0.3&#8243; width=&#8221;3\/5&#8243; tablet_width_inherit=&#8221;default&#8221; tablet_text_alignment=&#8221;default&#8221; phone_text_alignment=&#8221;default&#8221; animation_type=&#8221;default&#8221; bg_image_animation=&#8221;none&#8221; border_type=&#8221;simple&#8221; column_border_width=&#8221;none&#8221; column_border_style=&#8221;solid&#8221;][vc_column_text]\n<h1>Business Language &#8211; Public Speaking Negotiation and Communication | Francese<\/h1>\n[\/vc_column_text][vc_column_text]\n<h2>Laurea Triennale in Scienze della Mediazione Linguistica<\/h2>\n[\/vc_column_text]<div class=\"nectar-fancy-ul\" data-list-icon=\"icon-salient-thin-line\" data-animation=\"false\" data-animation-delay=\"0\" data-color=\"extra-color-1\" data-spacing=\"default\" data-alignment=\"left\"> \n<ul>\n<li>\n<h3>III anno<\/h3>\n<\/li>\n<li>\n<h3>Insegnamento Annuale<\/h3>\n<\/li>\n<li>\n<h3>In Lingua Francese<\/h3>\n<\/li>\n<li>\n<h3>2 CFM<\/h3>\n<\/li>\n<\/ul>\n <\/div>[\/vc_column][vc_column column_padding=&#8221;no-extra-padding&#8221; column_padding_tablet=&#8221;inherit&#8221; column_padding_phone=&#8221;inherit&#8221; column_padding_position=&#8221;all&#8221; column_element_spacing=&#8221;default&#8221; background_color_opacity=&#8221;1&#8243; background_hover_color_opacity=&#8221;1&#8243; column_shadow=&#8221;none&#8221; column_border_radius=&#8221;none&#8221; column_link_target=&#8221;_self&#8221; column_position=&#8221;default&#8221; gradient_direction=&#8221;left_to_right&#8221; overlay_strength=&#8221;0.3&#8243; width=&#8221;1\/5&#8243; tablet_width_inherit=&#8221;default&#8221; tablet_text_alignment=&#8221;default&#8221; phone_text_alignment=&#8221;default&#8221; animation_type=&#8221;default&#8221; bg_image_animation=&#8221;none&#8221; border_type=&#8221;simple&#8221; column_border_width=&#8221;none&#8221; column_border_style=&#8221;solid&#8221;][\/vc_column][\/vc_row][vc_row type=&#8221;in_container&#8221; full_screen_row_position=&#8221;middle&#8221; column_margin=&#8221;default&#8221; column_direction=&#8221;default&#8221; column_direction_tablet=&#8221;default&#8221; column_direction_phone=&#8221;default&#8221; scene_position=&#8221;center&#8221; text_color=&#8221;dark&#8221; text_align=&#8221;left&#8221; row_border_radius=&#8221;none&#8221; row_border_radius_applies=&#8221;bg&#8221; overflow=&#8221;visible&#8221; overlay_strength=&#8221;0.3&#8243; gradient_direction=&#8221;left_to_right&#8221; shape_divider_position=&#8221;bottom&#8221; bg_image_animation=&#8221;none&#8221;][vc_column column_padding=&#8221;no-extra-padding&#8221; column_padding_tablet=&#8221;inherit&#8221; column_padding_phone=&#8221;inherit&#8221; column_padding_position=&#8221;all&#8221; column_element_spacing=&#8221;default&#8221; background_color_opacity=&#8221;1&#8243; background_hover_color_opacity=&#8221;1&#8243; column_shadow=&#8221;none&#8221; column_border_radius=&#8221;none&#8221; column_link_target=&#8221;_self&#8221; column_position=&#8221;default&#8221; gradient_direction=&#8221;left_to_right&#8221; overlay_strength=&#8221;0.3&#8243; width=&#8221;1\/1&#8243; tablet_width_inherit=&#8221;default&#8221; tablet_text_alignment=&#8221;default&#8221; phone_text_alignment=&#8221;default&#8221; animation_type=&#8221;default&#8221; bg_image_animation=&#8221;none&#8221; border_type=&#8221;simple&#8221; column_border_width=&#8221;none&#8221; column_border_style=&#8221;solid&#8221;][toggles style=&#8221;minimal&#8221;][toggle color=&#8221;Default&#8221; title=&#8221;Presentazione dell&#8217;Insegnamento&#8221;][vc_column_text]Il business language del terzo anno si concentra sul settore degli affari. Questo corso propone agli studenti una visione generale del mondo del lavoro, dai doveri ai diritti dei lavoratori, alle diverse forme giuridiche delle imprese e delle loro caratteristiche organizzative. Presenteremo varie tipologie di organizzazioni di lavoro, l&#8217;organigramma di una societ\u00e0 e le varie figure professionali , i vari contratti e come presentare una professione ed un\u2019azienda. Studieremo un contratto di lavoro, come scrivere una lettera di presentazione. Affronteremo anche l\u2019aspetto della legalit\u00e0 e dell\u2019etica nel lavoro. Come lanciare un nuovo prodotto sul mercato e che tipo di assicurazioni scegliere.[\/vc_column_text][\/toggle][toggle color=&#8221;Default&#8221; title=&#8221;Obiettivi Formativi&#8221;][vc_column_text]Saper leggere un organigramma e riconoscere i posti e le loro funzioni in seno alla societ\u00e0. Saper fare le considerazioni giuste prima di scegliere il tipo di azienda da creare. Interagire durante un colloquio di lavoro e porre le giuste domande Conoscere le varie forme contrattuali, i loro vantaggi e svantaggi, parlare dei diritti e doveri di tutti gli attori (impiegato e datore di lavoro) Confrontare vari modelli di organizzazioni del lavoro e valutarne i vantaggi e gli svantaggi. Saper preparare un questionario d\u2019inchiesta destinato ai consumatori per promuovere un nuovo prodotto. Saper valutare i rischi di un\u2019attivit\u00e0 per scegliere il contratto d\u2019assicurazione adatto. Conoscere le regole della concorrenza per denunciare le infrazioni Saper valutare i risultati economici di un\u2019azienda.[\/vc_column_text][\/toggle][toggle color=&#8221;Default&#8221; title=&#8221;Programma&#8221;][vc_column_text]I lavoratori e il loro ruolo nell\u2019 impresa La difesa dei consumatori Pratiche per aprire una propria attivit\u00e0 , finanziamenti, scelta della tipologia. L\u2019impiego, contratto, lettera di motivazione L\u2019organizzazione del lavoro Studi di mercato e lancio di un nuovo prodotto La concorrenza e la frode Le assicurazioni Come viene calcolato il bilancio di un\u2019impresa.[\/vc_column_text][\/toggle][toggle color=&#8221;Default&#8221; title=&#8221;Bibliografia\/Materiale Didattico&#8221;][vc_column_text]Affaires.com 3\u00e8me \u00e9dition Fran\u00e7ais professionnel CLE international Vocabulaire progressif du Fran\u00e7ais des affaires 2\u00e8me \u00e9dition CLE international Video e articoli di attualit\u00e0[\/vc_column_text][\/toggle][\/toggles][\/vc_column][\/vc_row][vc_row type=&#8221;in_container&#8221; full_screen_row_position=&#8221;middle&#8221; column_margin=&#8221;default&#8221; column_direction=&#8221;default&#8221; column_direction_tablet=&#8221;default&#8221; column_direction_phone=&#8221;default&#8221; scene_position=&#8221;center&#8221; text_color=&#8221;dark&#8221; text_align=&#8221;left&#8221; row_border_radius=&#8221;none&#8221; row_border_radius_applies=&#8221;bg&#8221; overflow=&#8221;visible&#8221; overlay_strength=&#8221;0.3&#8243; gradient_direction=&#8221;left_to_right&#8221; shape_divider_position=&#8221;bottom&#8221; bg_image_animation=&#8221;none&#8221;][vc_column column_padding=&#8221;no-extra-padding&#8221; column_padding_tablet=&#8221;inherit&#8221; column_padding_phone=&#8221;inherit&#8221; column_padding_position=&#8221;all&#8221; column_element_spacing=&#8221;default&#8221; background_color_opacity=&#8221;1&#8243; background_hover_color_opacity=&#8221;1&#8243; column_shadow=&#8221;none&#8221; column_border_radius=&#8221;none&#8221; column_link_target=&#8221;_self&#8221; column_position=&#8221;default&#8221; gradient_direction=&#8221;left_to_right&#8221; overlay_strength=&#8221;0.3&#8243; width=&#8221;1\/1&#8243; tablet_width_inherit=&#8221;default&#8221; tablet_text_alignment=&#8221;default&#8221; phone_text_alignment=&#8221;default&#8221; animation_type=&#8221;default&#8221; bg_image_animation=&#8221;none&#8221; border_type=&#8221;simple&#8221; column_border_width=&#8221;none&#8221; column_border_style=&#8221;solid&#8221;][vc_column_text]<em>Avete letto: Public Speaking Negotiation and Communication | Francese<\/em>[\/vc_column_text][\/vc_column][\/vc_row]\n","protected":false},"excerpt":{"rendered":"<p>[vc_row type=&#8221;full_width_background&#8221; full_screen_row_position=&#8221;middle&#8221; column_margin=&#8221;default&#8221; column_direction=&#8221;default&#8221; column_direction_tablet=&#8221;default&#8221; column_direction_phone=&#8221;default&#8221; bg_color=&#8221;#7f2d42&#8243; bg_image=&#8221;2472&#8243; bg_position=&#8221;left top&#8221; background_image_loading=&#8221;default&#8221; bg_repeat=&#8221;no-repeat&#8221; scene_position=&#8221;center&#8221; top_padding=&#8221;9%&#8221; constrain_group_1=&#8221;yes&#8221; bottom_padding=&#8221;9%&#8221; text_color=&#8221;light&#8221; text_align=&#8221;left&#8221; row_border_radius=&#8221;none&#8221; row_border_radius_applies=&#8221;bg&#8221; overflow=&#8221;visible&#8221; advanced_gradient_angle=&#8221;0&#8243; overlay_strength=&#8221;0.3&#8243; gradient_direction=&#8221;left_to_right&#8221; shape_divider_position=&#8221;bottom&#8221; bg_image_animation=&#8221;none&#8221; gradient_type=&#8221;default&#8221; shape_type=&#8221;&#8221;][vc_column column_padding=&#8221;no-extra-padding&#8221;&#8230;<\/p>\n","protected":false},"author":5,"featured_media":4980,"parent":0,"menu_order":0,"comment_status":"closed","ping_status":"closed","template":"","meta":{"content-type":"","slim_seo":{"title":"Business Language - Public Speaking Negotiation and Communication | Francese - Scuola Superiore per Mediatori Linguistici di Pisa","description":"[vc_row type=\"full_width_background\" full_screen_row_position=\"middle\" column_margin=\"default\" column_direction=\"default\" column_direction_tablet=\"default\" colu"},"footnotes":""},"class_list":["post-4142","page","type-page","status-publish","has-post-thumbnail"],"yoast_head":"<!-- This site is optimized with the Yoast SEO plugin v24.9 - https:\/\/yoast.com\/wordpress\/plugins\/seo\/ -->\n<title>Public Speaking Negotiation and Communication | Francese - SSML Pisa<\/title>\n<meta name=\"description\" content=\"Public Speaking Negotiation and Communication | Francese. Il business language del terzo anno si concentra sul settore degli affari.\" \/>\n<meta name=\"robots\" content=\"index, follow, max-snippet:-1, max-image-preview:large, max-video-preview:-1\" \/>\n<link rel=\"canonical\" href=\"https:\/\/www.mediazionelinguistica.it\/en\/triennale-business-language-public-speaking-negotiation-and-communication-francese\/\" \/>\n<meta property=\"og:locale\" content=\"en_US\" \/>\n<meta property=\"og:type\" content=\"article\" \/>\n<meta property=\"og:title\" content=\"Public Speaking Negotiation and Communication | Francese - SSML Pisa\" \/>\n<meta property=\"og:description\" content=\"Public Speaking Negotiation and Communication | Francese. Il business language del terzo anno si concentra sul settore degli affari.\" \/>\n<meta property=\"og:url\" content=\"https:\/\/www.mediazionelinguistica.it\/en\/triennale-business-language-public-speaking-negotiation-and-communication-francese\/\" \/>\n<meta property=\"og:site_name\" content=\"Scuola Superiore per Mediatori Linguistici di Pisa\" \/>\n<meta property=\"article:publisher\" content=\"https:\/\/www.facebook.com\/Ssmlpisa\" \/>\n<meta property=\"article:modified_time\" content=\"2023-12-14T15:05:41+00:00\" \/>\n<meta property=\"og:image\" content=\"https:\/\/www.mediazionelinguistica.it\/wp-content\/uploads\/2023\/04\/negoziare-in-francese.jpg\" \/>\n\t<meta property=\"og:image:width\" content=\"1104\" \/>\n\t<meta property=\"og:image:height\" content=\"798\" \/>\n\t<meta property=\"og:image:type\" content=\"image\/jpeg\" \/>\n<meta name=\"twitter:card\" content=\"summary_large_image\" \/>\n<meta name=\"twitter:title\" content=\"Public Speaking Negotiation and Communication | Francese - SSML Pisa\" \/>\n<meta name=\"twitter:description\" content=\"Public Speaking Negotiation and Communication | Francese. Il business language del terzo anno si concentra sul settore degli affari.\" \/>\n<meta name=\"twitter:image\" content=\"https:\/\/www.mediazionelinguistica.it\/wp-content\/uploads\/2023\/04\/negoziare-in-francese.jpg\" \/>\n<meta name=\"twitter:label1\" content=\"Est. reading time\" \/>\n\t<meta name=\"twitter:data1\" content=\"3 minutes\" \/>\n<script type=\"application\/ld+json\" class=\"yoast-schema-graph\">{\"@context\":\"https:\/\/schema.org\",\"@graph\":[{\"@type\":\"WebPage\",\"@id\":\"https:\/\/www.mediazionelinguistica.it\/en\/triennale-business-language-public-speaking-negotiation-and-communication-francese\/\",\"url\":\"https:\/\/www.mediazionelinguistica.it\/en\/triennale-business-language-public-speaking-negotiation-and-communication-francese\/\",\"name\":\"Public Speaking Negotiation and Communication | Francese - SSML Pisa\",\"isPartOf\":{\"@id\":\"https:\/\/www.mediazionelinguistica.it\/#website\"},\"primaryImageOfPage\":{\"@id\":\"https:\/\/www.mediazionelinguistica.it\/en\/triennale-business-language-public-speaking-negotiation-and-communication-francese\/#primaryimage\"},\"image\":{\"@id\":\"https:\/\/www.mediazionelinguistica.it\/en\/triennale-business-language-public-speaking-negotiation-and-communication-francese\/#primaryimage\"},\"thumbnailUrl\":\"https:\/\/www.mediazionelinguistica.it\/wp-content\/uploads\/2023\/04\/negoziare-in-francese.jpg\",\"datePublished\":\"2023-02-08T17:07:05+00:00\",\"dateModified\":\"2023-12-14T15:05:41+00:00\",\"description\":\"Public Speaking Negotiation and Communication | Francese. Il business language del terzo anno si concentra sul settore degli affari.\",\"breadcrumb\":{\"@id\":\"https:\/\/www.mediazionelinguistica.it\/en\/triennale-business-language-public-speaking-negotiation-and-communication-francese\/#breadcrumb\"},\"inLanguage\":\"en-US\",\"potentialAction\":[{\"@type\":\"ReadAction\",\"target\":[\"https:\/\/www.mediazionelinguistica.it\/en\/triennale-business-language-public-speaking-negotiation-and-communication-francese\/\"]}]},{\"@type\":\"ImageObject\",\"inLanguage\":\"en-US\",\"@id\":\"https:\/\/www.mediazionelinguistica.it\/en\/triennale-business-language-public-speaking-negotiation-and-communication-francese\/#primaryimage\",\"url\":\"https:\/\/www.mediazionelinguistica.it\/wp-content\/uploads\/2023\/04\/negoziare-in-francese.jpg\",\"contentUrl\":\"https:\/\/www.mediazionelinguistica.it\/wp-content\/uploads\/2023\/04\/negoziare-in-francese.jpg\",\"width\":1104,\"height\":798,\"caption\":\"Public Speaking Negotiation and Communication | Francese\"},{\"@type\":\"BreadcrumbList\",\"@id\":\"https:\/\/www.mediazionelinguistica.it\/en\/triennale-business-language-public-speaking-negotiation-and-communication-francese\/#breadcrumb\",\"itemListElement\":[{\"@type\":\"ListItem\",\"position\":1,\"name\":\"Home\",\"item\":\"https:\/\/www.mediazionelinguistica.it\/en\/\"},{\"@type\":\"ListItem\",\"position\":2,\"name\":\"Business Language &#8211; Public Speaking Negotiation and Communication | Francese\"}]},{\"@type\":\"WebSite\",\"@id\":\"https:\/\/www.mediazionelinguistica.it\/#website\",\"url\":\"https:\/\/www.mediazionelinguistica.it\/\",\"name\":\"Scuola Superiore per Mediatori Linguistici di Pisa\",\"description\":\"Corso Laurea triennale e magistrale mediazione linguistica\",\"publisher\":{\"@id\":\"https:\/\/www.mediazionelinguistica.it\/#organization\"},\"potentialAction\":[{\"@type\":\"SearchAction\",\"target\":{\"@type\":\"EntryPoint\",\"urlTemplate\":\"https:\/\/www.mediazionelinguistica.it\/?s={search_term_string}\"},\"query-input\":{\"@type\":\"PropertyValueSpecification\",\"valueRequired\":true,\"valueName\":\"search_term_string\"}}],\"inLanguage\":\"en-US\"},{\"@type\":\"Organization\",\"@id\":\"https:\/\/www.mediazionelinguistica.it\/#organization\",\"name\":\"Scuola Superiore per Mediatori Linguistici di Pisa\",\"url\":\"https:\/\/www.mediazionelinguistica.it\/\",\"logo\":{\"@type\":\"ImageObject\",\"inLanguage\":\"en-US\",\"@id\":\"https:\/\/www.mediazionelinguistica.it\/#\/schema\/logo\/image\/\",\"url\":\"http:\/\/www.mediazionelinguistica.it\/wp-content\/uploads\/2023\/05\/cropped-Logo-SSML-2023_sfondo-trasparente.png\",\"contentUrl\":\"http:\/\/www.mediazionelinguistica.it\/wp-content\/uploads\/2023\/05\/cropped-Logo-SSML-2023_sfondo-trasparente.png\",\"width\":512,\"height\":512,\"caption\":\"Scuola Superiore per Mediatori Linguistici di Pisa\"},\"image\":{\"@id\":\"https:\/\/www.mediazionelinguistica.it\/#\/schema\/logo\/image\/\"},\"sameAs\":[\"https:\/\/www.facebook.com\/Ssmlpisa\",\"https:\/\/www.instagram.com\/ssmlpisa\/\",\"https:\/\/www.tiktok.com\/@ssml_pisa\"]}]}<\/script>\n<!-- \/ Yoast SEO plugin. -->","yoast_head_json":{"title":"Public Speaking Negotiation and Communication | Francese - SSML Pisa","description":"Public Speaking Negotiation and Communication | Francese. Il business language del terzo anno si concentra sul settore degli affari.","robots":{"index":"index","follow":"follow","max-snippet":"max-snippet:-1","max-image-preview":"max-image-preview:large","max-video-preview":"max-video-preview:-1"},"canonical":"https:\/\/www.mediazionelinguistica.it\/en\/triennale-business-language-public-speaking-negotiation-and-communication-francese\/","og_locale":"en_US","og_type":"article","og_title":"Public Speaking Negotiation and Communication | Francese - SSML Pisa","og_description":"Public Speaking Negotiation and Communication | Francese. Il business language del terzo anno si concentra sul settore degli affari.","og_url":"https:\/\/www.mediazionelinguistica.it\/en\/triennale-business-language-public-speaking-negotiation-and-communication-francese\/","og_site_name":"Scuola Superiore per Mediatori Linguistici di Pisa","article_publisher":"https:\/\/www.facebook.com\/Ssmlpisa","article_modified_time":"2023-12-14T15:05:41+00:00","og_image":[{"width":1104,"height":798,"url":"https:\/\/www.mediazionelinguistica.it\/wp-content\/uploads\/2023\/04\/negoziare-in-francese.jpg","type":"image\/jpeg"}],"twitter_card":"summary_large_image","twitter_title":"Public Speaking Negotiation and Communication | Francese - SSML Pisa","twitter_description":"Public Speaking Negotiation and Communication | Francese. Il business language del terzo anno si concentra sul settore degli affari.","twitter_image":"https:\/\/www.mediazionelinguistica.it\/wp-content\/uploads\/2023\/04\/negoziare-in-francese.jpg","twitter_misc":{"Est. reading time":"3 minutes"},"schema":{"@context":"https:\/\/schema.org","@graph":[{"@type":"WebPage","@id":"https:\/\/www.mediazionelinguistica.it\/en\/triennale-business-language-public-speaking-negotiation-and-communication-francese\/","url":"https:\/\/www.mediazionelinguistica.it\/en\/triennale-business-language-public-speaking-negotiation-and-communication-francese\/","name":"Public Speaking Negotiation and Communication | Francese - SSML Pisa","isPartOf":{"@id":"https:\/\/www.mediazionelinguistica.it\/#website"},"primaryImageOfPage":{"@id":"https:\/\/www.mediazionelinguistica.it\/en\/triennale-business-language-public-speaking-negotiation-and-communication-francese\/#primaryimage"},"image":{"@id":"https:\/\/www.mediazionelinguistica.it\/en\/triennale-business-language-public-speaking-negotiation-and-communication-francese\/#primaryimage"},"thumbnailUrl":"https:\/\/www.mediazionelinguistica.it\/wp-content\/uploads\/2023\/04\/negoziare-in-francese.jpg","datePublished":"2023-02-08T17:07:05+00:00","dateModified":"2023-12-14T15:05:41+00:00","description":"Public Speaking Negotiation and Communication | Francese. Il business language del terzo anno si concentra sul settore degli affari.","breadcrumb":{"@id":"https:\/\/www.mediazionelinguistica.it\/en\/triennale-business-language-public-speaking-negotiation-and-communication-francese\/#breadcrumb"},"inLanguage":"en-US","potentialAction":[{"@type":"ReadAction","target":["https:\/\/www.mediazionelinguistica.it\/en\/triennale-business-language-public-speaking-negotiation-and-communication-francese\/"]}]},{"@type":"ImageObject","inLanguage":"en-US","@id":"https:\/\/www.mediazionelinguistica.it\/en\/triennale-business-language-public-speaking-negotiation-and-communication-francese\/#primaryimage","url":"https:\/\/www.mediazionelinguistica.it\/wp-content\/uploads\/2023\/04\/negoziare-in-francese.jpg","contentUrl":"https:\/\/www.mediazionelinguistica.it\/wp-content\/uploads\/2023\/04\/negoziare-in-francese.jpg","width":1104,"height":798,"caption":"Public Speaking Negotiation and Communication | Francese"},{"@type":"BreadcrumbList","@id":"https:\/\/www.mediazionelinguistica.it\/en\/triennale-business-language-public-speaking-negotiation-and-communication-francese\/#breadcrumb","itemListElement":[{"@type":"ListItem","position":1,"name":"Home","item":"https:\/\/www.mediazionelinguistica.it\/en\/"},{"@type":"ListItem","position":2,"name":"Business Language &#8211; Public Speaking Negotiation and Communication | Francese"}]},{"@type":"WebSite","@id":"https:\/\/www.mediazionelinguistica.it\/#website","url":"https:\/\/www.mediazionelinguistica.it\/","name":"Scuola Superiore per Mediatori Linguistici di Pisa","description":"Corso Laurea triennale e magistrale mediazione linguistica","publisher":{"@id":"https:\/\/www.mediazionelinguistica.it\/#organization"},"potentialAction":[{"@type":"SearchAction","target":{"@type":"EntryPoint","urlTemplate":"https:\/\/www.mediazionelinguistica.it\/?s={search_term_string}"},"query-input":{"@type":"PropertyValueSpecification","valueRequired":true,"valueName":"search_term_string"}}],"inLanguage":"en-US"},{"@type":"Organization","@id":"https:\/\/www.mediazionelinguistica.it\/#organization","name":"Scuola Superiore per Mediatori Linguistici di Pisa","url":"https:\/\/www.mediazionelinguistica.it\/","logo":{"@type":"ImageObject","inLanguage":"en-US","@id":"https:\/\/www.mediazionelinguistica.it\/#\/schema\/logo\/image\/","url":"http:\/\/www.mediazionelinguistica.it\/wp-content\/uploads\/2023\/05\/cropped-Logo-SSML-2023_sfondo-trasparente.png","contentUrl":"http:\/\/www.mediazionelinguistica.it\/wp-content\/uploads\/2023\/05\/cropped-Logo-SSML-2023_sfondo-trasparente.png","width":512,"height":512,"caption":"Scuola Superiore per Mediatori Linguistici di Pisa"},"image":{"@id":"https:\/\/www.mediazionelinguistica.it\/#\/schema\/logo\/image\/"},"sameAs":["https:\/\/www.facebook.com\/Ssmlpisa","https:\/\/www.instagram.com\/ssmlpisa\/","https:\/\/www.tiktok.com\/@ssml_pisa"]}]}},"_links":{"self":[{"href":"https:\/\/www.mediazionelinguistica.it\/en\/wp-json\/wp\/v2\/pages\/4142","targetHints":{"allow":["GET"]}}],"collection":[{"href":"https:\/\/www.mediazionelinguistica.it\/en\/wp-json\/wp\/v2\/pages"}],"about":[{"href":"https:\/\/www.mediazionelinguistica.it\/en\/wp-json\/wp\/v2\/types\/page"}],"author":[{"embeddable":true,"href":"https:\/\/www.mediazionelinguistica.it\/en\/wp-json\/wp\/v2\/users\/5"}],"replies":[{"embeddable":true,"href":"https:\/\/www.mediazionelinguistica.it\/en\/wp-json\/wp\/v2\/comments?post=4142"}],"version-history":[{"count":0,"href":"https:\/\/www.mediazionelinguistica.it\/en\/wp-json\/wp\/v2\/pages\/4142\/revisions"}],"wp:featuredmedia":[{"embeddable":true,"href":"https:\/\/www.mediazionelinguistica.it\/en\/wp-json\/wp\/v2\/media\/4980"}],"wp:attachment":[{"href":"https:\/\/www.mediazionelinguistica.it\/en\/wp-json\/wp\/v2\/media?parent=4142"}],"curies":[{"name":"wp","href":"https:\/\/api.w.org\/{rel}","templated":true}]}}