{"id":4132,"date":"2023-02-08T17:51:31","date_gmt":"2023-02-08T16:51:31","guid":{"rendered":"http:\/\/www.mediazionelinguistica.it\/?page_id=4132"},"modified":"2023-12-20T15:08:02","modified_gmt":"2023-12-20T14:08:02","slug":"triennale-business-language-public-speaking-negotiation-and-communication-inglese","status":"publish","type":"page","link":"https:\/\/www.mediazionelinguistica.it\/en\/triennale-business-language-public-speaking-negotiation-and-communication-inglese\/","title":{"rendered":"Business Language &#8211; Public Speaking Negotiation and Communication | Inglese"},"content":{"rendered":"[vc_row type=&#8221;full_width_background&#8221; full_screen_row_position=&#8221;middle&#8221; column_margin=&#8221;default&#8221; column_direction=&#8221;default&#8221; column_direction_tablet=&#8221;default&#8221; column_direction_phone=&#8221;default&#8221; bg_color=&#8221;#7f2d42&#8243; bg_image=&#8221;2472&#8243; bg_position=&#8221;left top&#8221; background_image_loading=&#8221;default&#8221; bg_repeat=&#8221;no-repeat&#8221; scene_position=&#8221;center&#8221; top_padding=&#8221;9%&#8221; constrain_group_1=&#8221;yes&#8221; bottom_padding=&#8221;9%&#8221; text_color=&#8221;light&#8221; text_align=&#8221;left&#8221; row_border_radius=&#8221;none&#8221; row_border_radius_applies=&#8221;bg&#8221; overflow=&#8221;visible&#8221; advanced_gradient_angle=&#8221;0&#8243; overlay_strength=&#8221;0.3&#8243; gradient_direction=&#8221;left_to_right&#8221; shape_divider_position=&#8221;bottom&#8221; bg_image_animation=&#8221;none&#8221; gradient_type=&#8221;default&#8221; shape_type=&#8221;&#8221;][vc_column column_padding=&#8221;no-extra-padding&#8221; column_padding_tablet=&#8221;inherit&#8221; column_padding_phone=&#8221;inherit&#8221; column_padding_position=&#8221;all&#8221; column_element_spacing=&#8221;default&#8221; background_color_opacity=&#8221;1&#8243; background_hover_color_opacity=&#8221;1&#8243; column_shadow=&#8221;none&#8221; column_border_radius=&#8221;none&#8221; column_link_target=&#8221;_self&#8221; column_position=&#8221;default&#8221; gradient_direction=&#8221;left_to_right&#8221; overlay_strength=&#8221;0.3&#8243; width=&#8221;1\/5&#8243; tablet_width_inherit=&#8221;default&#8221; tablet_text_alignment=&#8221;default&#8221; phone_text_alignment=&#8221;default&#8221; animation_type=&#8221;default&#8221; bg_image_animation=&#8221;none&#8221; border_type=&#8221;simple&#8221; column_border_width=&#8221;none&#8221; column_border_style=&#8221;solid&#8221;][\/vc_column][vc_column column_padding=&#8221;no-extra-padding&#8221; column_padding_tablet=&#8221;inherit&#8221; column_padding_phone=&#8221;inherit&#8221; column_padding_position=&#8221;all&#8221; column_element_spacing=&#8221;default&#8221; background_color_opacity=&#8221;1&#8243; background_hover_color_opacity=&#8221;1&#8243; column_shadow=&#8221;none&#8221; column_border_radius=&#8221;none&#8221; column_link_target=&#8221;_self&#8221; column_position=&#8221;default&#8221; gradient_direction=&#8221;left_to_right&#8221; overlay_strength=&#8221;0.3&#8243; width=&#8221;3\/5&#8243; tablet_width_inherit=&#8221;default&#8221; tablet_text_alignment=&#8221;default&#8221; phone_text_alignment=&#8221;default&#8221; animation_type=&#8221;default&#8221; bg_image_animation=&#8221;none&#8221; border_type=&#8221;simple&#8221; column_border_width=&#8221;none&#8221; column_border_style=&#8221;solid&#8221;][vc_column_text]\n<h1>Business Language &#8211; Public Speaking Negotiation and Communication | Inglese<\/h1>\n[\/vc_column_text][vc_column_text]\n<h2>Laurea Triennale in Scienze della Mediazione Linguistica<\/h2>\n[\/vc_column_text]<div class=\"nectar-fancy-ul\" data-list-icon=\"icon-salient-thin-line\" data-animation=\"false\" data-animation-delay=\"0\" data-color=\"extra-color-1\" data-spacing=\"default\" data-alignment=\"left\"> \n<ul>\n<li>\n<h3>III anno<\/h3>\n<\/li>\n<li>\n<h3>Insegnamento Annuale<\/h3>\n<\/li>\n<li>\n<h3>In Lingua Inglese<\/h3>\n<\/li>\n<li>\n<h3>60 ore accademiche<\/h3>\n<\/li>\n<li>\n<h3>2 CFM<\/h3>\n<\/li>\n<\/ul>\n <\/div>[\/vc_column][vc_column column_padding=&#8221;no-extra-padding&#8221; column_padding_tablet=&#8221;inherit&#8221; column_padding_phone=&#8221;inherit&#8221; column_padding_position=&#8221;all&#8221; column_element_spacing=&#8221;default&#8221; background_color_opacity=&#8221;1&#8243; background_hover_color_opacity=&#8221;1&#8243; column_shadow=&#8221;none&#8221; column_border_radius=&#8221;none&#8221; column_link_target=&#8221;_self&#8221; column_position=&#8221;default&#8221; gradient_direction=&#8221;left_to_right&#8221; overlay_strength=&#8221;0.3&#8243; width=&#8221;1\/5&#8243; tablet_width_inherit=&#8221;default&#8221; tablet_text_alignment=&#8221;default&#8221; phone_text_alignment=&#8221;default&#8221; animation_type=&#8221;default&#8221; bg_image_animation=&#8221;none&#8221; border_type=&#8221;simple&#8221; column_border_width=&#8221;none&#8221; column_border_style=&#8221;solid&#8221;][\/vc_column][\/vc_row][vc_row type=&#8221;in_container&#8221; full_screen_row_position=&#8221;middle&#8221; column_margin=&#8221;default&#8221; column_direction=&#8221;default&#8221; column_direction_tablet=&#8221;default&#8221; column_direction_phone=&#8221;default&#8221; scene_position=&#8221;center&#8221; text_color=&#8221;dark&#8221; text_align=&#8221;left&#8221; row_border_radius=&#8221;none&#8221; row_border_radius_applies=&#8221;bg&#8221; overflow=&#8221;visible&#8221; overlay_strength=&#8221;0.3&#8243; gradient_direction=&#8221;left_to_right&#8221; shape_divider_position=&#8221;bottom&#8221; bg_image_animation=&#8221;none&#8221;][vc_column column_padding=&#8221;no-extra-padding&#8221; column_padding_tablet=&#8221;inherit&#8221; column_padding_phone=&#8221;inherit&#8221; column_padding_position=&#8221;all&#8221; column_element_spacing=&#8221;default&#8221; background_color_opacity=&#8221;1&#8243; background_hover_color_opacity=&#8221;1&#8243; column_shadow=&#8221;none&#8221; column_border_radius=&#8221;none&#8221; column_link_target=&#8221;_self&#8221; column_position=&#8221;default&#8221; gradient_direction=&#8221;left_to_right&#8221; overlay_strength=&#8221;0.3&#8243; width=&#8221;1\/1&#8243; tablet_width_inherit=&#8221;default&#8221; tablet_text_alignment=&#8221;default&#8221; phone_text_alignment=&#8221;default&#8221; animation_type=&#8221;default&#8221; bg_image_animation=&#8221;none&#8221; border_type=&#8221;simple&#8221; column_border_width=&#8221;none&#8221; column_border_style=&#8221;solid&#8221;][toggles style=&#8221;minimal&#8221;][toggle color=&#8221;Default&#8221; title=&#8221;Presentazione dell&#8217;Insegnamento&#8221;][vc_column_text]Il corso English for Business di terzo anno \u00e8 di un livello C1\/C2, ed \u00e8 portato a migliorare la capacit\u00e0 degli studenti di parlare, scrivere e comprendere l\u2019inglese in contesti professionali e commerciali. Durante l&#8217;anno si promuove l&#8217;espansione del vocabolario generale inglese e si impara la terminologia e le competenze applicate a negoziazioni commerciali, conversazioni telefoniche, rapporti scritti e mail e presentazioni professionali.[\/vc_column_text][\/toggle][toggle color=&#8221;Default&#8221; title=&#8221;Obiettivi Formativi&#8221;][vc_column_text]Destinato a sviluppare una gamma di competenze linguistiche comunicative per essere in grado di svolgere correttamente le attivit\u00e0 legate al lavoro, il corso migliora anche la conoscenza della pratica commerciale tramite l&#8217;esplorazione di argomenti legati alla teoria aziendale sul lavoro. Infine, questo corso permette allo studente di praticare abilit\u00e0 commerciali come :<\/p>\n<p>-Fare presentazioni, tenere riunioni e negoziare.<\/p>\n<p>-Scrivere rapporti aziendali.<\/p>\n<p>-Costruire la fiducia degli studenti e fornire loro risorse linguistiche per partecipare a riunioni di lavoro.<\/p>\n<p>-Discutere in dettaglio di argomenti relativi al successo, incluso come formare un team motivato e di successo.<\/p>\n<p>-Partecipare a riunioni nella sua area di competenza.<\/p>\n<p>-Spiegare la sua formazione, esperienza, punti di forza e debolezze e discutere il -suo percorso professionale.<\/p>\n<p>-Parlare dei processi mentali e di come pu\u00f2 usarle per migliorare la sua efficacia sul lavoro.<\/p>\n<p>-Discutere le qualit\u00e0 della leadership e parlare dei leader che ammira.<\/p>\n<p>-Gestire situazioni imbarazzanti relativamente complesse che sorgono in contesti sociali e commerciali.<\/p>\n<p>-Discutere di situazioni politiche comuni e il comportamento dei politici.<\/p>\n<p>-Discutere di argomenti scientifici e tecnologici, inclusi elementi di robotica e nuove invenzioni.<\/p>\n<p>-Usare una vasta gamma di metodologie per promuovere la creativit\u00e0 nel linguaggio parlato e scritto.<\/p>\n<p>-Discutere di piani finanziari e offrire e ricevere consigli sulle proprie finanze. parlare dei fattori di stress nella vita, sia la propria che quella di amici e colleghi.[\/vc_column_text][\/toggle][toggle color=&#8221;Default&#8221; title=&#8221;Programma&#8221;][vc_column_text]La struttura del corso \u00e8 fatta dalle quattro aree di apprendimento linguistiche, ovvero : parlare, ascoltare, scrivere e leggere. Perci\u00f2 ogni lezione \u00e8 composta da dialogo e dibattito tra studenti e professore, presentazioni orale e scritte preparate a casa, giochi di ruolo su argomenti commerciali e aziendali, visualizzazioni di documentari e programmi informativi relativi al business (BBC, Ted talks, CNN ecc), esercizi scritti di vocabolario e grammatica, composizioni scritte (articoli, rapporti, piano di sviluppo economico ecc). Inoltre, dopo ogni cinque lezioni circa, c\u2019\u00e8 una lezione \u201cstudent choice\u201d nella quale gli studenti sono invitati a consolidare competenze linguistiche della loro scelta, ed \u00e8 seguita da una valutazione dei progressi degli studenti di met\u00e0 ciclo. Gli esami sono preparati in aula e a casa, e corretti in aula con il professore.<\/p>\n<p>PRIMO SEMESTRE :<\/p>\n<p>1 Level assessment and course objectives Speaking and listening test Getting-to-know you questions and answers Objectives for course.<\/p>\n<p>2 You&#8217;re hired Have you ever been part of an apprenticeship ? Reading an article out loud Ted talk : Great leadership starts with self-leadership | Lars Sudmann<\/p>\n<p>3 Energy transition Fatih Birol: Could short-term panic derail the clean energy transition? &#8211; BBC Sounds Case study : Energy Saving at Tumalet software<\/p>\n<p>4 Vocab focus : corporate language Ultimate World &#8211; BBC Reel a desk full of descriptions for your work colleagues Top 50 Corporate Jargon to Help You Survive Office Meetings (emeritus.org)<\/p>\n<p>5 Marketing Bookwork : Attracting new customers : Home2U The world&#8217;s most expensive nannies : Ultimate World &#8211; BBC Reel Establish an advertising campaign for Norland Nannies, include product endorsements, chosen media and formats.<\/p>\n<p>6 The future of work Listening : Solo and hybrid work, navigating the new normal ReThink &#8211; BBC Reel Discuss : employment trends in italy in terms of : -length of working hours -types of contact -self-employment -unemployment Work life balance<\/p>\n<p>7 Disability and Employment Money Box &#8211; Disability and Employment &#8211; BBC Sounds Brainstorming : what do you know about disability ? Concealing it ? What are hidden and visible disabilities ? Reading and writing : group work : select one of the top ten employers \/ employees of the year from EOP and present them to the class https:\/\/www.eop.com\/awards-CD.php<\/p>\n<p>8 Work Ethics Dilemmas at Daybreak (damage limitation) : writing a press release<\/p>\n<p>9 Listening : Mental health in the workplace Mental health in the workplace &#8211; 6 Minute English<\/p>\n<p>10Exam prep End of cycle progress check, Round up of language learned thus far<\/p>\n<p>SECONDO SEMESTRE<\/p>\n<p>1 Exam correction Correcting the exam<\/p>\n<p>2 Negotiations Role play : Participating in a complex negotiations, testing situations and resolving conflict Bookwork : managing negotiacions<\/p>\n<p>3 GREEN WEEK: sustainable banking Bookwork : Finance : sustainable banking Case study : BNP Paribas Video : Future Banking Season 6, Episode 2: Banking in the Era of Sustainability<\/p>\n<p>4 Start-ups and personal branding Bookwork : Go the Distance with a one trick pony Good Bad Millionaire : Rihanna : Turning Beauty into Billions<\/p>\n<p>5 Student Choice Student choice of content : Language focus (grammar, vocab) Listening, reading debating&#8230;<\/p>\n<p>6 Online business https:\/\/www.youtube.com\/watch?v=reUZRyXxUs4 Debate : what jobs can we concede to AI ?<\/p>\n<p>7 Teleconferences Bookwork : A13 Radio 1&#8217;s All the Latest Things &#8211; Livening up a Zoom meeting &#8211; BBC Sounds Managing participants in a teleconference using appropriate language, Helping others stay on topic. Video : Zoom meeting tips every host should know Role play : prepping a teleconference in small groups and acting it out.<\/p>\n<p>8 Strategy Bookwork : developing a business stratergy Listening :Start with why &#8211; how great leaders inspire action | Simon Sinek<\/p>\n<p>9 Project Management Issues in project management Presentations on passed projects that the students managed and were successful or that failed.<\/p>\n<p>10Exam prep End of cycle progress check, Round up of language learned thus far.[\/vc_column_text][\/toggle][toggle color=&#8221;Default&#8221; title=&#8221;Bibliografia\/Materiale Didattico&#8221;][vc_column_text]Market Leader Advanced (libro e CD) BBC Sounds \/ Reels TED.[\/vc_column_text][\/toggle][\/toggles][\/vc_column][\/vc_row][vc_row type=&#8221;in_container&#8221; full_screen_row_position=&#8221;middle&#8221; column_margin=&#8221;default&#8221; column_direction=&#8221;default&#8221; column_direction_tablet=&#8221;default&#8221; column_direction_phone=&#8221;default&#8221; scene_position=&#8221;center&#8221; text_color=&#8221;dark&#8221; text_align=&#8221;left&#8221; row_border_radius=&#8221;none&#8221; row_border_radius_applies=&#8221;bg&#8221; overflow=&#8221;visible&#8221; overlay_strength=&#8221;0.3&#8243; gradient_direction=&#8221;left_to_right&#8221; shape_divider_position=&#8221;bottom&#8221; bg_image_animation=&#8221;none&#8221;][vc_column column_padding=&#8221;no-extra-padding&#8221; column_padding_tablet=&#8221;inherit&#8221; column_padding_phone=&#8221;inherit&#8221; column_padding_position=&#8221;all&#8221; column_element_spacing=&#8221;default&#8221; background_color_opacity=&#8221;1&#8243; background_hover_color_opacity=&#8221;1&#8243; column_shadow=&#8221;none&#8221; column_border_radius=&#8221;none&#8221; column_link_target=&#8221;_self&#8221; column_position=&#8221;default&#8221; gradient_direction=&#8221;left_to_right&#8221; overlay_strength=&#8221;0.3&#8243; width=&#8221;1\/1&#8243; tablet_width_inherit=&#8221;default&#8221; tablet_text_alignment=&#8221;default&#8221; phone_text_alignment=&#8221;default&#8221; animation_type=&#8221;default&#8221; bg_image_animation=&#8221;none&#8221; border_type=&#8221;simple&#8221; column_border_width=&#8221;none&#8221; column_border_style=&#8221;solid&#8221;][vc_column_text]<em>Avete letto: Public Speaking Negotiation and Communication | Inglese<\/em>[\/vc_column_text][\/vc_column][\/vc_row]\n","protected":false},"excerpt":{"rendered":"<p>[vc_row type=&#8221;full_width_background&#8221; full_screen_row_position=&#8221;middle&#8221; column_margin=&#8221;default&#8221; column_direction=&#8221;default&#8221; column_direction_tablet=&#8221;default&#8221; column_direction_phone=&#8221;default&#8221; bg_color=&#8221;#7f2d42&#8243; bg_image=&#8221;2472&#8243; bg_position=&#8221;left top&#8221; background_image_loading=&#8221;default&#8221; bg_repeat=&#8221;no-repeat&#8221; scene_position=&#8221;center&#8221; top_padding=&#8221;9%&#8221; constrain_group_1=&#8221;yes&#8221; bottom_padding=&#8221;9%&#8221; text_color=&#8221;light&#8221; text_align=&#8221;left&#8221; row_border_radius=&#8221;none&#8221; row_border_radius_applies=&#8221;bg&#8221; overflow=&#8221;visible&#8221; advanced_gradient_angle=&#8221;0&#8243; overlay_strength=&#8221;0.3&#8243; gradient_direction=&#8221;left_to_right&#8221; shape_divider_position=&#8221;bottom&#8221; bg_image_animation=&#8221;none&#8221; gradient_type=&#8221;default&#8221; shape_type=&#8221;&#8221;][vc_column column_padding=&#8221;no-extra-padding&#8221;&#8230;<\/p>\n","protected":false},"author":5,"featured_media":0,"parent":0,"menu_order":0,"comment_status":"closed","ping_status":"closed","template":"","meta":{"content-type":"","slim_seo":{"title":"Business Language - Public Speaking Negotiation and Communication | Inglese - Scuola Superiore per Mediatori Linguistici di Pisa","description":"[vc_row type=\"full_width_background\" full_screen_row_position=\"middle\" column_margin=\"default\" column_direction=\"default\" column_direction_tablet=\"default\" colu"},"footnotes":""},"class_list":["post-4132","page","type-page","status-publish"],"yoast_head":"<!-- This site is optimized with the Yoast SEO plugin v24.9 - https:\/\/yoast.com\/wordpress\/plugins\/seo\/ -->\n<title>Business Language - Public Speaking Negotiation and Communication | Inglese<\/title>\n<meta name=\"description\" content=\"Il corso di Public Speaking &amp; Self Presentation \u00e8 stato ideato per fornire agli studenti la terminologia inglese necessaria per lavorare nel mondo reale.\" \/>\n<meta name=\"robots\" content=\"index, follow, max-snippet:-1, max-image-preview:large, max-video-preview:-1\" \/>\n<link rel=\"canonical\" href=\"https:\/\/www.mediazionelinguistica.it\/en\/triennale-business-language-public-speaking-negotiation-and-communication-inglese\/\" \/>\n<meta property=\"og:locale\" content=\"en_US\" \/>\n<meta property=\"og:type\" content=\"article\" \/>\n<meta property=\"og:title\" content=\"Public Speaking Negotiation and Communication | Inglese\" \/>\n<meta property=\"og:description\" content=\"Il corso di Public Speaking &amp; Self Presentation \u00e8 stato ideato per fornire agli studenti la terminologia inglese necessaria per lavorare nel mondo reale.\" \/>\n<meta property=\"og:url\" content=\"https:\/\/www.mediazionelinguistica.it\/en\/triennale-business-language-public-speaking-negotiation-and-communication-inglese\/\" \/>\n<meta property=\"og:site_name\" content=\"Scuola Superiore per Mediatori Linguistici di Pisa\" \/>\n<meta property=\"article:publisher\" content=\"https:\/\/www.facebook.com\/Ssmlpisa\" \/>\n<meta property=\"article:modified_time\" content=\"2023-12-20T14:08:02+00:00\" \/>\n<meta name=\"twitter:card\" content=\"summary_large_image\" \/>\n<meta name=\"twitter:title\" content=\"Public Speaking Negotiation and Communication | Inglese\" \/>\n<meta name=\"twitter:description\" content=\"Il corso di Public Speaking &amp; Self Presentation \u00e8 stato ideato per fornire agli studenti la terminologia inglese necessaria per lavorare nel mondo reale.\" \/>\n<meta name=\"twitter:label1\" content=\"Est. reading time\" \/>\n\t<meta name=\"twitter:data1\" content=\"6 minutes\" \/>\n<script type=\"application\/ld+json\" class=\"yoast-schema-graph\">{\"@context\":\"https:\/\/schema.org\",\"@graph\":[{\"@type\":\"WebPage\",\"@id\":\"https:\/\/www.mediazionelinguistica.it\/en\/triennale-business-language-public-speaking-negotiation-and-communication-inglese\/\",\"url\":\"https:\/\/www.mediazionelinguistica.it\/en\/triennale-business-language-public-speaking-negotiation-and-communication-inglese\/\",\"name\":\"Business Language - Public Speaking Negotiation and Communication | Inglese\",\"isPartOf\":{\"@id\":\"https:\/\/www.mediazionelinguistica.it\/#website\"},\"datePublished\":\"2023-02-08T16:51:31+00:00\",\"dateModified\":\"2023-12-20T14:08:02+00:00\",\"description\":\"Il corso di Public Speaking & Self Presentation \u00e8 stato ideato per fornire agli studenti la terminologia inglese necessaria per lavorare nel mondo reale.\",\"breadcrumb\":{\"@id\":\"https:\/\/www.mediazionelinguistica.it\/en\/triennale-business-language-public-speaking-negotiation-and-communication-inglese\/#breadcrumb\"},\"inLanguage\":\"en-US\",\"potentialAction\":[{\"@type\":\"ReadAction\",\"target\":[\"https:\/\/www.mediazionelinguistica.it\/en\/triennale-business-language-public-speaking-negotiation-and-communication-inglese\/\"]}]},{\"@type\":\"BreadcrumbList\",\"@id\":\"https:\/\/www.mediazionelinguistica.it\/en\/triennale-business-language-public-speaking-negotiation-and-communication-inglese\/#breadcrumb\",\"itemListElement\":[{\"@type\":\"ListItem\",\"position\":1,\"name\":\"Home\",\"item\":\"https:\/\/www.mediazionelinguistica.it\/en\/\"},{\"@type\":\"ListItem\",\"position\":2,\"name\":\"Business Language &#8211; Public Speaking Negotiation and Communication | Inglese\"}]},{\"@type\":\"WebSite\",\"@id\":\"https:\/\/www.mediazionelinguistica.it\/#website\",\"url\":\"https:\/\/www.mediazionelinguistica.it\/\",\"name\":\"Scuola Superiore per Mediatori Linguistici di Pisa\",\"description\":\"Corso Laurea triennale e magistrale mediazione linguistica\",\"publisher\":{\"@id\":\"https:\/\/www.mediazionelinguistica.it\/#organization\"},\"potentialAction\":[{\"@type\":\"SearchAction\",\"target\":{\"@type\":\"EntryPoint\",\"urlTemplate\":\"https:\/\/www.mediazionelinguistica.it\/?s={search_term_string}\"},\"query-input\":{\"@type\":\"PropertyValueSpecification\",\"valueRequired\":true,\"valueName\":\"search_term_string\"}}],\"inLanguage\":\"en-US\"},{\"@type\":\"Organization\",\"@id\":\"https:\/\/www.mediazionelinguistica.it\/#organization\",\"name\":\"Scuola Superiore per Mediatori Linguistici di Pisa\",\"url\":\"https:\/\/www.mediazionelinguistica.it\/\",\"logo\":{\"@type\":\"ImageObject\",\"inLanguage\":\"en-US\",\"@id\":\"https:\/\/www.mediazionelinguistica.it\/#\/schema\/logo\/image\/\",\"url\":\"http:\/\/www.mediazionelinguistica.it\/wp-content\/uploads\/2023\/05\/cropped-Logo-SSML-2023_sfondo-trasparente.png\",\"contentUrl\":\"http:\/\/www.mediazionelinguistica.it\/wp-content\/uploads\/2023\/05\/cropped-Logo-SSML-2023_sfondo-trasparente.png\",\"width\":512,\"height\":512,\"caption\":\"Scuola Superiore per Mediatori Linguistici di Pisa\"},\"image\":{\"@id\":\"https:\/\/www.mediazionelinguistica.it\/#\/schema\/logo\/image\/\"},\"sameAs\":[\"https:\/\/www.facebook.com\/Ssmlpisa\",\"https:\/\/www.instagram.com\/ssmlpisa\/\",\"https:\/\/www.tiktok.com\/@ssml_pisa\"]}]}<\/script>\n<!-- \/ Yoast SEO plugin. -->","yoast_head_json":{"title":"Business Language - Public Speaking Negotiation and Communication | Inglese","description":"Il corso di Public Speaking & Self Presentation \u00e8 stato ideato per fornire agli studenti la terminologia inglese necessaria per lavorare nel mondo reale.","robots":{"index":"index","follow":"follow","max-snippet":"max-snippet:-1","max-image-preview":"max-image-preview:large","max-video-preview":"max-video-preview:-1"},"canonical":"https:\/\/www.mediazionelinguistica.it\/en\/triennale-business-language-public-speaking-negotiation-and-communication-inglese\/","og_locale":"en_US","og_type":"article","og_title":"Public Speaking Negotiation and Communication | Inglese","og_description":"Il corso di Public Speaking & Self Presentation \u00e8 stato ideato per fornire agli studenti la terminologia inglese necessaria per lavorare nel mondo reale.","og_url":"https:\/\/www.mediazionelinguistica.it\/en\/triennale-business-language-public-speaking-negotiation-and-communication-inglese\/","og_site_name":"Scuola Superiore per Mediatori Linguistici di Pisa","article_publisher":"https:\/\/www.facebook.com\/Ssmlpisa","article_modified_time":"2023-12-20T14:08:02+00:00","twitter_card":"summary_large_image","twitter_title":"Public Speaking Negotiation and Communication | Inglese","twitter_description":"Il corso di Public Speaking & Self Presentation \u00e8 stato ideato per fornire agli studenti la terminologia inglese necessaria per lavorare nel mondo reale.","twitter_misc":{"Est. reading time":"6 minutes"},"schema":{"@context":"https:\/\/schema.org","@graph":[{"@type":"WebPage","@id":"https:\/\/www.mediazionelinguistica.it\/en\/triennale-business-language-public-speaking-negotiation-and-communication-inglese\/","url":"https:\/\/www.mediazionelinguistica.it\/en\/triennale-business-language-public-speaking-negotiation-and-communication-inglese\/","name":"Business Language - Public Speaking Negotiation and Communication | Inglese","isPartOf":{"@id":"https:\/\/www.mediazionelinguistica.it\/#website"},"datePublished":"2023-02-08T16:51:31+00:00","dateModified":"2023-12-20T14:08:02+00:00","description":"Il corso di Public Speaking & Self Presentation \u00e8 stato ideato per fornire agli studenti la terminologia inglese necessaria per lavorare nel mondo reale.","breadcrumb":{"@id":"https:\/\/www.mediazionelinguistica.it\/en\/triennale-business-language-public-speaking-negotiation-and-communication-inglese\/#breadcrumb"},"inLanguage":"en-US","potentialAction":[{"@type":"ReadAction","target":["https:\/\/www.mediazionelinguistica.it\/en\/triennale-business-language-public-speaking-negotiation-and-communication-inglese\/"]}]},{"@type":"BreadcrumbList","@id":"https:\/\/www.mediazionelinguistica.it\/en\/triennale-business-language-public-speaking-negotiation-and-communication-inglese\/#breadcrumb","itemListElement":[{"@type":"ListItem","position":1,"name":"Home","item":"https:\/\/www.mediazionelinguistica.it\/en\/"},{"@type":"ListItem","position":2,"name":"Business Language &#8211; Public Speaking Negotiation and Communication | Inglese"}]},{"@type":"WebSite","@id":"https:\/\/www.mediazionelinguistica.it\/#website","url":"https:\/\/www.mediazionelinguistica.it\/","name":"Scuola Superiore per Mediatori Linguistici di Pisa","description":"Corso Laurea triennale e magistrale mediazione linguistica","publisher":{"@id":"https:\/\/www.mediazionelinguistica.it\/#organization"},"potentialAction":[{"@type":"SearchAction","target":{"@type":"EntryPoint","urlTemplate":"https:\/\/www.mediazionelinguistica.it\/?s={search_term_string}"},"query-input":{"@type":"PropertyValueSpecification","valueRequired":true,"valueName":"search_term_string"}}],"inLanguage":"en-US"},{"@type":"Organization","@id":"https:\/\/www.mediazionelinguistica.it\/#organization","name":"Scuola Superiore per Mediatori Linguistici di Pisa","url":"https:\/\/www.mediazionelinguistica.it\/","logo":{"@type":"ImageObject","inLanguage":"en-US","@id":"https:\/\/www.mediazionelinguistica.it\/#\/schema\/logo\/image\/","url":"http:\/\/www.mediazionelinguistica.it\/wp-content\/uploads\/2023\/05\/cropped-Logo-SSML-2023_sfondo-trasparente.png","contentUrl":"http:\/\/www.mediazionelinguistica.it\/wp-content\/uploads\/2023\/05\/cropped-Logo-SSML-2023_sfondo-trasparente.png","width":512,"height":512,"caption":"Scuola Superiore per Mediatori Linguistici di Pisa"},"image":{"@id":"https:\/\/www.mediazionelinguistica.it\/#\/schema\/logo\/image\/"},"sameAs":["https:\/\/www.facebook.com\/Ssmlpisa","https:\/\/www.instagram.com\/ssmlpisa\/","https:\/\/www.tiktok.com\/@ssml_pisa"]}]}},"_links":{"self":[{"href":"https:\/\/www.mediazionelinguistica.it\/en\/wp-json\/wp\/v2\/pages\/4132","targetHints":{"allow":["GET"]}}],"collection":[{"href":"https:\/\/www.mediazionelinguistica.it\/en\/wp-json\/wp\/v2\/pages"}],"about":[{"href":"https:\/\/www.mediazionelinguistica.it\/en\/wp-json\/wp\/v2\/types\/page"}],"author":[{"embeddable":true,"href":"https:\/\/www.mediazionelinguistica.it\/en\/wp-json\/wp\/v2\/users\/5"}],"replies":[{"embeddable":true,"href":"https:\/\/www.mediazionelinguistica.it\/en\/wp-json\/wp\/v2\/comments?post=4132"}],"version-history":[{"count":0,"href":"https:\/\/www.mediazionelinguistica.it\/en\/wp-json\/wp\/v2\/pages\/4132\/revisions"}],"wp:attachment":[{"href":"https:\/\/www.mediazionelinguistica.it\/en\/wp-json\/wp\/v2\/media?parent=4132"}],"curies":[{"name":"wp","href":"https:\/\/api.w.org\/{rel}","templated":true}]}}