{"id":4124,"date":"2023-02-08T17:34:12","date_gmt":"2023-02-08T16:34:12","guid":{"rendered":"http:\/\/www.mediazionelinguistica.it\/?page_id=4124"},"modified":"2023-12-19T10:20:09","modified_gmt":"2023-12-19T09:20:09","slug":"triennale-business-language-public-speaking-negotiation-and-communication-tedesco","status":"publish","type":"page","link":"https:\/\/www.mediazionelinguistica.it\/en\/triennale-business-language-public-speaking-negotiation-and-communication-tedesco\/","title":{"rendered":"Business Language &#8211; Public Speaking Negotiation and Communication | Tedesco"},"content":{"rendered":"[vc_row type=&#8221;full_width_background&#8221; full_screen_row_position=&#8221;middle&#8221; column_margin=&#8221;default&#8221; column_direction=&#8221;default&#8221; column_direction_tablet=&#8221;default&#8221; column_direction_phone=&#8221;default&#8221; bg_color=&#8221;#7f2d42&#8243; bg_image=&#8221;2472&#8243; bg_position=&#8221;left top&#8221; background_image_loading=&#8221;default&#8221; bg_repeat=&#8221;no-repeat&#8221; scene_position=&#8221;center&#8221; top_padding=&#8221;9%&#8221; constrain_group_1=&#8221;yes&#8221; bottom_padding=&#8221;9%&#8221; text_color=&#8221;light&#8221; text_align=&#8221;left&#8221; row_border_radius=&#8221;none&#8221; row_border_radius_applies=&#8221;bg&#8221; overflow=&#8221;visible&#8221; advanced_gradient_angle=&#8221;0&#8243; overlay_strength=&#8221;0.3&#8243; gradient_direction=&#8221;left_to_right&#8221; shape_divider_position=&#8221;bottom&#8221; bg_image_animation=&#8221;none&#8221; gradient_type=&#8221;default&#8221; shape_type=&#8221;&#8221;][vc_column column_padding=&#8221;no-extra-padding&#8221; column_padding_tablet=&#8221;inherit&#8221; column_padding_phone=&#8221;inherit&#8221; column_padding_position=&#8221;all&#8221; column_element_spacing=&#8221;default&#8221; background_color_opacity=&#8221;1&#8243; background_hover_color_opacity=&#8221;1&#8243; column_shadow=&#8221;none&#8221; column_border_radius=&#8221;none&#8221; column_link_target=&#8221;_self&#8221; column_position=&#8221;default&#8221; gradient_direction=&#8221;left_to_right&#8221; overlay_strength=&#8221;0.3&#8243; width=&#8221;1\/5&#8243; tablet_width_inherit=&#8221;default&#8221; tablet_text_alignment=&#8221;default&#8221; phone_text_alignment=&#8221;default&#8221; animation_type=&#8221;default&#8221; bg_image_animation=&#8221;none&#8221; border_type=&#8221;simple&#8221; column_border_width=&#8221;none&#8221; column_border_style=&#8221;solid&#8221;][\/vc_column][vc_column column_padding=&#8221;no-extra-padding&#8221; column_padding_tablet=&#8221;inherit&#8221; column_padding_phone=&#8221;inherit&#8221; column_padding_position=&#8221;all&#8221; column_element_spacing=&#8221;default&#8221; background_color_opacity=&#8221;1&#8243; background_hover_color_opacity=&#8221;1&#8243; column_shadow=&#8221;none&#8221; column_border_radius=&#8221;none&#8221; column_link_target=&#8221;_self&#8221; column_position=&#8221;default&#8221; gradient_direction=&#8221;left_to_right&#8221; overlay_strength=&#8221;0.3&#8243; width=&#8221;3\/5&#8243; tablet_width_inherit=&#8221;default&#8221; tablet_text_alignment=&#8221;default&#8221; phone_text_alignment=&#8221;default&#8221; animation_type=&#8221;default&#8221; bg_image_animation=&#8221;none&#8221; border_type=&#8221;simple&#8221; column_border_width=&#8221;none&#8221; column_border_style=&#8221;solid&#8221;][vc_column_text]\n<h1>Business Language &#8211; Public Speaking Negotiation and Communication | Tedesco<\/h1>\n[\/vc_column_text][vc_column_text]\n<h2>Laurea Triennale in Scienze della Mediazione Linguistica<\/h2>\n[\/vc_column_text]<div class=\"nectar-fancy-ul\" data-list-icon=\"icon-salient-thin-line\" data-animation=\"false\" data-animation-delay=\"0\" data-color=\"extra-color-1\" data-spacing=\"default\" data-alignment=\"left\"> \n<ul>\n<li>\n<h3>III anno<\/h3>\n<\/li>\n<li>\n<h3>Insegnamento Annuale<\/h3>\n<\/li>\n<li>\n<h3>In Lingua Tedesca<\/h3>\n<\/li>\n<li>\n<h3>2 CFM<\/h3>\n<\/li>\n<\/ul>\n <\/div>[\/vc_column][vc_column column_padding=&#8221;no-extra-padding&#8221; column_padding_tablet=&#8221;inherit&#8221; column_padding_phone=&#8221;inherit&#8221; column_padding_position=&#8221;all&#8221; column_element_spacing=&#8221;default&#8221; background_color_opacity=&#8221;1&#8243; background_hover_color_opacity=&#8221;1&#8243; column_shadow=&#8221;none&#8221; column_border_radius=&#8221;none&#8221; column_link_target=&#8221;_self&#8221; column_position=&#8221;default&#8221; gradient_direction=&#8221;left_to_right&#8221; overlay_strength=&#8221;0.3&#8243; width=&#8221;1\/5&#8243; tablet_width_inherit=&#8221;default&#8221; tablet_text_alignment=&#8221;default&#8221; phone_text_alignment=&#8221;default&#8221; animation_type=&#8221;default&#8221; bg_image_animation=&#8221;none&#8221; border_type=&#8221;simple&#8221; column_border_width=&#8221;none&#8221; column_border_style=&#8221;solid&#8221;][\/vc_column][\/vc_row][vc_row type=&#8221;in_container&#8221; full_screen_row_position=&#8221;middle&#8221; column_margin=&#8221;default&#8221; column_direction=&#8221;default&#8221; column_direction_tablet=&#8221;default&#8221; column_direction_phone=&#8221;default&#8221; scene_position=&#8221;center&#8221; text_color=&#8221;dark&#8221; text_align=&#8221;left&#8221; row_border_radius=&#8221;none&#8221; row_border_radius_applies=&#8221;bg&#8221; overflow=&#8221;visible&#8221; overlay_strength=&#8221;0.3&#8243; gradient_direction=&#8221;left_to_right&#8221; shape_divider_position=&#8221;bottom&#8221; bg_image_animation=&#8221;none&#8221;][vc_column column_padding=&#8221;no-extra-padding&#8221; column_padding_tablet=&#8221;inherit&#8221; column_padding_phone=&#8221;inherit&#8221; column_padding_position=&#8221;all&#8221; column_element_spacing=&#8221;default&#8221; background_color_opacity=&#8221;1&#8243; background_hover_color_opacity=&#8221;1&#8243; column_shadow=&#8221;none&#8221; column_border_radius=&#8221;none&#8221; column_link_target=&#8221;_self&#8221; column_position=&#8221;default&#8221; gradient_direction=&#8221;left_to_right&#8221; overlay_strength=&#8221;0.3&#8243; width=&#8221;1\/1&#8243; tablet_width_inherit=&#8221;default&#8221; tablet_text_alignment=&#8221;default&#8221; phone_text_alignment=&#8221;default&#8221; animation_type=&#8221;default&#8221; bg_image_animation=&#8221;none&#8221; border_type=&#8221;simple&#8221; column_border_width=&#8221;none&#8221; column_border_style=&#8221;solid&#8221;][toggles style=&#8221;minimal&#8221;][toggle color=&#8221;Default&#8221; title=&#8221;Presentazione dell&#8217;Insegnamento&#8221;][vc_column_text]Il corso prepara gli studenti ad usare la lingua tedesca con maggiore autonomia e spontaneit\u00e0. Impareranno a reagire e interagire in situazioni reali di conversazione orale e scritta. Potranno approfondire la conoscenza del lessico appartenente al settore del commercio e alle tecniche di comunicazione.[\/vc_column_text][\/toggle][toggle color=&#8221;Default&#8221; title=&#8221;Obiettivi Formativi&#8221;][vc_column_text]Gli studenti dovranno praticare esercizi d\u00ec ascolto che rappresentano situazioni legate al mondo del lavoro. Poi con l\u2019aiuto del materiale didattico, simuleranno analoghe situazioni in classe mediante lavoro in gruppo e\/o lavoro a due. La comprensione di testi scritti serve soprattutto per avere informazioni o per la raccolta di lessico specifico. La produzione scritta comprende testi che caratterizzano l\u2019ambito professionale, p. es.: La programmazione della partecipazione a una fiera con un documento PowerPoint.[\/vc_column_text][\/toggle][toggle color=&#8221;Default&#8221; title=&#8221;Programma&#8221;][vc_column_text]Il corso Lingua per gli affari \u00e8 organizzato per studenti che hanno una buona conoscenza della lingua tedesca. Perci\u00f2 prevede soltanto una piccola parte di grammatica che \u00e8 indispensabile per acquisire una buona padronanza del tedesco parlato e del tedesco specifico per il settore delle imprese. Verr\u00e0 data per\u00f2 la massima attenzione all\u2019insegnamento di strutture linguistiche che sono importanti e necessarie per il buon svolgimento di attivit\u00e0 nel settore delle imprese. &#8211; Il settore fieristico &#8211; Preparare la partecipazione a una fiera &#8211; Preparare a gestire lo stand &#8211; L\u2019invito alla fiera &#8211; La presentazione di prodotto &#8211; Il colloquio di lavoro &#8211; Le strutture linguistiche adeguate per e sostenere un colloquio di lavoro &#8211; Lo smalltalk in azienda.[\/vc_column_text][\/toggle][toggle color=&#8221;Default&#8221; title=&#8221;Bibliografia\/Materiale Didattico&#8221;][vc_column_text]Si utilizza il materiale messo a disposizione dalla docente.[\/vc_column_text][\/toggle][\/toggles][\/vc_column][\/vc_row][vc_row type=&#8221;in_container&#8221; full_screen_row_position=&#8221;middle&#8221; column_margin=&#8221;default&#8221; column_direction=&#8221;default&#8221; column_direction_tablet=&#8221;default&#8221; column_direction_phone=&#8221;default&#8221; scene_position=&#8221;center&#8221; text_color=&#8221;dark&#8221; text_align=&#8221;left&#8221; row_border_radius=&#8221;none&#8221; row_border_radius_applies=&#8221;bg&#8221; overflow=&#8221;visible&#8221; overlay_strength=&#8221;0.3&#8243; gradient_direction=&#8221;left_to_right&#8221; shape_divider_position=&#8221;bottom&#8221; bg_image_animation=&#8221;none&#8221;][vc_column column_padding=&#8221;no-extra-padding&#8221; column_padding_tablet=&#8221;inherit&#8221; column_padding_phone=&#8221;inherit&#8221; column_padding_position=&#8221;all&#8221; column_element_spacing=&#8221;default&#8221; background_color_opacity=&#8221;1&#8243; background_hover_color_opacity=&#8221;1&#8243; column_shadow=&#8221;none&#8221; column_border_radius=&#8221;none&#8221; column_link_target=&#8221;_self&#8221; column_position=&#8221;default&#8221; gradient_direction=&#8221;left_to_right&#8221; overlay_strength=&#8221;0.3&#8243; width=&#8221;1\/1&#8243; tablet_width_inherit=&#8221;default&#8221; tablet_text_alignment=&#8221;default&#8221; phone_text_alignment=&#8221;default&#8221; animation_type=&#8221;default&#8221; bg_image_animation=&#8221;none&#8221; border_type=&#8221;simple&#8221; column_border_width=&#8221;none&#8221; column_border_style=&#8221;solid&#8221;][vc_column_text]<em>Avete letto: Business Language &#8211; Public Speaking Negotiation and Communication &#8211; Tedesco<\/em>[\/vc_column_text][\/vc_column][\/vc_row]\n","protected":false},"excerpt":{"rendered":"<p>[vc_row type=&#8221;full_width_background&#8221; full_screen_row_position=&#8221;middle&#8221; column_margin=&#8221;default&#8221; column_direction=&#8221;default&#8221; column_direction_tablet=&#8221;default&#8221; column_direction_phone=&#8221;default&#8221; bg_color=&#8221;#7f2d42&#8243; bg_image=&#8221;2472&#8243; bg_position=&#8221;left top&#8221; background_image_loading=&#8221;default&#8221; bg_repeat=&#8221;no-repeat&#8221; scene_position=&#8221;center&#8221; top_padding=&#8221;9%&#8221; constrain_group_1=&#8221;yes&#8221; bottom_padding=&#8221;9%&#8221; text_color=&#8221;light&#8221; text_align=&#8221;left&#8221; row_border_radius=&#8221;none&#8221; row_border_radius_applies=&#8221;bg&#8221; overflow=&#8221;visible&#8221; advanced_gradient_angle=&#8221;0&#8243; overlay_strength=&#8221;0.3&#8243; gradient_direction=&#8221;left_to_right&#8221; shape_divider_position=&#8221;bottom&#8221; bg_image_animation=&#8221;none&#8221; gradient_type=&#8221;default&#8221; shape_type=&#8221;&#8221;][vc_column column_padding=&#8221;no-extra-padding&#8221;&#8230;<\/p>\n","protected":false},"author":5,"featured_media":0,"parent":0,"menu_order":0,"comment_status":"closed","ping_status":"closed","template":"","meta":{"content-type":"","slim_seo":{"title":"Business Language - Public Speaking Negotiation and Communication | Tedesco - Scuola Superiore per Mediatori Linguistici di Pisa","description":"[vc_row type=\"full_width_background\" full_screen_row_position=\"middle\" column_margin=\"default\" column_direction=\"default\" column_direction_tablet=\"default\" colu"},"footnotes":""},"class_list":["post-4124","page","type-page","status-publish"],"yoast_head":"<!-- This site is optimized with the Yoast SEO plugin v24.9 - https:\/\/yoast.com\/wordpress\/plugins\/seo\/ -->\n<title>Business Language Tedesco - SSML di Pisa<\/title>\n<meta name=\"description\" content=\"Business Language Tedesco, il corso prepara gli studenti ad usare la lingua tedesca con maggiore autonomia e spontaneit\u00e0.\" \/>\n<meta name=\"robots\" content=\"index, follow, max-snippet:-1, max-image-preview:large, max-video-preview:-1\" \/>\n<link rel=\"canonical\" href=\"https:\/\/www.mediazionelinguistica.it\/triennale-business-language-public-speaking-negotiation-and-communication-tedesco\/\" \/>\n<meta property=\"og:locale\" content=\"en_US\" \/>\n<meta property=\"og:type\" content=\"article\" \/>\n<meta property=\"og:title\" content=\"Business Language Tedesco - SSML di Pisa\" \/>\n<meta property=\"og:description\" content=\"Business Language Tedesco, il corso prepara gli studenti ad usare la lingua tedesca con maggiore autonomia e spontaneit\u00e0.\" \/>\n<meta property=\"og:url\" content=\"https:\/\/www.mediazionelinguistica.it\/triennale-business-language-public-speaking-negotiation-and-communication-tedesco\/\" \/>\n<meta property=\"og:site_name\" content=\"Scuola Superiore per Mediatori Linguistici di Pisa\" \/>\n<meta property=\"article:publisher\" content=\"https:\/\/www.facebook.com\/Ssmlpisa\" \/>\n<meta property=\"article:modified_time\" content=\"2023-12-19T09:20:09+00:00\" \/>\n<meta name=\"twitter:card\" content=\"summary_large_image\" \/>\n<meta name=\"twitter:title\" content=\"Business Language Tedesco - SSML di Pisa\" \/>\n<meta name=\"twitter:description\" content=\"Business Language Tedesco, il corso prepara gli studenti ad usare la lingua tedesca con maggiore autonomia e spontaneit\u00e0.\" \/>\n<meta name=\"twitter:label1\" content=\"Est. reading time\" \/>\n\t<meta name=\"twitter:data1\" content=\"3 minutes\" \/>\n<script type=\"application\/ld+json\" class=\"yoast-schema-graph\">{\"@context\":\"https:\/\/schema.org\",\"@graph\":[{\"@type\":\"WebPage\",\"@id\":\"https:\/\/www.mediazionelinguistica.it\/triennale-business-language-public-speaking-negotiation-and-communication-tedesco\/\",\"url\":\"https:\/\/www.mediazionelinguistica.it\/triennale-business-language-public-speaking-negotiation-and-communication-tedesco\/\",\"name\":\"Business Language Tedesco - SSML di Pisa\",\"isPartOf\":{\"@id\":\"https:\/\/www.mediazionelinguistica.it\/#website\"},\"datePublished\":\"2023-02-08T16:34:12+00:00\",\"dateModified\":\"2023-12-19T09:20:09+00:00\",\"description\":\"Business Language Tedesco, il corso prepara gli studenti ad usare la lingua tedesca con maggiore autonomia e spontaneit\u00e0.\",\"breadcrumb\":{\"@id\":\"https:\/\/www.mediazionelinguistica.it\/triennale-business-language-public-speaking-negotiation-and-communication-tedesco\/#breadcrumb\"},\"inLanguage\":\"en-US\",\"potentialAction\":[{\"@type\":\"ReadAction\",\"target\":[\"https:\/\/www.mediazionelinguistica.it\/triennale-business-language-public-speaking-negotiation-and-communication-tedesco\/\"]}]},{\"@type\":\"BreadcrumbList\",\"@id\":\"https:\/\/www.mediazionelinguistica.it\/triennale-business-language-public-speaking-negotiation-and-communication-tedesco\/#breadcrumb\",\"itemListElement\":[{\"@type\":\"ListItem\",\"position\":1,\"name\":\"Home\",\"item\":\"https:\/\/www.mediazionelinguistica.it\/en\/\"},{\"@type\":\"ListItem\",\"position\":2,\"name\":\"Business Language &#8211; Public Speaking Negotiation and Communication | Tedesco\"}]},{\"@type\":\"WebSite\",\"@id\":\"https:\/\/www.mediazionelinguistica.it\/#website\",\"url\":\"https:\/\/www.mediazionelinguistica.it\/\",\"name\":\"Scuola Superiore per Mediatori Linguistici di Pisa\",\"description\":\"Corso Laurea triennale e magistrale mediazione linguistica\",\"publisher\":{\"@id\":\"https:\/\/www.mediazionelinguistica.it\/#organization\"},\"potentialAction\":[{\"@type\":\"SearchAction\",\"target\":{\"@type\":\"EntryPoint\",\"urlTemplate\":\"https:\/\/www.mediazionelinguistica.it\/?s={search_term_string}\"},\"query-input\":{\"@type\":\"PropertyValueSpecification\",\"valueRequired\":true,\"valueName\":\"search_term_string\"}}],\"inLanguage\":\"en-US\"},{\"@type\":\"Organization\",\"@id\":\"https:\/\/www.mediazionelinguistica.it\/#organization\",\"name\":\"Scuola Superiore per Mediatori Linguistici di Pisa\",\"url\":\"https:\/\/www.mediazionelinguistica.it\/\",\"logo\":{\"@type\":\"ImageObject\",\"inLanguage\":\"en-US\",\"@id\":\"https:\/\/www.mediazionelinguistica.it\/#\/schema\/logo\/image\/\",\"url\":\"http:\/\/www.mediazionelinguistica.it\/wp-content\/uploads\/2023\/05\/cropped-Logo-SSML-2023_sfondo-trasparente.png\",\"contentUrl\":\"http:\/\/www.mediazionelinguistica.it\/wp-content\/uploads\/2023\/05\/cropped-Logo-SSML-2023_sfondo-trasparente.png\",\"width\":512,\"height\":512,\"caption\":\"Scuola Superiore per Mediatori Linguistici di Pisa\"},\"image\":{\"@id\":\"https:\/\/www.mediazionelinguistica.it\/#\/schema\/logo\/image\/\"},\"sameAs\":[\"https:\/\/www.facebook.com\/Ssmlpisa\",\"https:\/\/www.instagram.com\/ssmlpisa\/\",\"https:\/\/www.tiktok.com\/@ssml_pisa\"]}]}<\/script>\n<!-- \/ Yoast SEO plugin. -->","yoast_head_json":{"title":"Business Language Tedesco - SSML di Pisa","description":"Business Language Tedesco, il corso prepara gli studenti ad usare la lingua tedesca con maggiore autonomia e spontaneit\u00e0.","robots":{"index":"index","follow":"follow","max-snippet":"max-snippet:-1","max-image-preview":"max-image-preview:large","max-video-preview":"max-video-preview:-1"},"canonical":"https:\/\/www.mediazionelinguistica.it\/triennale-business-language-public-speaking-negotiation-and-communication-tedesco\/","og_locale":"en_US","og_type":"article","og_title":"Business Language Tedesco - SSML di Pisa","og_description":"Business Language Tedesco, il corso prepara gli studenti ad usare la lingua tedesca con maggiore autonomia e spontaneit\u00e0.","og_url":"https:\/\/www.mediazionelinguistica.it\/triennale-business-language-public-speaking-negotiation-and-communication-tedesco\/","og_site_name":"Scuola Superiore per Mediatori Linguistici di Pisa","article_publisher":"https:\/\/www.facebook.com\/Ssmlpisa","article_modified_time":"2023-12-19T09:20:09+00:00","twitter_card":"summary_large_image","twitter_title":"Business Language Tedesco - SSML di Pisa","twitter_description":"Business Language Tedesco, il corso prepara gli studenti ad usare la lingua tedesca con maggiore autonomia e spontaneit\u00e0.","twitter_misc":{"Est. reading time":"3 minutes"},"schema":{"@context":"https:\/\/schema.org","@graph":[{"@type":"WebPage","@id":"https:\/\/www.mediazionelinguistica.it\/triennale-business-language-public-speaking-negotiation-and-communication-tedesco\/","url":"https:\/\/www.mediazionelinguistica.it\/triennale-business-language-public-speaking-negotiation-and-communication-tedesco\/","name":"Business Language Tedesco - SSML di Pisa","isPartOf":{"@id":"https:\/\/www.mediazionelinguistica.it\/#website"},"datePublished":"2023-02-08T16:34:12+00:00","dateModified":"2023-12-19T09:20:09+00:00","description":"Business Language Tedesco, il corso prepara gli studenti ad usare la lingua tedesca con maggiore autonomia e spontaneit\u00e0.","breadcrumb":{"@id":"https:\/\/www.mediazionelinguistica.it\/triennale-business-language-public-speaking-negotiation-and-communication-tedesco\/#breadcrumb"},"inLanguage":"en-US","potentialAction":[{"@type":"ReadAction","target":["https:\/\/www.mediazionelinguistica.it\/triennale-business-language-public-speaking-negotiation-and-communication-tedesco\/"]}]},{"@type":"BreadcrumbList","@id":"https:\/\/www.mediazionelinguistica.it\/triennale-business-language-public-speaking-negotiation-and-communication-tedesco\/#breadcrumb","itemListElement":[{"@type":"ListItem","position":1,"name":"Home","item":"https:\/\/www.mediazionelinguistica.it\/en\/"},{"@type":"ListItem","position":2,"name":"Business Language &#8211; Public Speaking Negotiation and Communication | Tedesco"}]},{"@type":"WebSite","@id":"https:\/\/www.mediazionelinguistica.it\/#website","url":"https:\/\/www.mediazionelinguistica.it\/","name":"Scuola Superiore per Mediatori Linguistici di Pisa","description":"Corso Laurea triennale e magistrale mediazione linguistica","publisher":{"@id":"https:\/\/www.mediazionelinguistica.it\/#organization"},"potentialAction":[{"@type":"SearchAction","target":{"@type":"EntryPoint","urlTemplate":"https:\/\/www.mediazionelinguistica.it\/?s={search_term_string}"},"query-input":{"@type":"PropertyValueSpecification","valueRequired":true,"valueName":"search_term_string"}}],"inLanguage":"en-US"},{"@type":"Organization","@id":"https:\/\/www.mediazionelinguistica.it\/#organization","name":"Scuola Superiore per Mediatori Linguistici di Pisa","url":"https:\/\/www.mediazionelinguistica.it\/","logo":{"@type":"ImageObject","inLanguage":"en-US","@id":"https:\/\/www.mediazionelinguistica.it\/#\/schema\/logo\/image\/","url":"http:\/\/www.mediazionelinguistica.it\/wp-content\/uploads\/2023\/05\/cropped-Logo-SSML-2023_sfondo-trasparente.png","contentUrl":"http:\/\/www.mediazionelinguistica.it\/wp-content\/uploads\/2023\/05\/cropped-Logo-SSML-2023_sfondo-trasparente.png","width":512,"height":512,"caption":"Scuola Superiore per Mediatori Linguistici di Pisa"},"image":{"@id":"https:\/\/www.mediazionelinguistica.it\/#\/schema\/logo\/image\/"},"sameAs":["https:\/\/www.facebook.com\/Ssmlpisa","https:\/\/www.instagram.com\/ssmlpisa\/","https:\/\/www.tiktok.com\/@ssml_pisa"]}]}},"_links":{"self":[{"href":"https:\/\/www.mediazionelinguistica.it\/en\/wp-json\/wp\/v2\/pages\/4124","targetHints":{"allow":["GET"]}}],"collection":[{"href":"https:\/\/www.mediazionelinguistica.it\/en\/wp-json\/wp\/v2\/pages"}],"about":[{"href":"https:\/\/www.mediazionelinguistica.it\/en\/wp-json\/wp\/v2\/types\/page"}],"author":[{"embeddable":true,"href":"https:\/\/www.mediazionelinguistica.it\/en\/wp-json\/wp\/v2\/users\/5"}],"replies":[{"embeddable":true,"href":"https:\/\/www.mediazionelinguistica.it\/en\/wp-json\/wp\/v2\/comments?post=4124"}],"version-history":[{"count":0,"href":"https:\/\/www.mediazionelinguistica.it\/en\/wp-json\/wp\/v2\/pages\/4124\/revisions"}],"wp:attachment":[{"href":"https:\/\/www.mediazionelinguistica.it\/en\/wp-json\/wp\/v2\/media?parent=4124"}],"curies":[{"name":"wp","href":"https:\/\/api.w.org\/{rel}","templated":true}]}}