{"id":196,"date":"2022-01-16T21:44:19","date_gmt":"2022-01-16T20:44:19","guid":{"rendered":"http:\/\/www.mediazionelinguistica.it\/\/?page_id=196"},"modified":"2024-05-20T10:04:53","modified_gmt":"2024-05-20T08:04:53","slug":"esame-di-ammissione-magistrale","status":"publish","type":"page","link":"https:\/\/www.mediazionelinguistica.it\/en\/esame-di-ammissione-magistrale\/","title":{"rendered":"Iscrizione esame di ammissione Magistrale"},"content":{"rendered":"[vc_row type=&#8221;full_width_background&#8221; full_screen_row_position=&#8221;middle&#8221; column_margin=&#8221;default&#8221; column_direction=&#8221;default&#8221; column_direction_tablet=&#8221;default&#8221; column_direction_phone=&#8221;default&#8221; bg_color=&#8221;#fcf8f7&#8243; scene_position=&#8221;center&#8221; top_padding=&#8221;5%&#8221; bottom_padding=&#8221;5%&#8221; left_padding_phone=&#8221;1%&#8221; constrain_group_6=&#8221;yes&#8221; right_padding_phone=&#8221;1%&#8221; constrain_group_12=&#8221;yes&#8221; text_color=&#8221;light&#8221; text_align=&#8221;left&#8221; row_border_radius=&#8221;none&#8221; row_border_radius_applies=&#8221;bg&#8221; overflow=&#8221;visible&#8221; advanced_gradient_angle=&#8221;0&#8243; overlay_strength=&#8221;0.3&#8243; gradient_direction=&#8221;left_to_right&#8221; shape_divider_position=&#8221;bottom&#8221; bg_image_animation=&#8221;none&#8221; gradient_type=&#8221;default&#8221; shape_type=&#8221;&#8221;][vc_column column_padding=&#8221;no-extra-padding&#8221; column_padding_tablet=&#8221;inherit&#8221; column_padding_phone=&#8221;no-extra-padding&#8221; column_padding_position=&#8221;left-right&#8221; left_margin_phone=&#8221;0px&#8221; constrain_group_6=&#8221;yes&#8221; right_margin_phone=&#8221;0px&#8221; column_element_spacing=&#8221;default&#8221; background_color_opacity=&#8221;1&#8243; background_hover_color_opacity=&#8221;1&#8243; column_shadow=&#8221;none&#8221; column_border_radius=&#8221;none&#8221; column_link_target=&#8221;_self&#8221; column_position=&#8221;default&#8221; advanced_gradient_angle=&#8221;0&#8243; gradient_direction=&#8221;left_to_right&#8221; overlay_strength=&#8221;0.3&#8243; width=&#8221;1\/1&#8243; tablet_width_inherit=&#8221;default&#8221; tablet_text_alignment=&#8221;default&#8221; phone_text_alignment=&#8221;default&#8221; animation_type=&#8221;default&#8221; bg_image_animation=&#8221;none&#8221; border_type=&#8221;simple&#8221; column_border_width=&#8221;none&#8221; column_border_style=&#8221;solid&#8221; gradient_type=&#8221;default&#8221;]<div class=\"templatera_shortcode\">\r\n\t\t<div id=\"fws_69de5e8bb5714\"  data-column-margin=\"default\" data-midnight=\"light\" data-top-percent=\"5%\" data-bottom-percent=\"5%\"  class=\"wpb_row vc_row-fluid vc_row full-width-section  right_padding_phone_1pct left_padding_phone_1pct\"  style=\"padding-top: calc(100vw * 0.05); padding-bottom: calc(100vw * 0.05); \"><div class=\"row-bg-wrap\" data-bg-animation=\"none\" data-bg-overlay=\"false\"><div class=\"inner-wrap\"><div class=\"row-bg viewport-desktop using-bg-color\"  style=\"background-color: #fcf8f7; \"><\/div><\/div><\/div><div class=\"row_col_wrap_12 col span_12 light left\">\n\t<div  class=\"vc_col-sm-12 wpb_column column_container vc_column_container col no-extra-padding right_margin_phone_0px left_margin_phone_0px inherit_tablet no-extra-padding_phone \"  data-padding-pos=\"left-right\" data-has-bg-color=\"false\" data-bg-color=\"\" data-bg-opacity=\"1\" data-animation=\"\" data-delay=\"0\" >\n\t\t<div class=\"vc_column-inner\" >\n\t\t\t<div class=\"wpb_wrapper\">\n\t\t\t\t<div id=\"fws_69de5e8bb7bee\" data-midnight=\"\" data-column-margin=\"80px\" class=\"wpb_row vc_row-fluid vc_row inner_row  vc_custom_1729767782102 right_padding_3pct left_padding_3pct\"  style=\"padding-top: 3%; padding-bottom: 3%; \"><div class=\"row-bg-wrap\"> <div class=\"row-bg\" ><\/div> <\/div><div class=\"row_col_wrap_12_inner col span_12  left\">\n\t<div  class=\"vc_col-sm-6 wpb_column column_container vc_column_container col child_column padding-5-percent right_margin_phone_0px left_margin_phone_0px inherit_tablet inherit_phone \"   data-padding-pos=\"all\" data-has-bg-color=\"false\" data-bg-color=\"\" data-bg-opacity=\"1\" data-animation=\"\" data-delay=\"0\" >\n\t\t<div class=\"vc_column-inner\" >\n\t\t<div class=\"wpb_wrapper\">\n\t\t\t\r\n<div class=\"wpb_text_column wpb_content_element \" >\r\n\t<div class=\"wpb_wrapper\">\r\n\t\t<h2>Iscrizione esame ammissione<\/h2>\n<p>L\u2019accesso alla Laurea Magistrale \u00e8 a numero programmato e prevede il superamento di un esame di ammissione volto a valutare le competenze linguistiche e la preparazione del candidato.<\/p>\n<p>Sono previsti pi\u00f9 appelli distribuiti nel corso dei mesi primaverili, cos\u00ec da consentire a ciascun candidato di scegliere il momento pi\u00f9 adatto per sostenere la prova.<\/p>\n<p><strong data-start=\"678\" data-end=\"729\">Date disponibili (modalit\u00e0 online \u2013 ore 15.00):<\/strong><br \/>\n13 Aprile 2026 | Online H 15.00<br data-start=\"794\" data-end=\"797\" \/>22 Aprile 2026 | Online H 15.00<br data-start=\"828\" data-end=\"831\" \/>18 Maggio 2026 | Online H 15.00<\/p>\n<p>Ulteriori date potranno essere attivate compatibilmente con la disponibilit\u00e0 dei posti programmati.<\/p>\n\t<\/div>\r\n<\/div>\r\n\r\n\r\n\r\n\r\n<div class=\"wpb_text_column wpb_content_element  vc_hidden-lg vc_hidden-md vc_hidden-sm vc_hidden-xs\" >\r\n\t<div class=\"wpb_wrapper\">\r\n\t\t\t<\/div>\r\n<\/div>\r\n\r\n\r\n\r\n\r\n<div class=\"wpb_text_column wpb_content_element \" >\r\n\t<div class=\"wpb_wrapper\">\r\n\t\t<p>Per completare la propria iscrizione e sostenere <strong>l'esame di ammissione <\/strong>\u00a0\u00e8 necessario:<\/p>\n<ol>\n<li>procedere al pagamento della<strong> quota di iscrizione pari Euro 107 <\/strong>tramite carta di credito\/Paypal o bonifico bancario<\/li>\n<li>compilare il form allegando anche la ricevuta del pagamento<\/li>\n<\/ol>\n\t<\/div>\r\n<\/div>\r\n\r\n\r\n\r\n\r\n<div class=\"wpb_text_column wpb_content_element \" >\r\n\t<div class=\"wpb_wrapper\">\r\n\t\t<p><strong>Metodi di pagamento:<\/strong><\/p>\n<blockquote><p><strong>PayPal<\/strong><\/p><\/blockquote>\n\t<\/div>\r\n<\/div>\r\n\r\n\r\n\r\n\n\t<div class=\"wpb_raw_code wpb_content_element wpb_raw_html\" >\n\t\t<div class=\"wpb_wrapper\">\n\t\t\t<form action=\"https:\/\/www.paypal.com\/cgi-bin\/webscr\" method=\"post\" target=\"_top\">\n<input type=\"hidden\" name=\"cmd\" value=\"_s-xclick\">\n<input type=\"hidden\" name=\"hosted_button_id\" value=\"X23GPNUQ6G9EG\">\n<input type=\"image\" src=\"https:\/\/www.paypalobjects.com\/it_IT\/IT\/i\/btn\/btn_buynowCC_LG.gif\" border=\"0\" name=\"submit\" alt=\"PayPal \u00e8 il metodo rapido e sicuro per pagare e farsi pagare online.\">\n<img loading=\"lazy\" decoding=\"async\" alt=\"\" border=\"0\" src=\"https:\/\/www.paypalobjects.com\/it_IT\/i\/scr\/pixel.gif\" width=\"1\" height=\"1\">\n<\/form>\n\t\t<\/div>\n\t<\/div>\n\r\n<div class=\"wpb_text_column wpb_content_element \" >\r\n\t<div class=\"wpb_wrapper\">\r\n\t\t<blockquote>\n<h4>Bonifico Bancario<\/h4>\n<\/blockquote>\n<p>Intestatario: ESEDRA SRL<br \/>\nIban: IT 83Y 05034 13704 000000348212<br \/>\nCausale: SSML di Pisa - Esame Ammissione Magistrale 2026\/27 (Cognome e Nome Studente)<br \/>\nImporto: \u20ac 107<\/p>\n\t<\/div>\r\n<\/div>\r\n\r\n\r\n\r\n\r\n<div class=\"wpb_text_column wpb_content_element \" >\r\n\t<div class=\"wpb_wrapper\">\r\n\t\t<p data-start=\"183\" data-end=\"400\">La compilazione del modulo richiede pochi minuti.<br data-start=\"232\" data-end=\"235\" \/>Al termine della procedura ricever\u00e0 una comunicazione e-mail di conferma dell\u2019avvenuta ricezione della domanda da parte dell\u2019Ufficio Orientamento della SSML di Pisa.<\/p>\n<p data-start=\"402\" data-end=\"538\">Si ricorda che, a parit\u00e0 di punteggio, la graduatoria per l\u2019ammissione viene formulata tenendo conto della data di iscrizione all\u2019esame.<\/p>\n\t<\/div>\r\n<\/div>\r\n\r\n\r\n\r\n\n\t\t<\/div> \n\t<\/div>\n\t<\/div> \n\n\t<div style=\"\" class=\"vc_col-sm-6 wpb_column column_container vc_column_container col child_column padding-3-percent right_margin_phone_0px left_margin_phone_0px inherit_tablet inherit_phone \"  data-using-bg=\"true\" data-border-radius=\"10px\" data-padding-pos=\"all\" data-has-bg-color=\"true\" data-bg-color=\"#ffffff\" data-bg-opacity=\"1\" data-animation=\"\" data-delay=\"0\" >\n\t\t<div class=\"vc_column-inner\" ><div class=\"column-bg-overlay-wrap\" data-bg-animation=\"none\"><div class=\"column-bg-overlay\" style=\"opacity: 1; background-color: #ffffff;\"><\/div><\/div>\n\t\t<div class=\"wpb_wrapper\">\n\t\t\t\n\t<div class=\"wpb_raw_code wpb_content_element wpb_raw_html\" >\n\t\t<div class=\"wpb_wrapper\">\n\t\t\t<a name=\"modulo\"><\/a>\n<!--[if lte IE 8]>\n<script charset=\"utf-8\" type=\"text\/javascript\" src=\"\/\/js.hsforms.net\/forms\/v2-legacy.js\"><\/script>\n<![endif]-->\n<script charset=\"utf-8\" type=\"text\/javascript\" src=\"\/\/js.hsforms.net\/forms\/embed\/v2.js\"><\/script>\n<script>\n  hbspt.forms.create({\n    region: \"na1\",\n    portalId: \"9026492\",\n    formId: \"4499f516-d968-4f94-830f-50e350e2d651\"\n  });\n<\/script>\n\t\t<\/div>\n\t<\/div>\n\n\t\t<\/div> \n\t<\/div>\n\t<\/div> \n<\/div><\/div>\n\t\t\t<\/div> \n\t\t<\/div>\n\t<\/div> \n<\/div><\/div><\/div>[vc_row_inner disable_element=&#8221;yes&#8221; column_margin=&#8221;80px&#8221; column_direction=&#8221;default&#8221; column_direction_tablet=&#8221;default&#8221; column_direction_phone=&#8221;default&#8221; top_padding=&#8221;3%&#8221; constrain_group_1=&#8221;yes&#8221; bottom_padding=&#8221;3%&#8221; left_padding_desktop=&#8221;3%&#8221; constrain_group_2=&#8221;yes&#8221; right_padding_desktop=&#8221;3%&#8221; text_align=&#8221;left&#8221; row_position=&#8221;default&#8221; row_position_tablet=&#8221;inherit&#8221; row_position_phone=&#8221;inherit&#8221; overflow=&#8221;visible&#8221; pointer_events=&#8221;all&#8221; css=&#8221;.vc_custom_1669454364139{margin-right: 0px !important;margin-left: 0px !important;background-color: #7f2d42 !important;}&#8221;][vc_column_inner column_padding=&#8221;padding-5-percent&#8221; column_padding_tablet=&#8221;inherit&#8221; column_padding_phone=&#8221;inherit&#8221; column_padding_position=&#8221;all&#8221; constrain_group_1=&#8221;yes&#8221; constrain_group_2=&#8221;yes&#8221; left_margin_phone=&#8221;0px&#8221; constrain_group_6=&#8221;yes&#8221; right_margin_phone=&#8221;0px&#8221; column_element_spacing=&#8221;default&#8221; background_color_opacity=&#8221;1&#8243; background_hover_color_opacity=&#8221;1&#8243; column_shadow=&#8221;none&#8221; column_border_radius=&#8221;none&#8221; column_link_target=&#8221;_self&#8221; advanced_gradient_angle=&#8221;0&#8243; gradient_direction=&#8221;left_to_right&#8221; overlay_strength=&#8221;0.3&#8243; width=&#8221;1\/2&#8243; tablet_width_inherit=&#8221;default&#8221; animation_type=&#8221;default&#8221; bg_image_animation=&#8221;none&#8221; border_type=&#8221;simple&#8221; column_border_width=&#8221;none&#8221; column_border_style=&#8221;solid&#8221; gradient_type=&#8221;default&#8221;][vc_column_text]\n<h1>Marted\u00ec 7 marzo 2023<\/h1>\n<h5>H 10.30<\/h5>\n[\/vc_column_text][vc_column_text]<strong>Lo studente \u00e8 consapevole che il contributo all\u2019esame ammonta a 107 euro da pagare all\u2019atto dell\u2019iscrizione. In caso di esito negativo o di non presenza all\u2019esame la tassa non verr\u00e0 restituita.<\/strong>[\/vc_column_text][vc_column_text]<!--Gentile Studente, per inviare la propria iscrizione e sostenere\u00a0<strong>l'esame di ammissione al Corso di studi Magistrale in Comunicazione Internazionale e Interpretariato di Conferenza Congressuale e Istituzione dell'anno accademico 2022-2023 del<\/strong> \u00e8 necessario:\n\n\n<ol>\n \t\n\n<li>compilare il form sottostante<\/li>\n\n\n \t\n\n<li>procedere all'invio del pagamento della<strong>\u00a0quota di iscrizione di Euro 107\u00a0<\/strong>tramite carta di credito\/Paypal o bonifico bancario.<\/li>\n\n\n<\/ol>\n\n\nLa compilazione del form richieder\u00e0 alcuni minuti. Al termine della procedura di iscrizione riceverai una comunicazione email di conferma della corretta ricezione da parte dell'ufficio Orientamento della SSML di Pisa.\n\n\n<blockquote>Sar\u00e0 possibile sostenere la prova d'esame in presenza o a distanza.<\/blockquote>\n\n\n-->[\/vc_column_text][\/vc_column_inner][vc_column_inner column_padding=&#8221;padding-3-percent&#8221; column_padding_tablet=&#8221;inherit&#8221; column_padding_phone=&#8221;inherit&#8221; column_padding_position=&#8221;all&#8221; constrain_group_1=&#8221;yes&#8221; constrain_group_2=&#8221;yes&#8221; left_margin_phone=&#8221;0px&#8221; constrain_group_6=&#8221;yes&#8221; right_margin_phone=&#8221;0px&#8221; column_element_spacing=&#8221;default&#8221; background_color=&#8221;#ffffff&#8221; background_color_opacity=&#8221;1&#8243; background_hover_color_opacity=&#8221;1&#8243; column_shadow=&#8221;none&#8221; column_border_radius=&#8221;10px&#8221; column_link_target=&#8221;_self&#8221; advanced_gradient_angle=&#8221;0&#8243; gradient_direction=&#8221;left_to_right&#8221; overlay_strength=&#8221;0.3&#8243; width=&#8221;1\/2&#8243; tablet_width_inherit=&#8221;default&#8221; animation_type=&#8221;default&#8221; bg_image_animation=&#8221;none&#8221; border_type=&#8221;simple&#8221; column_border_width=&#8221;none&#8221; column_border_style=&#8221;solid&#8221; gradient_type=&#8221;default&#8221;][vc_raw_html]JTNDJTIxLS0lNUJpZiUyMGx0ZSUyMElFJTIwOCU1RCUzRSUwQSUzQ3NjcmlwdCUyMGNoYXJzZXQlM0QlMjJ1dGYtOCUyMiUyMHR5cGUlM0QlMjJ0ZXh0JTJGamF2YXNjcmlwdCUyMiUyMHNyYyUzRCUyMiUyRiUyRmpzLmhzZm9ybXMubmV0JTJGZm9ybXMlMkZ2Mi1sZWdhY3kuanMlMjIlM0UlM0MlMkZzY3JpcHQlM0UlMEElM0MlMjElNUJlbmRpZiU1RC0tJTNFJTBBJTNDc2NyaXB0JTIwY2hhcnNldCUzRCUyMnV0Zi04JTIyJTIwdHlwZSUzRCUyMnRleHQlMkZqYXZhc2NyaXB0JTIyJTIwc3JjJTNEJTIyJTJGJTJGanMuaHNmb3Jtcy5uZXQlMkZmb3JtcyUyRnYyLmpzJTIyJTNFJTNDJTJGc2NyaXB0JTNFJTBBJTNDc2NyaXB0JTNFJTBBJTIwJTIwaGJzcHQuZm9ybXMuY3JlYXRlJTI4JTdCJTBBJTA5cmVnaW9uJTNBJTIwJTIybmExJTIyJTJDJTBBJTA5cG9ydGFsSWQlM0ElMjAlMjI5MDI2NDkyJTIyJTJDJTBBJTA5Zm9ybUlkJTNBJTIwJTIyNDQ5OWY1MTYtZDk2OC00Zjk0LTgzMGYtNTBlMzUwZTJkNjUxJTIyJTBBJTdEJTI5JTNCJTBBJTNDJTJGc2NyaXB0JTNF[\/vc_raw_html][\/vc_column_inner][\/vc_row_inner][\/vc_column][\/vc_row]\n","protected":false},"excerpt":{"rendered":"Iscrizione esame ammissione L\u2019accesso alla Laurea Magistrale \u00e8 a numero programmato e prevede il superamento di un esame di ammissione volto a valutare le competenze linguistiche e la preparazione del...","protected":false},"author":3,"featured_media":0,"parent":0,"menu_order":0,"comment_status":"closed","ping_status":"closed","template":"","meta":{"content-type":"","slim_seo":{"title":"Iscrizione esame di ammissione Magistrale - Scuola Superiore per Mediatori Linguistici di Pisa","description":""},"footnotes":""},"class_list":["post-196","page","type-page","status-publish"],"yoast_head":"<!-- This site is optimized with the Yoast SEO plugin v24.9 - https:\/\/yoast.com\/wordpress\/plugins\/seo\/ -->\n<title>Iscrizione esame di ammissione Magistrale - Scuola Superiore per Mediatori Linguistici di Pisa<\/title>\n<meta name=\"description\" content=\"compilare il form sottostante per inviare la propria iscrizione e sostenere\u00a0l&#039;esame di ammissione al Corso di studi Magistrale in Comunicazione Internazionale e Interpretariato di Conferenza Congressuale e Istituzione\" \/>\n<meta name=\"robots\" content=\"index, follow, max-snippet:-1, max-image-preview:large, max-video-preview:-1\" \/>\n<link rel=\"canonical\" href=\"https:\/\/www.mediazionelinguistica.it\/esame-di-ammissione-magistrale\/\" \/>\n<meta property=\"og:locale\" content=\"en_US\" \/>\n<meta property=\"og:type\" content=\"article\" \/>\n<meta property=\"og:title\" content=\"Iscrizione esame di ammissione Magistrale - Scuola Superiore per Mediatori Linguistici di Pisa\" \/>\n<meta property=\"og:description\" content=\"compilare il form sottostante per inviare la propria iscrizione e sostenere\u00a0l&#039;esame di ammissione al Corso di studi Magistrale in Comunicazione Internazionale e Interpretariato di Conferenza Congressuale e Istituzione\" \/>\n<meta property=\"og:url\" content=\"https:\/\/www.mediazionelinguistica.it\/esame-di-ammissione-magistrale\/\" \/>\n<meta property=\"og:site_name\" content=\"Scuola Superiore per Mediatori Linguistici di Pisa\" \/>\n<meta property=\"article:publisher\" content=\"https:\/\/www.facebook.com\/Ssmlpisa\" \/>\n<meta property=\"article:modified_time\" content=\"2024-05-20T08:04:53+00:00\" \/>\n<meta name=\"twitter:card\" content=\"summary_large_image\" \/>\n<meta name=\"twitter:label1\" content=\"Est. reading time\" \/>\n\t<meta name=\"twitter:data1\" content=\"2 minutes\" \/>\n<script type=\"application\/ld+json\" class=\"yoast-schema-graph\">{\"@context\":\"https:\/\/schema.org\",\"@graph\":[{\"@type\":\"WebPage\",\"@id\":\"https:\/\/www.mediazionelinguistica.it\/esame-di-ammissione-magistrale\/\",\"url\":\"https:\/\/www.mediazionelinguistica.it\/esame-di-ammissione-magistrale\/\",\"name\":\"Iscrizione esame di ammissione Magistrale - Scuola Superiore per Mediatori Linguistici di Pisa\",\"isPartOf\":{\"@id\":\"https:\/\/www.mediazionelinguistica.it\/#website\"},\"datePublished\":\"2022-01-16T20:44:19+00:00\",\"dateModified\":\"2024-05-20T08:04:53+00:00\",\"description\":\"compilare il form sottostante per inviare la propria iscrizione e sostenere\u00a0l'esame di ammissione al Corso di studi Magistrale in Comunicazione Internazionale e Interpretariato di Conferenza Congressuale e Istituzione\",\"breadcrumb\":{\"@id\":\"https:\/\/www.mediazionelinguistica.it\/esame-di-ammissione-magistrale\/#breadcrumb\"},\"inLanguage\":\"en-US\",\"potentialAction\":[{\"@type\":\"ReadAction\",\"target\":[\"https:\/\/www.mediazionelinguistica.it\/esame-di-ammissione-magistrale\/\"]}]},{\"@type\":\"BreadcrumbList\",\"@id\":\"https:\/\/www.mediazionelinguistica.it\/esame-di-ammissione-magistrale\/#breadcrumb\",\"itemListElement\":[{\"@type\":\"ListItem\",\"position\":1,\"name\":\"Home\",\"item\":\"https:\/\/www.mediazionelinguistica.it\/en\/\"},{\"@type\":\"ListItem\",\"position\":2,\"name\":\"Iscrizione esame di ammissione Magistrale\"}]},{\"@type\":\"WebSite\",\"@id\":\"https:\/\/www.mediazionelinguistica.it\/#website\",\"url\":\"https:\/\/www.mediazionelinguistica.it\/\",\"name\":\"Scuola Superiore per Mediatori Linguistici di Pisa\",\"description\":\"Corso Laurea triennale e magistrale mediazione linguistica\",\"publisher\":{\"@id\":\"https:\/\/www.mediazionelinguistica.it\/#organization\"},\"potentialAction\":[{\"@type\":\"SearchAction\",\"target\":{\"@type\":\"EntryPoint\",\"urlTemplate\":\"https:\/\/www.mediazionelinguistica.it\/?s={search_term_string}\"},\"query-input\":{\"@type\":\"PropertyValueSpecification\",\"valueRequired\":true,\"valueName\":\"search_term_string\"}}],\"inLanguage\":\"en-US\"},{\"@type\":\"Organization\",\"@id\":\"https:\/\/www.mediazionelinguistica.it\/#organization\",\"name\":\"Scuola Superiore per Mediatori Linguistici di Pisa\",\"url\":\"https:\/\/www.mediazionelinguistica.it\/\",\"logo\":{\"@type\":\"ImageObject\",\"inLanguage\":\"en-US\",\"@id\":\"https:\/\/www.mediazionelinguistica.it\/#\/schema\/logo\/image\/\",\"url\":\"http:\/\/www.mediazionelinguistica.it\/wp-content\/uploads\/2023\/05\/cropped-Logo-SSML-2023_sfondo-trasparente.png\",\"contentUrl\":\"http:\/\/www.mediazionelinguistica.it\/wp-content\/uploads\/2023\/05\/cropped-Logo-SSML-2023_sfondo-trasparente.png\",\"width\":512,\"height\":512,\"caption\":\"Scuola Superiore per Mediatori Linguistici di Pisa\"},\"image\":{\"@id\":\"https:\/\/www.mediazionelinguistica.it\/#\/schema\/logo\/image\/\"},\"sameAs\":[\"https:\/\/www.facebook.com\/Ssmlpisa\",\"https:\/\/www.instagram.com\/ssmlpisa\/\",\"https:\/\/www.tiktok.com\/@ssml_pisa\"]}]}<\/script>\n<!-- \/ Yoast SEO plugin. -->","yoast_head_json":{"title":"Iscrizione esame di ammissione Magistrale - Scuola Superiore per Mediatori Linguistici di Pisa","description":"compilare il form sottostante per inviare la propria iscrizione e sostenere\u00a0l'esame di ammissione al Corso di studi Magistrale in Comunicazione Internazionale e Interpretariato di Conferenza Congressuale e Istituzione","robots":{"index":"index","follow":"follow","max-snippet":"max-snippet:-1","max-image-preview":"max-image-preview:large","max-video-preview":"max-video-preview:-1"},"canonical":"https:\/\/www.mediazionelinguistica.it\/esame-di-ammissione-magistrale\/","og_locale":"en_US","og_type":"article","og_title":"Iscrizione esame di ammissione Magistrale - Scuola Superiore per Mediatori Linguistici di Pisa","og_description":"compilare il form sottostante per inviare la propria iscrizione e sostenere\u00a0l'esame di ammissione al Corso di studi Magistrale in Comunicazione Internazionale e Interpretariato di Conferenza Congressuale e Istituzione","og_url":"https:\/\/www.mediazionelinguistica.it\/esame-di-ammissione-magistrale\/","og_site_name":"Scuola Superiore per Mediatori Linguistici di Pisa","article_publisher":"https:\/\/www.facebook.com\/Ssmlpisa","article_modified_time":"2024-05-20T08:04:53+00:00","twitter_card":"summary_large_image","twitter_misc":{"Est. reading time":"2 minutes"},"schema":{"@context":"https:\/\/schema.org","@graph":[{"@type":"WebPage","@id":"https:\/\/www.mediazionelinguistica.it\/esame-di-ammissione-magistrale\/","url":"https:\/\/www.mediazionelinguistica.it\/esame-di-ammissione-magistrale\/","name":"Iscrizione esame di ammissione Magistrale - Scuola Superiore per Mediatori Linguistici di Pisa","isPartOf":{"@id":"https:\/\/www.mediazionelinguistica.it\/#website"},"datePublished":"2022-01-16T20:44:19+00:00","dateModified":"2024-05-20T08:04:53+00:00","description":"compilare il form sottostante per inviare la propria iscrizione e sostenere\u00a0l'esame di ammissione al Corso di studi Magistrale in Comunicazione Internazionale e Interpretariato di Conferenza Congressuale e Istituzione","breadcrumb":{"@id":"https:\/\/www.mediazionelinguistica.it\/esame-di-ammissione-magistrale\/#breadcrumb"},"inLanguage":"en-US","potentialAction":[{"@type":"ReadAction","target":["https:\/\/www.mediazionelinguistica.it\/esame-di-ammissione-magistrale\/"]}]},{"@type":"BreadcrumbList","@id":"https:\/\/www.mediazionelinguistica.it\/esame-di-ammissione-magistrale\/#breadcrumb","itemListElement":[{"@type":"ListItem","position":1,"name":"Home","item":"https:\/\/www.mediazionelinguistica.it\/en\/"},{"@type":"ListItem","position":2,"name":"Iscrizione esame di ammissione Magistrale"}]},{"@type":"WebSite","@id":"https:\/\/www.mediazionelinguistica.it\/#website","url":"https:\/\/www.mediazionelinguistica.it\/","name":"Scuola Superiore per Mediatori Linguistici di Pisa","description":"Corso Laurea triennale e magistrale mediazione linguistica","publisher":{"@id":"https:\/\/www.mediazionelinguistica.it\/#organization"},"potentialAction":[{"@type":"SearchAction","target":{"@type":"EntryPoint","urlTemplate":"https:\/\/www.mediazionelinguistica.it\/?s={search_term_string}"},"query-input":{"@type":"PropertyValueSpecification","valueRequired":true,"valueName":"search_term_string"}}],"inLanguage":"en-US"},{"@type":"Organization","@id":"https:\/\/www.mediazionelinguistica.it\/#organization","name":"Scuola Superiore per Mediatori Linguistici di Pisa","url":"https:\/\/www.mediazionelinguistica.it\/","logo":{"@type":"ImageObject","inLanguage":"en-US","@id":"https:\/\/www.mediazionelinguistica.it\/#\/schema\/logo\/image\/","url":"http:\/\/www.mediazionelinguistica.it\/wp-content\/uploads\/2023\/05\/cropped-Logo-SSML-2023_sfondo-trasparente.png","contentUrl":"http:\/\/www.mediazionelinguistica.it\/wp-content\/uploads\/2023\/05\/cropped-Logo-SSML-2023_sfondo-trasparente.png","width":512,"height":512,"caption":"Scuola Superiore per Mediatori Linguistici di Pisa"},"image":{"@id":"https:\/\/www.mediazionelinguistica.it\/#\/schema\/logo\/image\/"},"sameAs":["https:\/\/www.facebook.com\/Ssmlpisa","https:\/\/www.instagram.com\/ssmlpisa\/","https:\/\/www.tiktok.com\/@ssml_pisa"]}]}},"_links":{"self":[{"href":"https:\/\/www.mediazionelinguistica.it\/en\/wp-json\/wp\/v2\/pages\/196","targetHints":{"allow":["GET"]}}],"collection":[{"href":"https:\/\/www.mediazionelinguistica.it\/en\/wp-json\/wp\/v2\/pages"}],"about":[{"href":"https:\/\/www.mediazionelinguistica.it\/en\/wp-json\/wp\/v2\/types\/page"}],"author":[{"embeddable":true,"href":"https:\/\/www.mediazionelinguistica.it\/en\/wp-json\/wp\/v2\/users\/3"}],"replies":[{"embeddable":true,"href":"https:\/\/www.mediazionelinguistica.it\/en\/wp-json\/wp\/v2\/comments?post=196"}],"version-history":[{"count":0,"href":"https:\/\/www.mediazionelinguistica.it\/en\/wp-json\/wp\/v2\/pages\/196\/revisions"}],"wp:attachment":[{"href":"https:\/\/www.mediazionelinguistica.it\/en\/wp-json\/wp\/v2\/media?parent=196"}],"curies":[{"name":"wp","href":"https:\/\/api.w.org\/{rel}","templated":true}]}}